{"id":403,"date":"2022-12-23T00:48:24","date_gmt":"2022-12-22T21:48:24","guid":{"rendered":"https:\/\/hastanemimari.com\/?page_id=403"},"modified":"2022-12-23T00:53:39","modified_gmt":"2022-12-22T21:53:39","slug":"gunubirlik-cerrahi-islem-birimi","status":"publish","type":"page","link":"https:\/\/hastanemimari.com\/index.php\/planlama\/fonksiyonel-planlama-birimleri\/gunubirlik-cerrahi-islem-birimi\/","title":{"rendered":"G\u00fcn\u00fcbirlik Cerrahi\/\u0130\u015flem Birimi"},"content":{"rendered":"\n<p><strong>1.Giri\u015f<br><\/strong>A\u00e7\u0131klama<br>G\u00fcn\u00fcbirlik Cerrahi\/\u0130\u015flem Birimi, operatif veya endoskopik i\u015flemlerin yap\u0131ld\u0131\u011f\u0131 ve ayn\u0131 tarihte yat\u0131\u015f, i\u015flem ve taburculu\u011fun yap\u0131ld\u0131\u011f\u0131 yerdir. Birim, g\u00fcnl\u00fck hastalar\u0131n ameliyat sonras\u0131 hemen iyile\u015fmesi i\u00e7in anestezi ve bar\u0131nma sa\u011flamak \u00fczere bir veya daha fazla ameliyathaneye eri\u015febilecek veya i\u00e7erecektir.<br>G\u00fcn\u00fcbirlik Cerrahi\/Prosed\u00fcrler Biriminde ger\u00e7ekle\u015ftirilebilecek prosed\u00fcrler \u015funlar\u0131 i\u00e7erebilir:<\/p>\n\n\n\n<ul class=\"wp-block-list\">\n<li>Cerrahi prosed\u00fcrler, \u00f6zellikle KBB, Di\u015f, Plastik Cerrahi, Oftalmoloji<\/li>\n\n\n\n<li>Endoskopi &#8211; gastrointestinal, solunum, \u00fcroloji;<\/li>\n\n\n\n<li>Ak\u0131l sa\u011fl\u0131\u011f\u0131 yatan hastalar i\u00e7in Elektrokonv\u00fclsif Terapi (ECT)<\/li>\n\n\n\n<li>\u0130ntraven\u00f6z inf\u00fczyonlar ve k\u00fc\u00e7\u00fck tedaviler dahil G\u00fcnl\u00fck T\u0131bbi Prosed\u00fcrler<br><br>Endoskopi h\u00fck\u00fcmlerine ili\u015fkin \u00f6zel ayr\u0131nt\u0131lar i\u00e7in, bu K\u0131lavuz \u0130lkelerdeki Endoskopi \u00dcnitesine bak\u0131n.<\/li>\n<\/ul>\n","protected":false},"excerpt":{"rendered":"<p>1.Giri\u015fA\u00e7\u0131klamaG\u00fcn\u00fcbirlik Cerrahi\/\u0130\u015flem Birimi, operatif veya endoskopik i\u015flemlerin yap\u0131ld\u0131\u011f\u0131 ve ayn\u0131 tarihte yat\u0131\u015f, i\u015flem ve taburculu\u011fun yap\u0131ld\u0131\u011f\u0131 yerdir. Birim, g\u00fcnl\u00fck hastalar\u0131n ameliyat sonras\u0131 hemen iyile\u015fmesi i\u00e7in anestezi ve bar\u0131nma sa\u011flamak \u00fczere bir veya daha fazla ameliyathaneye eri\u015febilecek veya i\u00e7erecektir.G\u00fcn\u00fcbirlik Cerrahi\/Prosed\u00fcrler Biriminde ger\u00e7ekle\u015ftirilebilecek prosed\u00fcrler \u015funlar\u0131 i\u00e7erebilir:<\/p>\n","protected":false},"author":1,"featured_media":0,"parent":177,"menu_order":14,"comment_status":"closed","ping_status":"closed","template":"","meta":{"footnotes":""},"class_list":["post-403","page","type-page","status-publish"],"yoast_head":"<!-- This site is optimized with the Yoast SEO plugin v19.10 - https:\/\/yoast.com\/wordpress\/plugins\/seo\/ -->\n<title>G\u00fcn\u00fcbirlik Cerrahi\/\u0130\u015flem Birimi - Hastane Mimar\u0131<\/title>\n<meta name=\"description\" content=\"G\u00fcn\u00fcbirlik Cerrahi-\u0130\u015flem Birimi, Hastane Mimarisi, G\u00fcn\u00fcbirlik Cerrahi-\u0130\u015flem Birimi Fonksiyonel Planlama \u015eemas\u0131\" \/>\n<meta name=\"robots\" content=\"index, follow, max-snippet:-1, max-image-preview:large, max-video-preview:-1\" \/>\n<link rel=\"canonical\" href=\"https:\/\/hastanemimari.com\/index.php\/planlama\/fonksiyonel-planlama-birimleri\/gunubirlik-cerrahi-islem-birimi\/\" \/>\n<meta property=\"og:locale\" content=\"tr_TR\" \/>\n<meta property=\"og:type\" content=\"article\" \/>\n<meta property=\"og:title\" content=\"G\u00fcn\u00fcbirlik Cerrahi\/\u0130\u015flem Birimi - Hastane Mimar\u0131\" \/>\n<meta property=\"og:description\" content=\"G\u00fcn\u00fcbirlik Cerrahi-\u0130\u015flem Birimi, Hastane Mimarisi, G\u00fcn\u00fcbirlik Cerrahi-\u0130\u015flem Birimi Fonksiyonel Planlama \u015eemas\u0131\" \/>\n<meta property=\"og:url\" content=\"https:\/\/hastanemimari.com\/index.php\/planlama\/fonksiyonel-planlama-birimleri\/gunubirlik-cerrahi-islem-birimi\/\" \/>\n<meta property=\"og:site_name\" content=\"Hastane Mimar\u0131\" \/>\n<meta property=\"article:publisher\" content=\"https:\/\/www.facebook.com\/sogomimarlik\" \/>\n<meta property=\"article:modified_time\" content=\"2022-12-22T21:53:39+00:00\" \/>\n<meta name=\"twitter:card\" content=\"summary_large_image\" \/>\n<meta name=\"twitter:label1\" content=\"Tahmini okuma s\u00fcresi\" \/>\n\t<meta name=\"twitter:data1\" content=\"1 dakika\" \/>\n<script type=\"application\/ld+json\" class=\"yoast-schema-graph\">{\"@context\":\"https:\/\/schema.org\",\"@graph\":[{\"@type\":\"WebPage\",\"@id\":\"https:\/\/hastanemimari.com\/index.php\/planlama\/fonksiyonel-planlama-birimleri\/gunubirlik-cerrahi-islem-birimi\/\",\"url\":\"https:\/\/hastanemimari.com\/index.php\/planlama\/fonksiyonel-planlama-birimleri\/gunubirlik-cerrahi-islem-birimi\/\",\"name\":\"G\u00fcn\u00fcbirlik Cerrahi\/\u0130\u015flem Birimi - Hastane Mimar\u0131\",\"isPartOf\":{\"@id\":\"https:\/\/hastanemimari.com\/#website\"},\"datePublished\":\"2022-12-22T21:48:24+00:00\",\"dateModified\":\"2022-12-22T21:53:39+00:00\",\"description\":\"G\u00fcn\u00fcbirlik Cerrahi-\u0130\u015flem Birimi, Hastane Mimarisi, G\u00fcn\u00fcbirlik Cerrahi-\u0130\u015flem Birimi Fonksiyonel Planlama \u015eemas\u0131\",\"breadcrumb\":{\"@id\":\"https:\/\/hastanemimari.com\/index.php\/planlama\/fonksiyonel-planlama-birimleri\/gunubirlik-cerrahi-islem-birimi\/#breadcrumb\"},\"inLanguage\":\"tr\",\"potentialAction\":[{\"@type\":\"ReadAction\",\"target\":[\"https:\/\/hastanemimari.com\/index.php\/planlama\/fonksiyonel-planlama-birimleri\/gunubirlik-cerrahi-islem-birimi\/\"]}]},{\"@type\":\"BreadcrumbList\",\"@id\":\"https:\/\/hastanemimari.com\/index.php\/planlama\/fonksiyonel-planlama-birimleri\/gunubirlik-cerrahi-islem-birimi\/#breadcrumb\",\"itemListElement\":[{\"@type\":\"ListItem\",\"position\":1,\"name\":\"Hastane Mimar\u0131\",\"item\":\"https:\/\/hastanemimari.com\/\"},{\"@type\":\"ListItem\",\"position\":2,\"name\":\"Planlama\",\"item\":\"https:\/\/hastanemimari.com\/index.php\/planlama\/\"},{\"@type\":\"ListItem\",\"position\":3,\"name\":\"Fonksiyonel Planlama Birimleri\",\"item\":\"https:\/\/hastanemimari.com\/index.php\/planlama\/fonksiyonel-planlama-birimleri\/\"},{\"@type\":\"ListItem\",\"position\":4,\"name\":\"G\u00fcn\u00fcbirlik Cerrahi\/\u0130\u015flem Birimi\"}]},{\"@type\":\"WebSite\",\"@id\":\"https:\/\/hastanemimari.com\/#website\",\"url\":\"https:\/\/hastanemimari.com\/\",\"name\":\"Hastane Mimar\u0131\",\"description\":\"Hastane projeleri hakk\u0131nda her\u015fey\",\"publisher\":{\"@id\":\"https:\/\/hastanemimari.com\/#\/schema\/person\/d8e7b0b159e8315eacaf999c545ddf94\"},\"potentialAction\":[{\"@type\":\"SearchAction\",\"target\":{\"@type\":\"EntryPoint\",\"urlTemplate\":\"https:\/\/hastanemimari.com\/?s={search_term_string}\"},\"query-input\":\"required name=search_term_string\"}],\"inLanguage\":\"tr\"},{\"@type\":[\"Person\",\"Organization\"],\"@id\":\"https:\/\/hastanemimari.com\/#\/schema\/person\/d8e7b0b159e8315eacaf999c545ddf94\",\"name\":\"admin\",\"image\":{\"@type\":\"ImageObject\",\"inLanguage\":\"tr\",\"@id\":\"https:\/\/hastanemimari.com\/#\/schema\/person\/image\/\",\"url\":\"https:\/\/hastanemimari.com\/wp-content\/uploads\/2022\/11\/cropped-Beyaz-Zarif-Isim-Bas-Harfli-Logo-1-e1668897993455.png\",\"contentUrl\":\"https:\/\/hastanemimari.com\/wp-content\/uploads\/2022\/11\/cropped-Beyaz-Zarif-Isim-Bas-Harfli-Logo-1-e1668897993455.png\",\"width\":200,\"height\":77,\"caption\":\"admin\"},\"logo\":{\"@id\":\"https:\/\/hastanemimari.com\/#\/schema\/person\/image\/\"},\"sameAs\":[\"https:\/\/hastanemimari.com\",\"https:\/\/www.facebook.com\/sogomimarlik\",\"https:\/\/www.instagram.com\/sogomimarlik\/\",\"https:\/\/www.linkedin.com\/company\/sogo-mimarlik\"]}]}<\/script>\n<!-- \/ Yoast SEO plugin. -->","yoast_head_json":{"title":"G\u00fcn\u00fcbirlik Cerrahi\/\u0130\u015flem Birimi - Hastane Mimar\u0131","description":"G\u00fcn\u00fcbirlik Cerrahi-\u0130\u015flem Birimi, Hastane Mimarisi, G\u00fcn\u00fcbirlik Cerrahi-\u0130\u015flem Birimi Fonksiyonel Planlama \u015eemas\u0131","robots":{"index":"index","follow":"follow","max-snippet":"max-snippet:-1","max-image-preview":"max-image-preview:large","max-video-preview":"max-video-preview:-1"},"canonical":"https:\/\/hastanemimari.com\/index.php\/planlama\/fonksiyonel-planlama-birimleri\/gunubirlik-cerrahi-islem-birimi\/","og_locale":"tr_TR","og_type":"article","og_title":"G\u00fcn\u00fcbirlik Cerrahi\/\u0130\u015flem Birimi - Hastane Mimar\u0131","og_description":"G\u00fcn\u00fcbirlik Cerrahi-\u0130\u015flem Birimi, Hastane Mimarisi, G\u00fcn\u00fcbirlik Cerrahi-\u0130\u015flem Birimi Fonksiyonel Planlama \u015eemas\u0131","og_url":"https:\/\/hastanemimari.com\/index.php\/planlama\/fonksiyonel-planlama-birimleri\/gunubirlik-cerrahi-islem-birimi\/","og_site_name":"Hastane Mimar\u0131","article_publisher":"https:\/\/www.facebook.com\/sogomimarlik","article_modified_time":"2022-12-22T21:53:39+00:00","twitter_card":"summary_large_image","twitter_misc":{"Tahmini okuma s\u00fcresi":"1 dakika"},"schema":{"@context":"https:\/\/schema.org","@graph":[{"@type":"WebPage","@id":"https:\/\/hastanemimari.com\/index.php\/planlama\/fonksiyonel-planlama-birimleri\/gunubirlik-cerrahi-islem-birimi\/","url":"https:\/\/hastanemimari.com\/index.php\/planlama\/fonksiyonel-planlama-birimleri\/gunubirlik-cerrahi-islem-birimi\/","name":"G\u00fcn\u00fcbirlik Cerrahi\/\u0130\u015flem Birimi - Hastane Mimar\u0131","isPartOf":{"@id":"https:\/\/hastanemimari.com\/#website"},"datePublished":"2022-12-22T21:48:24+00:00","dateModified":"2022-12-22T21:53:39+00:00","description":"G\u00fcn\u00fcbirlik Cerrahi-\u0130\u015flem Birimi, Hastane Mimarisi, G\u00fcn\u00fcbirlik Cerrahi-\u0130\u015flem Birimi Fonksiyonel Planlama \u015eemas\u0131","breadcrumb":{"@id":"https:\/\/hastanemimari.com\/index.php\/planlama\/fonksiyonel-planlama-birimleri\/gunubirlik-cerrahi-islem-birimi\/#breadcrumb"},"inLanguage":"tr","potentialAction":[{"@type":"ReadAction","target":["https:\/\/hastanemimari.com\/index.php\/planlama\/fonksiyonel-planlama-birimleri\/gunubirlik-cerrahi-islem-birimi\/"]}]},{"@type":"BreadcrumbList","@id":"https:\/\/hastanemimari.com\/index.php\/planlama\/fonksiyonel-planlama-birimleri\/gunubirlik-cerrahi-islem-birimi\/#breadcrumb","itemListElement":[{"@type":"ListItem","position":1,"name":"Hastane Mimar\u0131","item":"https:\/\/hastanemimari.com\/"},{"@type":"ListItem","position":2,"name":"Planlama","item":"https:\/\/hastanemimari.com\/index.php\/planlama\/"},{"@type":"ListItem","position":3,"name":"Fonksiyonel Planlama Birimleri","item":"https:\/\/hastanemimari.com\/index.php\/planlama\/fonksiyonel-planlama-birimleri\/"},{"@type":"ListItem","position":4,"name":"G\u00fcn\u00fcbirlik Cerrahi\/\u0130\u015flem Birimi"}]},{"@type":"WebSite","@id":"https:\/\/hastanemimari.com\/#website","url":"https:\/\/hastanemimari.com\/","name":"Hastane Mimar\u0131","description":"Hastane projeleri hakk\u0131nda her\u015fey","publisher":{"@id":"https:\/\/hastanemimari.com\/#\/schema\/person\/d8e7b0b159e8315eacaf999c545ddf94"},"potentialAction":[{"@type":"SearchAction","target":{"@type":"EntryPoint","urlTemplate":"https:\/\/hastanemimari.com\/?s={search_term_string}"},"query-input":"required name=search_term_string"}],"inLanguage":"tr"},{"@type":["Person","Organization"],"@id":"https:\/\/hastanemimari.com\/#\/schema\/person\/d8e7b0b159e8315eacaf999c545ddf94","name":"admin","image":{"@type":"ImageObject","inLanguage":"tr","@id":"https:\/\/hastanemimari.com\/#\/schema\/person\/image\/","url":"https:\/\/hastanemimari.com\/wp-content\/uploads\/2022\/11\/cropped-Beyaz-Zarif-Isim-Bas-Harfli-Logo-1-e1668897993455.png","contentUrl":"https:\/\/hastanemimari.com\/wp-content\/uploads\/2022\/11\/cropped-Beyaz-Zarif-Isim-Bas-Harfli-Logo-1-e1668897993455.png","width":200,"height":77,"caption":"admin"},"logo":{"@id":"https:\/\/hastanemimari.com\/#\/schema\/person\/image\/"},"sameAs":["https:\/\/hastanemimari.com","https:\/\/www.facebook.com\/sogomimarlik","https:\/\/www.instagram.com\/sogomimarlik\/","https:\/\/www.linkedin.com\/company\/sogo-mimarlik"]}]}},"_links":{"self":[{"href":"https:\/\/hastanemimari.com\/index.php\/wp-json\/wp\/v2\/pages\/403","targetHints":{"allow":["GET"]}}],"collection":[{"href":"https:\/\/hastanemimari.com\/index.php\/wp-json\/wp\/v2\/pages"}],"about":[{"href":"https:\/\/hastanemimari.com\/index.php\/wp-json\/wp\/v2\/types\/page"}],"author":[{"embeddable":true,"href":"https:\/\/hastanemimari.com\/index.php\/wp-json\/wp\/v2\/users\/1"}],"replies":[{"embeddable":true,"href":"https:\/\/hastanemimari.com\/index.php\/wp-json\/wp\/v2\/comments?post=403"}],"version-history":[{"count":2,"href":"https:\/\/hastanemimari.com\/index.php\/wp-json\/wp\/v2\/pages\/403\/revisions"}],"predecessor-version":[{"id":406,"href":"https:\/\/hastanemimari.com\/index.php\/wp-json\/wp\/v2\/pages\/403\/revisions\/406"}],"up":[{"embeddable":true,"href":"https:\/\/hastanemimari.com\/index.php\/wp-json\/wp\/v2\/pages\/177"}],"wp:attachment":[{"href":"https:\/\/hastanemimari.com\/index.php\/wp-json\/wp\/v2\/media?parent=403"}],"curies":[{"name":"wp","href":"https:\/\/api.w.org\/{rel}","templated":true}]}}