{"id":382,"date":"2022-12-05T22:32:34","date_gmt":"2022-12-05T19:32:34","guid":{"rendered":"https:\/\/hastanemimari.com\/?page_id=382"},"modified":"2022-12-05T22:33:59","modified_gmt":"2022-12-05T19:33:59","slug":"laboratuvar-unitesi","status":"publish","type":"page","link":"https:\/\/hastanemimari.com\/index.php\/planlama\/fonksiyonel-planlama-birimleri\/laboratuvar-unitesi\/","title":{"rendered":"Laboratuvar \u00dcnitesi"},"content":{"rendered":"\n<p>1.Giri\u015f<\/p>\n\n\n\n<p>Tan\u0131m<br>Laboratuvar Birimi, hasta \u00f6rneklerinin al\u0131nmas\u0131, test edilmesi ve raporlar\u0131n verilmesi dahil olmak \u00fczere v\u00fccut dokular\u0131n\u0131n ve s\u0131v\u0131lar\u0131n\u0131n incelenmesi i\u00e7in tesisler ve ekipman sa\u011flar.<br>Laboratuvar Birimi, a\u015fa\u011f\u0131dakileri i\u00e7eren (ancak bunlarla s\u0131n\u0131rl\u0131 olmayan) uzman disiplinlere ayr\u0131labilir:<br><\/p>\n\n\n\n<ul class=\"wp-block-list\">\n<li>Genel Patoloji &#8211; tek \u00dcnitede anatomik ve klinik patoloji uzmanl\u0131klar\u0131n\u0131n bir kar\u0131\u015f\u0131m\u0131n\u0131 i\u00e7erir<\/li>\n\n\n\n<li>Anatomik Patoloji &#8211; organlar\u0131n, dokular\u0131n ve t\u00fcm v\u00fccutlar\u0131n mikroskobik, kimyasal, imm\u00fcnolojik ve molek\u00fcler incelemesine dayal\u0131 olarak hastal\u0131\u011f\u0131n te\u015fhisini i\u00e7erir<br>(otopsi); Anatomik patolojinin kendisi, Cerrahi Patoloji, Sitopatoloji ve Adli Patoloji dahil olmak \u00fczere alt uzmanl\u0131k dallar\u0131na b\u00f6l\u00fcnm\u00fc\u015ft\u00fcr.<\/li>\n\n\n\n<li>Klinik\/Kimyasal Patoloji, Kimya, Mikrobiyoloji, Hematoloji ve Molek\u00fcler Patoloji ara\u00e7lar\u0131 kullan\u0131larak kan ve v\u00fccut s\u0131v\u0131lar\u0131n\u0131n ve\/veya dokular\u0131n\u0131n laboratuvar analizi yoluyla hastal\u0131k te\u015fhisini i\u00e7erir.<\/li>\n\n\n\n<li>Hematoloji, kan\u0131 etkileyen hastal\u0131klar ve kan nakli hizmetlerinin y\u00f6netimi ile ilgilidir.<\/li>\n\n\n\n<li>Mikrobiyoloji, bakteri, vir\u00fcs, mantar ve parazit gibi organizmalar\u0131n neden oldu\u011fu hastal\u0131klarla ilgilenir; klinik y\u00f6nler, bula\u015f\u0131c\u0131 hastal\u0131klar\u0131n ve antibiyoti\u011fe diren\u00e7li bakterilerin neden oldu\u011fu enfeksiyonlar\u0131n kontrol\u00fcn\u00fc i\u00e7erir<\/li>\n\n\n\n<li>Genetik\/Klinik Sitogenetik &#8211; h\u00fccrenin yap\u0131s\u0131n\u0131 ve i\u015flevini, \u00f6zellikle de kromozomal anormalliklerin mikroskobik analizini incelemekle ilgili bir genetik dal\u0131; molek\u00fcler genetik, genetik mutasyonlar\u0131 analiz etmek i\u00e7in DNA teknolojisini kullan\u0131r<\/li>\n\n\n\n<li>\u0130mm\u00fcnoloji &#8211; ba\u011f\u0131\u015f\u0131kl\u0131k sisteminin fizyolojik i\u015fleyi\u015fi ve otoimm\u00fcn hastal\u0131klar, a\u015f\u0131r\u0131 duyarl\u0131l\u0131klar, ba\u011f\u0131\u015f\u0131kl\u0131k yetersizli\u011fi ve nakil reddi gibi ba\u011f\u0131\u015f\u0131kl\u0131k sisteminin i\u015flev bozukluklar\u0131 ile ilgilenen geni\u015f bir disiplin<\/li>\n<\/ul>\n\n\n\n<p><\/p>\n\n\n<div class=\"wp-block-image\">\n<figure class=\"aligncenter size-full\"><img loading=\"lazy\" decoding=\"async\" width=\"636\" height=\"551\" src=\"https:\/\/hastanemimari.com\/wp-content\/uploads\/2022\/12\/Laboratuvar_Unitesi.png\" alt=\"\" class=\"wp-image-384\" srcset=\"https:\/\/hastanemimari.com\/wp-content\/uploads\/2022\/12\/Laboratuvar_Unitesi.png 636w, https:\/\/hastanemimari.com\/wp-content\/uploads\/2022\/12\/Laboratuvar_Unitesi-300x260.png 300w\" sizes=\"auto, (max-width: 636px) 100vw, 636px\" \/><figcaption class=\"wp-element-caption\">Laboratuvar \u00dcnitesi &#8211; Fonksiyonel Planlama \u015eemas\u0131<\/figcaption><\/figure>\n<\/div>","protected":false},"excerpt":{"rendered":"<p>1.Giri\u015f Tan\u0131mLaboratuvar Birimi, hasta \u00f6rneklerinin al\u0131nmas\u0131, test edilmesi ve raporlar\u0131n verilmesi dahil olmak \u00fczere v\u00fccut dokular\u0131n\u0131n ve s\u0131v\u0131lar\u0131n\u0131n incelenmesi i\u00e7in tesisler ve ekipman sa\u011flar.Laboratuvar Birimi, a\u015fa\u011f\u0131dakileri i\u00e7eren (ancak bunlarla s\u0131n\u0131rl\u0131 olmayan) uzman disiplinlere ayr\u0131labilir:<\/p>\n","protected":false},"author":1,"featured_media":0,"parent":177,"menu_order":11,"comment_status":"closed","ping_status":"closed","template":"","meta":{"footnotes":""},"class_list":["post-382","page","type-page","status-publish"],"yoast_head":"<!-- This site is optimized with the Yoast SEO plugin v19.10 - https:\/\/yoast.com\/wordpress\/plugins\/seo\/ -->\n<title>Laboratuvar \u00dcnitesi - Hastane Mimar\u0131<\/title>\n<meta name=\"description\" content=\"Laboratuvar \u00dcnitesi\" \/>\n<meta name=\"robots\" content=\"index, follow, max-snippet:-1, max-image-preview:large, max-video-preview:-1\" \/>\n<link rel=\"canonical\" href=\"https:\/\/hastanemimari.com\/index.php\/planlama\/fonksiyonel-planlama-birimleri\/laboratuvar-unitesi\/\" \/>\n<meta property=\"og:locale\" content=\"tr_TR\" \/>\n<meta property=\"og:type\" content=\"article\" \/>\n<meta property=\"og:title\" content=\"Laboratuvar \u00dcnitesi - Hastane Mimar\u0131\" \/>\n<meta property=\"og:description\" content=\"Laboratuvar \u00dcnitesi\" \/>\n<meta property=\"og:url\" content=\"https:\/\/hastanemimari.com\/index.php\/planlama\/fonksiyonel-planlama-birimleri\/laboratuvar-unitesi\/\" \/>\n<meta property=\"og:site_name\" content=\"Hastane Mimar\u0131\" \/>\n<meta property=\"article:publisher\" content=\"https:\/\/www.facebook.com\/sogomimarlik\" \/>\n<meta property=\"article:modified_time\" content=\"2022-12-05T19:33:59+00:00\" \/>\n<meta property=\"og:image\" content=\"https:\/\/hastanemimari.com\/wp-content\/uploads\/2022\/12\/Laboratuvar_Unitesi.png\" \/>\n<meta name=\"twitter:card\" content=\"summary_large_image\" \/>\n<meta name=\"twitter:label1\" content=\"Tahmini okuma s\u00fcresi\" \/>\n\t<meta name=\"twitter:data1\" content=\"2 dakika\" \/>\n<script type=\"application\/ld+json\" class=\"yoast-schema-graph\">{\"@context\":\"https:\/\/schema.org\",\"@graph\":[{\"@type\":\"WebPage\",\"@id\":\"https:\/\/hastanemimari.com\/index.php\/planlama\/fonksiyonel-planlama-birimleri\/laboratuvar-unitesi\/\",\"url\":\"https:\/\/hastanemimari.com\/index.php\/planlama\/fonksiyonel-planlama-birimleri\/laboratuvar-unitesi\/\",\"name\":\"Laboratuvar \u00dcnitesi - Hastane Mimar\u0131\",\"isPartOf\":{\"@id\":\"https:\/\/hastanemimari.com\/#website\"},\"datePublished\":\"2022-12-05T19:32:34+00:00\",\"dateModified\":\"2022-12-05T19:33:59+00:00\",\"description\":\"Laboratuvar \u00dcnitesi\",\"breadcrumb\":{\"@id\":\"https:\/\/hastanemimari.com\/index.php\/planlama\/fonksiyonel-planlama-birimleri\/laboratuvar-unitesi\/#breadcrumb\"},\"inLanguage\":\"tr\",\"potentialAction\":[{\"@type\":\"ReadAction\",\"target\":[\"https:\/\/hastanemimari.com\/index.php\/planlama\/fonksiyonel-planlama-birimleri\/laboratuvar-unitesi\/\"]}]},{\"@type\":\"BreadcrumbList\",\"@id\":\"https:\/\/hastanemimari.com\/index.php\/planlama\/fonksiyonel-planlama-birimleri\/laboratuvar-unitesi\/#breadcrumb\",\"itemListElement\":[{\"@type\":\"ListItem\",\"position\":1,\"name\":\"Hastane Mimar\u0131\",\"item\":\"https:\/\/hastanemimari.com\/\"},{\"@type\":\"ListItem\",\"position\":2,\"name\":\"Planlama\",\"item\":\"https:\/\/hastanemimari.com\/index.php\/planlama\/\"},{\"@type\":\"ListItem\",\"position\":3,\"name\":\"Fonksiyonel Planlama Birimleri\",\"item\":\"https:\/\/hastanemimari.com\/index.php\/planlama\/fonksiyonel-planlama-birimleri\/\"},{\"@type\":\"ListItem\",\"position\":4,\"name\":\"Laboratuvar \u00dcnitesi\"}]},{\"@type\":\"WebSite\",\"@id\":\"https:\/\/hastanemimari.com\/#website\",\"url\":\"https:\/\/hastanemimari.com\/\",\"name\":\"Hastane Mimar\u0131\",\"description\":\"Hastane projeleri hakk\u0131nda her\u015fey\",\"publisher\":{\"@id\":\"https:\/\/hastanemimari.com\/#\/schema\/person\/d8e7b0b159e8315eacaf999c545ddf94\"},\"potentialAction\":[{\"@type\":\"SearchAction\",\"target\":{\"@type\":\"EntryPoint\",\"urlTemplate\":\"https:\/\/hastanemimari.com\/?s={search_term_string}\"},\"query-input\":\"required name=search_term_string\"}],\"inLanguage\":\"tr\"},{\"@type\":[\"Person\",\"Organization\"],\"@id\":\"https:\/\/hastanemimari.com\/#\/schema\/person\/d8e7b0b159e8315eacaf999c545ddf94\",\"name\":\"admin\",\"image\":{\"@type\":\"ImageObject\",\"inLanguage\":\"tr\",\"@id\":\"https:\/\/hastanemimari.com\/#\/schema\/person\/image\/\",\"url\":\"https:\/\/hastanemimari.com\/wp-content\/uploads\/2022\/11\/cropped-Beyaz-Zarif-Isim-Bas-Harfli-Logo-1-e1668897993455.png\",\"contentUrl\":\"https:\/\/hastanemimari.com\/wp-content\/uploads\/2022\/11\/cropped-Beyaz-Zarif-Isim-Bas-Harfli-Logo-1-e1668897993455.png\",\"width\":200,\"height\":77,\"caption\":\"admin\"},\"logo\":{\"@id\":\"https:\/\/hastanemimari.com\/#\/schema\/person\/image\/\"},\"sameAs\":[\"https:\/\/hastanemimari.com\",\"https:\/\/www.facebook.com\/sogomimarlik\",\"https:\/\/www.instagram.com\/sogomimarlik\/\",\"https:\/\/www.linkedin.com\/company\/sogo-mimarlik\"]}]}<\/script>\n<!-- \/ Yoast SEO plugin. -->","yoast_head_json":{"title":"Laboratuvar \u00dcnitesi - Hastane Mimar\u0131","description":"Laboratuvar \u00dcnitesi","robots":{"index":"index","follow":"follow","max-snippet":"max-snippet:-1","max-image-preview":"max-image-preview:large","max-video-preview":"max-video-preview:-1"},"canonical":"https:\/\/hastanemimari.com\/index.php\/planlama\/fonksiyonel-planlama-birimleri\/laboratuvar-unitesi\/","og_locale":"tr_TR","og_type":"article","og_title":"Laboratuvar \u00dcnitesi - Hastane Mimar\u0131","og_description":"Laboratuvar \u00dcnitesi","og_url":"https:\/\/hastanemimari.com\/index.php\/planlama\/fonksiyonel-planlama-birimleri\/laboratuvar-unitesi\/","og_site_name":"Hastane Mimar\u0131","article_publisher":"https:\/\/www.facebook.com\/sogomimarlik","article_modified_time":"2022-12-05T19:33:59+00:00","og_image":[{"url":"https:\/\/hastanemimari.com\/wp-content\/uploads\/2022\/12\/Laboratuvar_Unitesi.png"}],"twitter_card":"summary_large_image","twitter_misc":{"Tahmini okuma s\u00fcresi":"2 dakika"},"schema":{"@context":"https:\/\/schema.org","@graph":[{"@type":"WebPage","@id":"https:\/\/hastanemimari.com\/index.php\/planlama\/fonksiyonel-planlama-birimleri\/laboratuvar-unitesi\/","url":"https:\/\/hastanemimari.com\/index.php\/planlama\/fonksiyonel-planlama-birimleri\/laboratuvar-unitesi\/","name":"Laboratuvar \u00dcnitesi - Hastane Mimar\u0131","isPartOf":{"@id":"https:\/\/hastanemimari.com\/#website"},"datePublished":"2022-12-05T19:32:34+00:00","dateModified":"2022-12-05T19:33:59+00:00","description":"Laboratuvar \u00dcnitesi","breadcrumb":{"@id":"https:\/\/hastanemimari.com\/index.php\/planlama\/fonksiyonel-planlama-birimleri\/laboratuvar-unitesi\/#breadcrumb"},"inLanguage":"tr","potentialAction":[{"@type":"ReadAction","target":["https:\/\/hastanemimari.com\/index.php\/planlama\/fonksiyonel-planlama-birimleri\/laboratuvar-unitesi\/"]}]},{"@type":"BreadcrumbList","@id":"https:\/\/hastanemimari.com\/index.php\/planlama\/fonksiyonel-planlama-birimleri\/laboratuvar-unitesi\/#breadcrumb","itemListElement":[{"@type":"ListItem","position":1,"name":"Hastane Mimar\u0131","item":"https:\/\/hastanemimari.com\/"},{"@type":"ListItem","position":2,"name":"Planlama","item":"https:\/\/hastanemimari.com\/index.php\/planlama\/"},{"@type":"ListItem","position":3,"name":"Fonksiyonel Planlama Birimleri","item":"https:\/\/hastanemimari.com\/index.php\/planlama\/fonksiyonel-planlama-birimleri\/"},{"@type":"ListItem","position":4,"name":"Laboratuvar \u00dcnitesi"}]},{"@type":"WebSite","@id":"https:\/\/hastanemimari.com\/#website","url":"https:\/\/hastanemimari.com\/","name":"Hastane Mimar\u0131","description":"Hastane projeleri hakk\u0131nda her\u015fey","publisher":{"@id":"https:\/\/hastanemimari.com\/#\/schema\/person\/d8e7b0b159e8315eacaf999c545ddf94"},"potentialAction":[{"@type":"SearchAction","target":{"@type":"EntryPoint","urlTemplate":"https:\/\/hastanemimari.com\/?s={search_term_string}"},"query-input":"required name=search_term_string"}],"inLanguage":"tr"},{"@type":["Person","Organization"],"@id":"https:\/\/hastanemimari.com\/#\/schema\/person\/d8e7b0b159e8315eacaf999c545ddf94","name":"admin","image":{"@type":"ImageObject","inLanguage":"tr","@id":"https:\/\/hastanemimari.com\/#\/schema\/person\/image\/","url":"https:\/\/hastanemimari.com\/wp-content\/uploads\/2022\/11\/cropped-Beyaz-Zarif-Isim-Bas-Harfli-Logo-1-e1668897993455.png","contentUrl":"https:\/\/hastanemimari.com\/wp-content\/uploads\/2022\/11\/cropped-Beyaz-Zarif-Isim-Bas-Harfli-Logo-1-e1668897993455.png","width":200,"height":77,"caption":"admin"},"logo":{"@id":"https:\/\/hastanemimari.com\/#\/schema\/person\/image\/"},"sameAs":["https:\/\/hastanemimari.com","https:\/\/www.facebook.com\/sogomimarlik","https:\/\/www.instagram.com\/sogomimarlik\/","https:\/\/www.linkedin.com\/company\/sogo-mimarlik"]}]}},"_links":{"self":[{"href":"https:\/\/hastanemimari.com\/index.php\/wp-json\/wp\/v2\/pages\/382","targetHints":{"allow":["GET"]}}],"collection":[{"href":"https:\/\/hastanemimari.com\/index.php\/wp-json\/wp\/v2\/pages"}],"about":[{"href":"https:\/\/hastanemimari.com\/index.php\/wp-json\/wp\/v2\/types\/page"}],"author":[{"embeddable":true,"href":"https:\/\/hastanemimari.com\/index.php\/wp-json\/wp\/v2\/users\/1"}],"replies":[{"embeddable":true,"href":"https:\/\/hastanemimari.com\/index.php\/wp-json\/wp\/v2\/comments?post=382"}],"version-history":[{"count":2,"href":"https:\/\/hastanemimari.com\/index.php\/wp-json\/wp\/v2\/pages\/382\/revisions"}],"predecessor-version":[{"id":386,"href":"https:\/\/hastanemimari.com\/index.php\/wp-json\/wp\/v2\/pages\/382\/revisions\/386"}],"up":[{"embeddable":true,"href":"https:\/\/hastanemimari.com\/index.php\/wp-json\/wp\/v2\/pages\/177"}],"wp:attachment":[{"href":"https:\/\/hastanemimari.com\/index.php\/wp-json\/wp\/v2\/media?parent=382"}],"curies":[{"name":"wp","href":"https:\/\/api.w.org\/{rel}","templated":true}]}}