{"id":367,"date":"2022-12-03T11:39:41","date_gmt":"2022-12-03T08:39:41","guid":{"rendered":"https:\/\/hastanemimari.com\/?page_id=367"},"modified":"2022-12-05T11:27:30","modified_gmt":"2022-12-05T08:27:30","slug":"onkoloji-unitesi-medikal-kemoterapi","status":"publish","type":"page","link":"https:\/\/hastanemimari.com\/index.php\/planlama\/fonksiyonel-planlama-birimleri\/onkoloji-unitesi-medikal-kemoterapi\/","title":{"rendered":"Onkoloji \u00dcnitesi &#8211; Medikal (Kemoterapi)"},"content":{"rendered":"\n<p>1.Giri\u015f<br>Tan\u0131m:<br>Kanser tedavisi karma\u015f\u0131kt\u0131r ve genellikle etkili olmas\u0131 i\u00e7in tedavi y\u00f6ntemlerinin bir kombinasyonunu i\u00e7erir. A\u015fa\u011f\u0131daki y\u00f6ntemler, bir bireyin sa\u011fl\u0131k \u00a0y\u00f6netim plan\u0131n\u0131n bir par\u00e7as\u0131 olarak tek ba\u015f\u0131na veya kombinasyon halinde uygulanabilir:<\/p>\n\n\n\n<ul class=\"wp-block-list\">\n<li>Cerrahi m\u00fcdahale<\/li>\n\n\n\n<li>Kemoterapi<\/li>\n\n\n\n<li>Radyoterapi<\/li>\n\n\n\n<li>Hormon Tedavisi<\/li>\n<\/ul>\n\n\n\n<p>Kemoterapi, hastal\u0131klar\u0131n, \u00f6zellikle kanserlerin, spesifik sitotoksik ajanlar veya malign h\u00fccrelere ve dokulara zarar veren ila\u00e7lar kullan\u0131larak tedavisi i\u00e7in uygulan\u0131r. T\u0131bbi Onkoloji (Kemoterapi) \u00dcnitesi, kanser i\u00e7in kemoterapi tedavisi g\u00f6ren hastalar\u0131n klinik tedavisini ve y\u00f6netimini sa\u011flar. \u00dcnitenin i\u015flevi \u015funlar\u0131 i\u00e7erebilir:<\/p>\n\n\n\n<ul class=\"wp-block-list\">\n<li>Kemoterapi Uygulamas\u0131<\/li>\n\n\n\n<li>Kan \u00fcr\u00fcnleri ve\/veya di\u011fer destekleyici tedavilerin uygulanmas\u0131<\/li>\n\n\n\n<li>Kan al\u0131m\u0131<\/li>\n\n\n\n<li>Klinik prosed\u00fcrler ve muayene<\/li>\n\n\n\n<li>Hasta ve aile e\u011fitimi ve deste\u011fi<\/li>\n\n\n\n<li>Klinik ara\u015ft\u0131rma y\u00f6netimi<\/li>\n\n\n\n<li>Bak\u0131m\u0131n koordinasyonu.<\/li>\n<\/ul>\n\n\n\n<p>Kemoterapi \u00e7e\u015fitli yollarla uygulanabilir:<\/p>\n\n\n\n<ul class=\"wp-block-list\">\n<li>\u0130ntraven\u00f6z olarak \u2013 bir damar veya arter yoluyla, \u00f6rne\u011fin PICC hatt\u0131, Merkezi Ven\u00f6z Kateter, Porta-katatlar<\/li>\n\n\n\n<li>Enjeksiyon \u2013 kas i\u00e7i veya deri alt\u0131<\/li>\n\n\n\n<li>\u0130ntratekal \u2013 beyin omurilik s\u0131v\u0131s\u0131 yoluyla merkezi sinir sistemine<\/li>\n\n\n\n<li>\u0130ntraplevral \u2013 g\u00f6\u011f\u00fcs bo\u015flu\u011funa<\/li>\n\n\n\n<li>\u0130ntraperitoneal \u2013 kar\u0131n bo\u015flu\u011funa<\/li>\n\n\n\n<li>\u0130ntravezikal \u2013 mesaneye<\/li>\n\n\n\n<li>\u0130ntra-lezyonel \/ \u0130ntra-t\u00fcm\u00f6ral \u2013 do\u011frudan t\u00fcm\u00f6r\u00fcn i\u00e7ine<\/li>\n\n\n\n<li>Topikal olarak \u2013 krem veya losyon olarak<\/li>\n\n\n\n<li>Oral olarak &#8211; bir kaps\u00fcl olarak.<\/li>\n<\/ul>\n\n\n\n<p>Kemoterapi hizmetiyle ili\u015fkili destek hizmetleri \u015funlar\u0131 i\u00e7erebilir:<\/p>\n\n\n\n<ul class=\"wp-block-list\">\n<li>Fizyoterapi (lenf \u00f6dem y\u00f6netimi dahil)<\/li>\n\n\n\n<li>Ergoterapi<\/li>\n\n\n\n<li>Diyetetik \/ Beslenme hizmetleri<\/li>\n\n\n\n<li>Klinik psikoloji<\/li>\n\n\n\n<li>Sosyal hizmet hizmetleri<\/li>\n\n\n\n<li>Toplum ve sosyal yard\u0131m kanser hizmetleri<\/li>\n\n\n\n<li>Palyatif Bak\u0131m<\/li>\n\n\n\n<li>Tamamlay\u0131c\u0131 terapiler (\u00f6rne\u011fin rahatlama, stres y\u00f6netimi ve masaj)<\/li>\n\n\n\n<li>Peruk ve protez hizmetleri.<\/li>\n<\/ul>\n\n\n\n<p>Bu belge, T\u0131bbi Onkoloji (Kemoterapi) de\u011fil, Kemoterapi terimini kullanacakt\u0131r.<\/p>\n\n\n\n<p>2. Planlama<br>Operasyonel Modeller<\/p>\n\n\n\n<p>Bir hizmet i\u00e7in operasyonel bak\u0131m modelleri, \u00fcnite i\u00e7in fonksiyonel planlama bile\u015fenlerini etkileyecektir. Kanser hizmeti sunumu genellikle multidisipliner bir ekip y\u00f6netimi yakla\u015f\u0131m\u0131 ile desteklenmektedir. Kemoterapi tedavisi, multidisipliner tedavi plan\u0131 dahilinde, bir Onkolog taraf\u0131ndan re\u00e7ete edilir ve hem\u015fireler&nbsp; taraf\u0131ndan uygulan\u0131r. Kan \u00fcr\u00fcnleri ile tedavilerin uygulanmas\u0131 ve \u00f6rneklerin toplanmas\u0131 da hem\u015fireler&nbsp; taraf\u0131ndan koordine edilmektedir. Hasta ve aile e\u011fitimi hem\u015fireler, doktorlar ve yard\u0131mc\u0131 sa\u011fl\u0131k profesyonelleri taraf\u0131ndan \u00fcstlenilebilir.<\/p>\n\n\n\n<p>Bir hastanenin rol tan\u0131m\u0131 ve toplum hizmeti ihtiyac\u0131, verilecek Kemoterapi hizmetlerinin t\u00fcr\u00fcn\u00fc ve aral\u0131\u011f\u0131n\u0131 belirleyecektir. Destek hizmetleri ve sistemleri i\u00e7in planlama da dahil olmak \u00fczere, yerel b\u00f6lgedeki kanser hizmetleri i\u00e7in onaylanm\u0131\u015f bir Klinik Hizmet Plan\u0131, \u00fcnitenin gelecekteki i\u015flevselli\u011fini sa\u011flayarak tasar\u0131m, geli\u015ftirme ve planlamaya yard\u0131mc\u0131 olmak i\u00e7in iyi belgelendirilmelidir.<\/p>\n\n\n\n<p><strong>\u00c7<\/strong><strong>al<\/strong><strong>\u0131\u015f<\/strong><strong>ma Saatleri<\/strong><strong><\/strong><\/p>\n\n\n\n<p>\u00c7al\u0131\u015fma saatleri ve g\u00fcnleri, sa\u011flanan hizmet seviyesine ba\u011fl\u0131 olacakt\u0131r. Birimler haftada 5 ila 7 g\u00fcn, 8 \u2013 12 saatlik \u00e7al\u0131\u015fma g\u00fcnleri ile \u00e7al\u0131\u015f\u0131r.<\/p>\n\n\n\n<p>Ayakta tedavi edilen bir tesiste uygulanan kemoterapi inf\u00fczyonlar\u0131 15 dakika ila 12 saat aras\u0131nda s\u00fcrebilir. Genellikle \u00e7e\u015fitli ila\u00e7lar\u0131n ard\u0131\u015f\u0131k inf\u00fczyonunu i\u00e7eren, 1-4 g\u00fcn s\u00fcrebilen yo\u011fun ve karma\u015f\u0131k kemoterapi inf\u00fczyonlar\u0131, yatan hasta tesisinde k\u0131sa bir s\u00fcre kalmay\u0131 gerektirecektir.<\/p>\n\n\n<div class=\"wp-block-image\">\n<figure class=\"aligncenter size-full\"><img loading=\"lazy\" decoding=\"async\" width=\"745\" height=\"817\" src=\"https:\/\/hastanemimari.com\/wp-content\/uploads\/2022\/12\/Onkoloji_fonksiyonel_planlama_semasi.png\" alt=\"\" class=\"wp-image-371\" srcset=\"https:\/\/hastanemimari.com\/wp-content\/uploads\/2022\/12\/Onkoloji_fonksiyonel_planlama_semasi.png 745w, https:\/\/hastanemimari.com\/wp-content\/uploads\/2022\/12\/Onkoloji_fonksiyonel_planlama_semasi-274x300.png 274w\" sizes=\"auto, (max-width: 745px) 100vw, 745px\" \/><\/figure>\n<\/div>","protected":false},"excerpt":{"rendered":"<p>1.Giri\u015fTan\u0131m:Kanser tedavisi karma\u015f\u0131kt\u0131r ve genellikle etkili olmas\u0131 i\u00e7in tedavi y\u00f6ntemlerinin bir kombinasyonunu i\u00e7erir. A\u015fa\u011f\u0131daki y\u00f6ntemler, bir bireyin sa\u011fl\u0131k \u00a0y\u00f6netim plan\u0131n\u0131n bir par\u00e7as\u0131 olarak tek ba\u015f\u0131na veya kombinasyon halinde uygulanabilir: Kemoterapi, hastal\u0131klar\u0131n, \u00f6zellikle kanserlerin, spesifik sitotoksik ajanlar veya malign h\u00fccrelere ve dokulara zarar veren ila\u00e7lar kullan\u0131larak tedavisi i\u00e7in uygulan\u0131r. T\u0131bbi Onkoloji (Kemoterapi) \u00dcnitesi, kanser i\u00e7in kemoterapi &#8230; <a title=\"Onkoloji \u00dcnitesi &#8211; Medikal (Kemoterapi)\" class=\"read-more\" href=\"https:\/\/hastanemimari.com\/index.php\/planlama\/fonksiyonel-planlama-birimleri\/onkoloji-unitesi-medikal-kemoterapi\/\" aria-label=\"More on Onkoloji \u00dcnitesi &#8211; Medikal (Kemoterapi)\">Devam\u0131n\u0131 oku&#8230;<\/a><\/p>\n","protected":false},"author":1,"featured_media":0,"parent":177,"menu_order":10,"comment_status":"closed","ping_status":"closed","template":"","meta":{"footnotes":""},"class_list":["post-367","page","type-page","status-publish"],"yoast_head":"<!-- This site is optimized with the Yoast SEO plugin v19.10 - https:\/\/yoast.com\/wordpress\/plugins\/seo\/ -->\n<title>Onkoloji \u00dcnitesi - Medikal (Kemoterapi) - Hastane Mimar\u0131<\/title>\n<meta name=\"description\" content=\"Onkoloji \u00dcnitesi Tasar\u0131m\u0131 ve Medikal Kemoterapi Mimari - Fonksiyonel Planlama \u015eemas\u0131 Kanser Hastaneleri Planlamas\u0131\" \/>\n<meta name=\"robots\" content=\"index, follow, max-snippet:-1, max-image-preview:large, max-video-preview:-1\" \/>\n<link rel=\"canonical\" href=\"https:\/\/hastanemimari.com\/index.php\/planlama\/fonksiyonel-planlama-birimleri\/onkoloji-unitesi-medikal-kemoterapi\/\" \/>\n<meta property=\"og:locale\" content=\"tr_TR\" \/>\n<meta property=\"og:type\" content=\"article\" \/>\n<meta property=\"og:title\" content=\"Onkoloji \u00dcnitesi - Medikal (Kemoterapi) - Hastane Mimar\u0131\" \/>\n<meta property=\"og:description\" content=\"Onkoloji \u00dcnitesi Tasar\u0131m\u0131 ve Medikal Kemoterapi Mimari - Fonksiyonel Planlama \u015eemas\u0131 Kanser Hastaneleri Planlamas\u0131\" \/>\n<meta property=\"og:url\" content=\"https:\/\/hastanemimari.com\/index.php\/planlama\/fonksiyonel-planlama-birimleri\/onkoloji-unitesi-medikal-kemoterapi\/\" \/>\n<meta property=\"og:site_name\" content=\"Hastane Mimar\u0131\" \/>\n<meta property=\"article:publisher\" content=\"https:\/\/www.facebook.com\/sogomimarlik\" \/>\n<meta property=\"article:modified_time\" content=\"2022-12-05T08:27:30+00:00\" \/>\n<meta property=\"og:image\" content=\"https:\/\/hastanemimari.com\/wp-content\/uploads\/2022\/12\/Onkoloji_fonksiyonel_planlama_semasi.png\" \/>\n<meta name=\"twitter:card\" content=\"summary_large_image\" \/>\n<meta name=\"twitter:label1\" content=\"Tahmini okuma s\u00fcresi\" \/>\n\t<meta name=\"twitter:data1\" content=\"3 dakika\" \/>\n<script type=\"application\/ld+json\" class=\"yoast-schema-graph\">{\"@context\":\"https:\/\/schema.org\",\"@graph\":[{\"@type\":\"WebPage\",\"@id\":\"https:\/\/hastanemimari.com\/index.php\/planlama\/fonksiyonel-planlama-birimleri\/onkoloji-unitesi-medikal-kemoterapi\/\",\"url\":\"https:\/\/hastanemimari.com\/index.php\/planlama\/fonksiyonel-planlama-birimleri\/onkoloji-unitesi-medikal-kemoterapi\/\",\"name\":\"Onkoloji \u00dcnitesi - Medikal (Kemoterapi) - Hastane Mimar\u0131\",\"isPartOf\":{\"@id\":\"https:\/\/hastanemimari.com\/#website\"},\"datePublished\":\"2022-12-03T08:39:41+00:00\",\"dateModified\":\"2022-12-05T08:27:30+00:00\",\"description\":\"Onkoloji \u00dcnitesi Tasar\u0131m\u0131 ve Medikal Kemoterapi Mimari - Fonksiyonel Planlama \u015eemas\u0131 Kanser Hastaneleri Planlamas\u0131\",\"breadcrumb\":{\"@id\":\"https:\/\/hastanemimari.com\/index.php\/planlama\/fonksiyonel-planlama-birimleri\/onkoloji-unitesi-medikal-kemoterapi\/#breadcrumb\"},\"inLanguage\":\"tr\",\"potentialAction\":[{\"@type\":\"ReadAction\",\"target\":[\"https:\/\/hastanemimari.com\/index.php\/planlama\/fonksiyonel-planlama-birimleri\/onkoloji-unitesi-medikal-kemoterapi\/\"]}]},{\"@type\":\"BreadcrumbList\",\"@id\":\"https:\/\/hastanemimari.com\/index.php\/planlama\/fonksiyonel-planlama-birimleri\/onkoloji-unitesi-medikal-kemoterapi\/#breadcrumb\",\"itemListElement\":[{\"@type\":\"ListItem\",\"position\":1,\"name\":\"Hastane Mimar\u0131\",\"item\":\"https:\/\/hastanemimari.com\/\"},{\"@type\":\"ListItem\",\"position\":2,\"name\":\"Planlama\",\"item\":\"https:\/\/hastanemimari.com\/index.php\/planlama\/\"},{\"@type\":\"ListItem\",\"position\":3,\"name\":\"Fonksiyonel Planlama Birimleri\",\"item\":\"https:\/\/hastanemimari.com\/index.php\/planlama\/fonksiyonel-planlama-birimleri\/\"},{\"@type\":\"ListItem\",\"position\":4,\"name\":\"Onkoloji \u00dcnitesi &#8211; Medikal (Kemoterapi)\"}]},{\"@type\":\"WebSite\",\"@id\":\"https:\/\/hastanemimari.com\/#website\",\"url\":\"https:\/\/hastanemimari.com\/\",\"name\":\"Hastane Mimar\u0131\",\"description\":\"Hastane projeleri hakk\u0131nda her\u015fey\",\"publisher\":{\"@id\":\"https:\/\/hastanemimari.com\/#\/schema\/person\/d8e7b0b159e8315eacaf999c545ddf94\"},\"potentialAction\":[{\"@type\":\"SearchAction\",\"target\":{\"@type\":\"EntryPoint\",\"urlTemplate\":\"https:\/\/hastanemimari.com\/?s={search_term_string}\"},\"query-input\":\"required name=search_term_string\"}],\"inLanguage\":\"tr\"},{\"@type\":[\"Person\",\"Organization\"],\"@id\":\"https:\/\/hastanemimari.com\/#\/schema\/person\/d8e7b0b159e8315eacaf999c545ddf94\",\"name\":\"admin\",\"image\":{\"@type\":\"ImageObject\",\"inLanguage\":\"tr\",\"@id\":\"https:\/\/hastanemimari.com\/#\/schema\/person\/image\/\",\"url\":\"https:\/\/hastanemimari.com\/wp-content\/uploads\/2022\/11\/cropped-Beyaz-Zarif-Isim-Bas-Harfli-Logo-1-e1668897993455.png\",\"contentUrl\":\"https:\/\/hastanemimari.com\/wp-content\/uploads\/2022\/11\/cropped-Beyaz-Zarif-Isim-Bas-Harfli-Logo-1-e1668897993455.png\",\"width\":200,\"height\":77,\"caption\":\"admin\"},\"logo\":{\"@id\":\"https:\/\/hastanemimari.com\/#\/schema\/person\/image\/\"},\"sameAs\":[\"https:\/\/hastanemimari.com\",\"https:\/\/www.facebook.com\/sogomimarlik\",\"https:\/\/www.instagram.com\/sogomimarlik\/\",\"https:\/\/www.linkedin.com\/company\/sogo-mimarlik\"]}]}<\/script>\n<!-- \/ Yoast SEO plugin. -->","yoast_head_json":{"title":"Onkoloji \u00dcnitesi - Medikal (Kemoterapi) - Hastane Mimar\u0131","description":"Onkoloji \u00dcnitesi Tasar\u0131m\u0131 ve Medikal Kemoterapi Mimari - Fonksiyonel Planlama \u015eemas\u0131 Kanser Hastaneleri Planlamas\u0131","robots":{"index":"index","follow":"follow","max-snippet":"max-snippet:-1","max-image-preview":"max-image-preview:large","max-video-preview":"max-video-preview:-1"},"canonical":"https:\/\/hastanemimari.com\/index.php\/planlama\/fonksiyonel-planlama-birimleri\/onkoloji-unitesi-medikal-kemoterapi\/","og_locale":"tr_TR","og_type":"article","og_title":"Onkoloji \u00dcnitesi - Medikal (Kemoterapi) - Hastane Mimar\u0131","og_description":"Onkoloji \u00dcnitesi Tasar\u0131m\u0131 ve Medikal Kemoterapi Mimari - Fonksiyonel Planlama \u015eemas\u0131 Kanser Hastaneleri Planlamas\u0131","og_url":"https:\/\/hastanemimari.com\/index.php\/planlama\/fonksiyonel-planlama-birimleri\/onkoloji-unitesi-medikal-kemoterapi\/","og_site_name":"Hastane Mimar\u0131","article_publisher":"https:\/\/www.facebook.com\/sogomimarlik","article_modified_time":"2022-12-05T08:27:30+00:00","og_image":[{"url":"https:\/\/hastanemimari.com\/wp-content\/uploads\/2022\/12\/Onkoloji_fonksiyonel_planlama_semasi.png"}],"twitter_card":"summary_large_image","twitter_misc":{"Tahmini okuma s\u00fcresi":"3 dakika"},"schema":{"@context":"https:\/\/schema.org","@graph":[{"@type":"WebPage","@id":"https:\/\/hastanemimari.com\/index.php\/planlama\/fonksiyonel-planlama-birimleri\/onkoloji-unitesi-medikal-kemoterapi\/","url":"https:\/\/hastanemimari.com\/index.php\/planlama\/fonksiyonel-planlama-birimleri\/onkoloji-unitesi-medikal-kemoterapi\/","name":"Onkoloji \u00dcnitesi - Medikal (Kemoterapi) - Hastane Mimar\u0131","isPartOf":{"@id":"https:\/\/hastanemimari.com\/#website"},"datePublished":"2022-12-03T08:39:41+00:00","dateModified":"2022-12-05T08:27:30+00:00","description":"Onkoloji \u00dcnitesi Tasar\u0131m\u0131 ve Medikal Kemoterapi Mimari - Fonksiyonel Planlama \u015eemas\u0131 Kanser Hastaneleri Planlamas\u0131","breadcrumb":{"@id":"https:\/\/hastanemimari.com\/index.php\/planlama\/fonksiyonel-planlama-birimleri\/onkoloji-unitesi-medikal-kemoterapi\/#breadcrumb"},"inLanguage":"tr","potentialAction":[{"@type":"ReadAction","target":["https:\/\/hastanemimari.com\/index.php\/planlama\/fonksiyonel-planlama-birimleri\/onkoloji-unitesi-medikal-kemoterapi\/"]}]},{"@type":"BreadcrumbList","@id":"https:\/\/hastanemimari.com\/index.php\/planlama\/fonksiyonel-planlama-birimleri\/onkoloji-unitesi-medikal-kemoterapi\/#breadcrumb","itemListElement":[{"@type":"ListItem","position":1,"name":"Hastane Mimar\u0131","item":"https:\/\/hastanemimari.com\/"},{"@type":"ListItem","position":2,"name":"Planlama","item":"https:\/\/hastanemimari.com\/index.php\/planlama\/"},{"@type":"ListItem","position":3,"name":"Fonksiyonel Planlama Birimleri","item":"https:\/\/hastanemimari.com\/index.php\/planlama\/fonksiyonel-planlama-birimleri\/"},{"@type":"ListItem","position":4,"name":"Onkoloji \u00dcnitesi &#8211; Medikal (Kemoterapi)"}]},{"@type":"WebSite","@id":"https:\/\/hastanemimari.com\/#website","url":"https:\/\/hastanemimari.com\/","name":"Hastane Mimar\u0131","description":"Hastane projeleri hakk\u0131nda her\u015fey","publisher":{"@id":"https:\/\/hastanemimari.com\/#\/schema\/person\/d8e7b0b159e8315eacaf999c545ddf94"},"potentialAction":[{"@type":"SearchAction","target":{"@type":"EntryPoint","urlTemplate":"https:\/\/hastanemimari.com\/?s={search_term_string}"},"query-input":"required name=search_term_string"}],"inLanguage":"tr"},{"@type":["Person","Organization"],"@id":"https:\/\/hastanemimari.com\/#\/schema\/person\/d8e7b0b159e8315eacaf999c545ddf94","name":"admin","image":{"@type":"ImageObject","inLanguage":"tr","@id":"https:\/\/hastanemimari.com\/#\/schema\/person\/image\/","url":"https:\/\/hastanemimari.com\/wp-content\/uploads\/2022\/11\/cropped-Beyaz-Zarif-Isim-Bas-Harfli-Logo-1-e1668897993455.png","contentUrl":"https:\/\/hastanemimari.com\/wp-content\/uploads\/2022\/11\/cropped-Beyaz-Zarif-Isim-Bas-Harfli-Logo-1-e1668897993455.png","width":200,"height":77,"caption":"admin"},"logo":{"@id":"https:\/\/hastanemimari.com\/#\/schema\/person\/image\/"},"sameAs":["https:\/\/hastanemimari.com","https:\/\/www.facebook.com\/sogomimarlik","https:\/\/www.instagram.com\/sogomimarlik\/","https:\/\/www.linkedin.com\/company\/sogo-mimarlik"]}]}},"_links":{"self":[{"href":"https:\/\/hastanemimari.com\/index.php\/wp-json\/wp\/v2\/pages\/367","targetHints":{"allow":["GET"]}}],"collection":[{"href":"https:\/\/hastanemimari.com\/index.php\/wp-json\/wp\/v2\/pages"}],"about":[{"href":"https:\/\/hastanemimari.com\/index.php\/wp-json\/wp\/v2\/types\/page"}],"author":[{"embeddable":true,"href":"https:\/\/hastanemimari.com\/index.php\/wp-json\/wp\/v2\/users\/1"}],"replies":[{"embeddable":true,"href":"https:\/\/hastanemimari.com\/index.php\/wp-json\/wp\/v2\/comments?post=367"}],"version-history":[{"count":4,"href":"https:\/\/hastanemimari.com\/index.php\/wp-json\/wp\/v2\/pages\/367\/revisions"}],"predecessor-version":[{"id":372,"href":"https:\/\/hastanemimari.com\/index.php\/wp-json\/wp\/v2\/pages\/367\/revisions\/372"}],"up":[{"embeddable":true,"href":"https:\/\/hastanemimari.com\/index.php\/wp-json\/wp\/v2\/pages\/177"}],"wp:attachment":[{"href":"https:\/\/hastanemimari.com\/index.php\/wp-json\/wp\/v2\/media?parent=367"}],"curies":[{"name":"wp","href":"https:\/\/api.w.org\/{rel}","templated":true}]}}