{"id":359,"date":"2022-11-27T15:22:29","date_gmt":"2022-11-27T12:22:29","guid":{"rendered":"https:\/\/hastanemimari.com\/?page_id=359"},"modified":"2022-11-27T15:22:33","modified_gmt":"2022-11-27T12:22:33","slug":"acil-servis-unitesi","status":"publish","type":"page","link":"https:\/\/hastanemimari.com\/index.php\/planlama\/fonksiyonel-planlama-birimleri\/acil-servis-unitesi\/","title":{"rendered":"Acil Servis  \u00dcnitesi"},"content":{"rendered":"\n<p><strong>1.Giri\u015f<\/strong><br><strong>Tan\u0131m : <\/strong>Acil Servis \u00dcnitesinin i\u015flevi, sevkle veya direkt olarak kendisi  gelen  \u00e7ok \u00e7e\u015fitli acil ve acil olmayan durumlarla ba\u015fvuran hastalar\u0131 (yeti\u015fkinler veya \u00e7ocuk) kar\u015f\u0131lamak, stabilize etmek ve y\u00f6netmektir. Acil Servis Birimi ayr\u0131ca,  afet durumu hastalar\u0131n\u0131n kabul\u00fc ve y\u00f6netimini sa\u011flar.<br>Acil Servis hizmeti vermeyen Hastanelerin, ana giri\u015fte bu durumu belirten ve Acil Servis bulunan en yak\u0131n Hastanenin yerini g\u00f6steren belirgin bir d\u0131\u015f tabela asmas\u0131 tavsiye edilir.<\/p>\n\n\n\n<p><strong>2.Fonksiyonel ve Planlama Hususlar\u0131<br>Operasyonel Modeller<br><\/strong>Acil Durum \u00dcnitesi, tedavi verimlili\u011fini art\u0131rmay\u0131 ama\u00e7layan ve tesis tasar\u0131m\u0131n\u0131 etkileyebilecek bir dizi modelde yap\u0131land\u0131r\u0131labilir. Acil Durum Birimlerinin \u00e7o\u011funda bu modellerden birka\u00e7\u0131 \u00e7al\u0131\u015f\u0131r durumda olacakt\u0131r.<br><strong>Triaj ve Kay\u0131t<br><\/strong>Triyajda hasta de\u011ferlendirmesi \u00f6nce yap\u0131l\u0131r, ard\u0131ndan b\u00fcro personeli taraf\u0131ndan ilk kay\u0131t yap\u0131l\u0131r. Bu modelde, Kar\u015f\u0131lama ve Triyaj yan yana yerle\u015ftirilmi\u015ftir. Hasta h\u0131zla de\u011ferlendirilir ve uygun bak\u0131m b\u00f6lgesine atan\u0131r.<br>Bu modelin bir varyasyonu, triyajlanm\u0131\u015f ve tedavi bekleyen hastalar\u0131 s\u00fcrekli olarak g\u00f6zden ge\u00e7irmek i\u00e7in Bekleme odas\u0131ndaki hastalar\u0131 y\u00f6neten k\u0131demli bir Hem\u015fireyi i\u00e7erir. Hem\u015fire bak\u0131ma eri\u015fimi gerekti\u011fi gibi art\u0131rabilece\u011finden, bu giri\u015fim hasta g\u00fcvenli\u011fini ve bak\u0131m kalitesini iyile\u015ftirmek i\u00e7in uygulanabilir.<br>Hasta Ak\u0131\u015f\u0131 Bu modelde, hasta ilk olarak h\u0131zl\u0131 bir triyaj modelinde triyajlan\u0131r ve kaydedilir ve k\u0131demli bir Acil Durum Doktoru taraf\u0131ndan de\u011ferlendirilmek \u00fczere bir ak\u0131\u015f b\u00f6lgesine aktar\u0131l\u0131r. Ak\u0131\u015f b\u00f6lgesi Hem\u015firesi, hastalar\u0131 ak\u0131\u015f alan\u0131ndan bir Erken Tedavi B\u00f6lgesine koordine eder.<br><strong>Erken Tedavi B\u00f6lgesi<br><\/strong>Erken Tedavi b\u00f6lgesi, hastalar\u0131n k\u0131sa bir s\u00fcreli\u011fine y\u00f6netildi\u011fi ve ard\u0131ndan taburcu edilmeden \u00f6nce sonu\u00e7lar\u0131 bekleyen hastalar i\u00e7in Akut Bak\u0131m veya Bekleme alan\u0131 gibi Acil Bak\u0131m \u00dcnitesinin  ba\u015fka bir b\u00f6lgesine ta\u015f\u0131nd\u0131\u011f\u0131 ayr\u0131 bir klinik aland\u0131r. Bu model, Akut Bak\u0131m, Akut Olmayan G\u00f6zlem, H\u0131zl\u0131 \u0130zleme, K\u0131sa Kalma Birimleri ve Ruh Sa\u011fl\u0131\u011f\u0131 de\u011ferlendirmesi gibi di\u011fer modellerle birlikte \u00e7al\u0131\u015f\u0131r.<br><strong>H\u0131zl\u0131 Takip <\/strong><br>Belirli hasta gruplar\u0131, di\u011fer Acil Servis \u00dcnitesi  hastalar\u0131na g\u00f6re ayr\u0131 bir &#8220;h\u0131zl\u0131&#8221; yol arac\u0131l\u0131\u011f\u0131yla de\u011ferlendirilebilir ve tedavi edilebilir. Bu, triyaj noktas\u0131nda veya triyajdan hemen sonra ayr\u0131 bir b\u00f6lgede yap\u0131labilir. Bu alana uygun hasta tipleri, bula\u015f\u0131c\u0131 hastal\u0131klar, k\u00fc\u00e7\u00fck yaralanmalar ve pediatrik hastal\u0131klar gibi karma\u015f\u0131k olmayan durumlard\u0131r. De\u011ferlendirme ve tedavi, Kons\u00fcltasyon\/Muayene odalar\u0131nda yap\u0131labilmekte ve hastalar\u0131n b\u00fcy\u00fck \u00e7o\u011funlu\u011fu evlerine taburcu edilmektedir.<br><br>Hasta Durumlar\u0131na G\u00f6re Grupland\u0131rma Benzer duruma (aciliyet) veya personel ihtiyac\u0131na sahip hastalar ayn\u0131 b\u00f6lgede tedavi edilebilir. Bu model i\u00e7in tesisler, res\u00fcsitasyon i\u00e7in ayr\u0131 alanlar, akut izleme yataklar\u0131, akut izlenmeyen yataklar ve ayakta tedavi alanlar\u0131n\u0131 i\u00e7erecektir. Farkl\u0131 alanlar i\u00e7in ayr\u0131 giri\u015f noktalar\u0131 (veya triyaj noktalar\u0131) olabilir. Personel, her vardiya i\u00e7in farkl\u0131 alanlara ayr\u0131 ayr\u0131 tahsis edilebilir ve ayr\u0131 Personel \u0130stasyonlar\u0131 ve \u00f6zel \u00e7al\u0131\u015fma alan\u0131 gerektirebilir.<\/p>\n\n\n\n<p>&#8230; Devam\u0131 yay\u0131nlanacakt\u0131r.<\/p>\n\n\n<div class=\"wp-block-image\">\n<figure class=\"aligncenter size-full is-resized\"><img loading=\"lazy\" decoding=\"async\" src=\"https:\/\/hastanemimari.com\/wp-content\/uploads\/2022\/11\/image-1.png\" alt=\"\" class=\"wp-image-360\" width=\"624\" height=\"621\" srcset=\"https:\/\/hastanemimari.com\/wp-content\/uploads\/2022\/11\/image-1.png 624w, https:\/\/hastanemimari.com\/wp-content\/uploads\/2022\/11\/image-1-300x300.png 300w, https:\/\/hastanemimari.com\/wp-content\/uploads\/2022\/11\/image-1-150x150.png 150w\" sizes=\"auto, (max-width: 624px) 100vw, 624px\" \/><figcaption class=\"wp-element-caption\">Acil Servis \u00dcnitesi &#8211; K\u00fc\u00e7\u00fck: (5 ila 10 Tedavi alan\u0131)<\/figcaption><\/figure>\n<\/div>","protected":false},"excerpt":{"rendered":"<p>1.Giri\u015fTan\u0131m : Acil Servis \u00dcnitesinin i\u015flevi, sevkle veya direkt olarak kendisi gelen \u00e7ok \u00e7e\u015fitli acil ve acil olmayan durumlarla ba\u015fvuran hastalar\u0131 (yeti\u015fkinler veya \u00e7ocuk) kar\u015f\u0131lamak, stabilize etmek ve y\u00f6netmektir. Acil Servis Birimi ayr\u0131ca, afet durumu hastalar\u0131n\u0131n kabul\u00fc ve y\u00f6netimini sa\u011flar.Acil Servis hizmeti vermeyen Hastanelerin, ana giri\u015fte bu durumu belirten ve Acil Servis bulunan en yak\u0131n &#8230; <a title=\"Acil Servis  \u00dcnitesi\" class=\"read-more\" href=\"https:\/\/hastanemimari.com\/index.php\/planlama\/fonksiyonel-planlama-birimleri\/acil-servis-unitesi\/\" aria-label=\"More on Acil Servis  \u00dcnitesi\">Devam\u0131n\u0131 oku&#8230;<\/a><\/p>\n","protected":false},"author":1,"featured_media":0,"parent":177,"menu_order":8,"comment_status":"closed","ping_status":"closed","template":"","meta":{"footnotes":""},"class_list":["post-359","page","type-page","status-publish"],"yoast_head":"<!-- This site is optimized with the Yoast SEO plugin v19.10 - https:\/\/yoast.com\/wordpress\/plugins\/seo\/ -->\n<title>Acil Servis \u00dcnitesi - Hastane Mimar\u0131<\/title>\n<meta name=\"robots\" content=\"index, follow, max-snippet:-1, max-image-preview:large, max-video-preview:-1\" \/>\n<link rel=\"canonical\" href=\"https:\/\/hastanemimari.com\/index.php\/planlama\/fonksiyonel-planlama-birimleri\/acil-servis-unitesi\/\" \/>\n<meta property=\"og:locale\" content=\"tr_TR\" \/>\n<meta property=\"og:type\" content=\"article\" \/>\n<meta property=\"og:title\" content=\"Acil Servis \u00dcnitesi - Hastane Mimar\u0131\" \/>\n<meta property=\"og:description\" content=\"1.Giri\u015fTan\u0131m : Acil Servis \u00dcnitesinin i\u015flevi, sevkle veya direkt olarak kendisi gelen \u00e7ok \u00e7e\u015fitli acil ve acil olmayan durumlarla ba\u015fvuran hastalar\u0131 (yeti\u015fkinler veya \u00e7ocuk) kar\u015f\u0131lamak, stabilize etmek ve y\u00f6netmektir. Acil Servis Birimi ayr\u0131ca, afet durumu hastalar\u0131n\u0131n kabul\u00fc ve y\u00f6netimini sa\u011flar.Acil Servis hizmeti vermeyen Hastanelerin, ana giri\u015fte bu durumu belirten ve Acil Servis bulunan en yak\u0131n ... Devam\u0131n\u0131 oku...\" \/>\n<meta property=\"og:url\" content=\"https:\/\/hastanemimari.com\/index.php\/planlama\/fonksiyonel-planlama-birimleri\/acil-servis-unitesi\/\" \/>\n<meta property=\"og:site_name\" content=\"Hastane Mimar\u0131\" \/>\n<meta property=\"article:publisher\" content=\"https:\/\/www.facebook.com\/sogomimarlik\" \/>\n<meta property=\"article:modified_time\" content=\"2022-11-27T12:22:33+00:00\" \/>\n<meta property=\"og:image\" content=\"https:\/\/hastanemimari.com\/wp-content\/uploads\/2022\/11\/image-1.png\" \/>\n<meta name=\"twitter:card\" content=\"summary_large_image\" \/>\n<meta name=\"twitter:label1\" content=\"Tahmini okuma s\u00fcresi\" \/>\n\t<meta name=\"twitter:data1\" content=\"3 dakika\" \/>\n<script type=\"application\/ld+json\" class=\"yoast-schema-graph\">{\"@context\":\"https:\/\/schema.org\",\"@graph\":[{\"@type\":\"WebPage\",\"@id\":\"https:\/\/hastanemimari.com\/index.php\/planlama\/fonksiyonel-planlama-birimleri\/acil-servis-unitesi\/\",\"url\":\"https:\/\/hastanemimari.com\/index.php\/planlama\/fonksiyonel-planlama-birimleri\/acil-servis-unitesi\/\",\"name\":\"Acil Servis \u00dcnitesi - Hastane Mimar\u0131\",\"isPartOf\":{\"@id\":\"https:\/\/hastanemimari.com\/#website\"},\"datePublished\":\"2022-11-27T12:22:29+00:00\",\"dateModified\":\"2022-11-27T12:22:33+00:00\",\"breadcrumb\":{\"@id\":\"https:\/\/hastanemimari.com\/index.php\/planlama\/fonksiyonel-planlama-birimleri\/acil-servis-unitesi\/#breadcrumb\"},\"inLanguage\":\"tr\",\"potentialAction\":[{\"@type\":\"ReadAction\",\"target\":[\"https:\/\/hastanemimari.com\/index.php\/planlama\/fonksiyonel-planlama-birimleri\/acil-servis-unitesi\/\"]}]},{\"@type\":\"BreadcrumbList\",\"@id\":\"https:\/\/hastanemimari.com\/index.php\/planlama\/fonksiyonel-planlama-birimleri\/acil-servis-unitesi\/#breadcrumb\",\"itemListElement\":[{\"@type\":\"ListItem\",\"position\":1,\"name\":\"Hastane Mimar\u0131\",\"item\":\"https:\/\/hastanemimari.com\/\"},{\"@type\":\"ListItem\",\"position\":2,\"name\":\"Planlama\",\"item\":\"https:\/\/hastanemimari.com\/index.php\/planlama\/\"},{\"@type\":\"ListItem\",\"position\":3,\"name\":\"Fonksiyonel Planlama Birimleri\",\"item\":\"https:\/\/hastanemimari.com\/index.php\/planlama\/fonksiyonel-planlama-birimleri\/\"},{\"@type\":\"ListItem\",\"position\":4,\"name\":\"Acil Servis \u00dcnitesi\"}]},{\"@type\":\"WebSite\",\"@id\":\"https:\/\/hastanemimari.com\/#website\",\"url\":\"https:\/\/hastanemimari.com\/\",\"name\":\"Hastane Mimar\u0131\",\"description\":\"Hastane projeleri hakk\u0131nda her\u015fey\",\"publisher\":{\"@id\":\"https:\/\/hastanemimari.com\/#\/schema\/person\/d8e7b0b159e8315eacaf999c545ddf94\"},\"potentialAction\":[{\"@type\":\"SearchAction\",\"target\":{\"@type\":\"EntryPoint\",\"urlTemplate\":\"https:\/\/hastanemimari.com\/?s={search_term_string}\"},\"query-input\":\"required name=search_term_string\"}],\"inLanguage\":\"tr\"},{\"@type\":[\"Person\",\"Organization\"],\"@id\":\"https:\/\/hastanemimari.com\/#\/schema\/person\/d8e7b0b159e8315eacaf999c545ddf94\",\"name\":\"admin\",\"image\":{\"@type\":\"ImageObject\",\"inLanguage\":\"tr\",\"@id\":\"https:\/\/hastanemimari.com\/#\/schema\/person\/image\/\",\"url\":\"https:\/\/hastanemimari.com\/wp-content\/uploads\/2022\/11\/cropped-Beyaz-Zarif-Isim-Bas-Harfli-Logo-1-e1668897993455.png\",\"contentUrl\":\"https:\/\/hastanemimari.com\/wp-content\/uploads\/2022\/11\/cropped-Beyaz-Zarif-Isim-Bas-Harfli-Logo-1-e1668897993455.png\",\"width\":200,\"height\":77,\"caption\":\"admin\"},\"logo\":{\"@id\":\"https:\/\/hastanemimari.com\/#\/schema\/person\/image\/\"},\"sameAs\":[\"https:\/\/hastanemimari.com\",\"https:\/\/www.facebook.com\/sogomimarlik\",\"https:\/\/www.instagram.com\/sogomimarlik\/\",\"https:\/\/www.linkedin.com\/company\/sogo-mimarlik\"]}]}<\/script>\n<!-- \/ Yoast SEO plugin. -->","yoast_head_json":{"title":"Acil Servis \u00dcnitesi - Hastane Mimar\u0131","robots":{"index":"index","follow":"follow","max-snippet":"max-snippet:-1","max-image-preview":"max-image-preview:large","max-video-preview":"max-video-preview:-1"},"canonical":"https:\/\/hastanemimari.com\/index.php\/planlama\/fonksiyonel-planlama-birimleri\/acil-servis-unitesi\/","og_locale":"tr_TR","og_type":"article","og_title":"Acil Servis \u00dcnitesi - Hastane Mimar\u0131","og_description":"1.Giri\u015fTan\u0131m : Acil Servis \u00dcnitesinin i\u015flevi, sevkle veya direkt olarak kendisi gelen \u00e7ok \u00e7e\u015fitli acil ve acil olmayan durumlarla ba\u015fvuran hastalar\u0131 (yeti\u015fkinler veya \u00e7ocuk) kar\u015f\u0131lamak, stabilize etmek ve y\u00f6netmektir. Acil Servis Birimi ayr\u0131ca, afet durumu hastalar\u0131n\u0131n kabul\u00fc ve y\u00f6netimini sa\u011flar.Acil Servis hizmeti vermeyen Hastanelerin, ana giri\u015fte bu durumu belirten ve Acil Servis bulunan en yak\u0131n ... Devam\u0131n\u0131 oku...","og_url":"https:\/\/hastanemimari.com\/index.php\/planlama\/fonksiyonel-planlama-birimleri\/acil-servis-unitesi\/","og_site_name":"Hastane Mimar\u0131","article_publisher":"https:\/\/www.facebook.com\/sogomimarlik","article_modified_time":"2022-11-27T12:22:33+00:00","og_image":[{"url":"https:\/\/hastanemimari.com\/wp-content\/uploads\/2022\/11\/image-1.png"}],"twitter_card":"summary_large_image","twitter_misc":{"Tahmini okuma s\u00fcresi":"3 dakika"},"schema":{"@context":"https:\/\/schema.org","@graph":[{"@type":"WebPage","@id":"https:\/\/hastanemimari.com\/index.php\/planlama\/fonksiyonel-planlama-birimleri\/acil-servis-unitesi\/","url":"https:\/\/hastanemimari.com\/index.php\/planlama\/fonksiyonel-planlama-birimleri\/acil-servis-unitesi\/","name":"Acil Servis \u00dcnitesi - Hastane Mimar\u0131","isPartOf":{"@id":"https:\/\/hastanemimari.com\/#website"},"datePublished":"2022-11-27T12:22:29+00:00","dateModified":"2022-11-27T12:22:33+00:00","breadcrumb":{"@id":"https:\/\/hastanemimari.com\/index.php\/planlama\/fonksiyonel-planlama-birimleri\/acil-servis-unitesi\/#breadcrumb"},"inLanguage":"tr","potentialAction":[{"@type":"ReadAction","target":["https:\/\/hastanemimari.com\/index.php\/planlama\/fonksiyonel-planlama-birimleri\/acil-servis-unitesi\/"]}]},{"@type":"BreadcrumbList","@id":"https:\/\/hastanemimari.com\/index.php\/planlama\/fonksiyonel-planlama-birimleri\/acil-servis-unitesi\/#breadcrumb","itemListElement":[{"@type":"ListItem","position":1,"name":"Hastane Mimar\u0131","item":"https:\/\/hastanemimari.com\/"},{"@type":"ListItem","position":2,"name":"Planlama","item":"https:\/\/hastanemimari.com\/index.php\/planlama\/"},{"@type":"ListItem","position":3,"name":"Fonksiyonel Planlama Birimleri","item":"https:\/\/hastanemimari.com\/index.php\/planlama\/fonksiyonel-planlama-birimleri\/"},{"@type":"ListItem","position":4,"name":"Acil Servis \u00dcnitesi"}]},{"@type":"WebSite","@id":"https:\/\/hastanemimari.com\/#website","url":"https:\/\/hastanemimari.com\/","name":"Hastane Mimar\u0131","description":"Hastane projeleri hakk\u0131nda her\u015fey","publisher":{"@id":"https:\/\/hastanemimari.com\/#\/schema\/person\/d8e7b0b159e8315eacaf999c545ddf94"},"potentialAction":[{"@type":"SearchAction","target":{"@type":"EntryPoint","urlTemplate":"https:\/\/hastanemimari.com\/?s={search_term_string}"},"query-input":"required name=search_term_string"}],"inLanguage":"tr"},{"@type":["Person","Organization"],"@id":"https:\/\/hastanemimari.com\/#\/schema\/person\/d8e7b0b159e8315eacaf999c545ddf94","name":"admin","image":{"@type":"ImageObject","inLanguage":"tr","@id":"https:\/\/hastanemimari.com\/#\/schema\/person\/image\/","url":"https:\/\/hastanemimari.com\/wp-content\/uploads\/2022\/11\/cropped-Beyaz-Zarif-Isim-Bas-Harfli-Logo-1-e1668897993455.png","contentUrl":"https:\/\/hastanemimari.com\/wp-content\/uploads\/2022\/11\/cropped-Beyaz-Zarif-Isim-Bas-Harfli-Logo-1-e1668897993455.png","width":200,"height":77,"caption":"admin"},"logo":{"@id":"https:\/\/hastanemimari.com\/#\/schema\/person\/image\/"},"sameAs":["https:\/\/hastanemimari.com","https:\/\/www.facebook.com\/sogomimarlik","https:\/\/www.instagram.com\/sogomimarlik\/","https:\/\/www.linkedin.com\/company\/sogo-mimarlik"]}]}},"_links":{"self":[{"href":"https:\/\/hastanemimari.com\/index.php\/wp-json\/wp\/v2\/pages\/359","targetHints":{"allow":["GET"]}}],"collection":[{"href":"https:\/\/hastanemimari.com\/index.php\/wp-json\/wp\/v2\/pages"}],"about":[{"href":"https:\/\/hastanemimari.com\/index.php\/wp-json\/wp\/v2\/types\/page"}],"author":[{"embeddable":true,"href":"https:\/\/hastanemimari.com\/index.php\/wp-json\/wp\/v2\/users\/1"}],"replies":[{"embeddable":true,"href":"https:\/\/hastanemimari.com\/index.php\/wp-json\/wp\/v2\/comments?post=359"}],"version-history":[{"count":1,"href":"https:\/\/hastanemimari.com\/index.php\/wp-json\/wp\/v2\/pages\/359\/revisions"}],"predecessor-version":[{"id":361,"href":"https:\/\/hastanemimari.com\/index.php\/wp-json\/wp\/v2\/pages\/359\/revisions\/361"}],"up":[{"embeddable":true,"href":"https:\/\/hastanemimari.com\/index.php\/wp-json\/wp\/v2\/pages\/177"}],"wp:attachment":[{"href":"https:\/\/hastanemimari.com\/index.php\/wp-json\/wp\/v2\/media?parent=359"}],"curies":[{"name":"wp","href":"https:\/\/api.w.org\/{rel}","templated":true}]}}