{"id":313,"date":"2022-11-20T03:12:03","date_gmt":"2022-11-20T00:12:03","guid":{"rendered":"https:\/\/hastanemimari.com\/?page_id=313"},"modified":"2022-11-21T05:40:41","modified_gmt":"2022-11-21T02:40:41","slug":"dogum-odasi-ldr","status":"publish","type":"page","link":"https:\/\/hastanemimari.com\/index.php\/planlama\/standart-hastane-bilesenleri\/dogum-odasi-ldr\/","title":{"rendered":"Do\u011fum Odas\u0131 &#8211; LDR"},"content":{"rendered":"<div class=\"wp-block-image\">\n<figure class=\"aligncenter size-large\"><img loading=\"lazy\" decoding=\"async\" width=\"1024\" height=\"536\" src=\"https:\/\/hastanemimari.com\/wp-content\/uploads\/2022\/11\/Dogum_odasi_LDR-1024x536.png\" alt=\"\" class=\"wp-image-314\" srcset=\"https:\/\/hastanemimari.com\/wp-content\/uploads\/2022\/11\/Dogum_odasi_LDR-1024x536.png 1024w, https:\/\/hastanemimari.com\/wp-content\/uploads\/2022\/11\/Dogum_odasi_LDR-300x157.png 300w, https:\/\/hastanemimari.com\/wp-content\/uploads\/2022\/11\/Dogum_odasi_LDR-768x402.png 768w, https:\/\/hastanemimari.com\/wp-content\/uploads\/2022\/11\/Dogum_odasi_LDR.png 1146w\" sizes=\"auto, (max-width: 1024px) 100vw, 1024px\" \/><\/figure>\n<\/div>\n\n\n<p>Do\u011fum Odas\u0131 LDR, hasta haz\u0131rl\u0131\u011f\u0131,  anestezi, do\u011fum, bebek res\u00fcsitasyonu, do\u011fum sonras\u0131 derlenme ve g\u00f6zlem dahil t\u00fcm do\u011fum s\u00fcrecini sa\u011flar. Do\u011fum Odas\u0131nda bir cerrahi lavabo  bulunacakt\u0131r. T\u0131bbi gazlar ve hizmetler gibi klinik \u00f6\u011feler gizlenebilir, ancak kolayca eri\u015filebilir olmal\u0131d\u0131r.<br> Akustik: Ses izolasyon seviyesi y\u00fcksek<br>Akustik gizlilik gereklidir.<br>G\u00f6vde Korumal\u0131 elektrik alan\u0131 gereklidir.<\/p>\n","protected":false},"excerpt":{"rendered":"<p>Do\u011fum Odas\u0131 LDR, hasta haz\u0131rl\u0131\u011f\u0131, anestezi, do\u011fum, bebek res\u00fcsitasyonu, do\u011fum sonras\u0131 derlenme ve g\u00f6zlem dahil t\u00fcm do\u011fum s\u00fcrecini sa\u011flar. Do\u011fum Odas\u0131nda bir cerrahi lavabo bulunacakt\u0131r. T\u0131bbi gazlar ve hizmetler gibi klinik \u00f6\u011feler gizlenebilir, ancak kolayca eri\u015filebilir olmal\u0131d\u0131r. Akustik: Ses izolasyon seviyesi y\u00fcksekAkustik gizlilik gereklidir.G\u00f6vde Korumal\u0131 elektrik alan\u0131 gereklidir.<\/p>\n","protected":false},"author":1,"featured_media":0,"parent":205,"menu_order":3,"comment_status":"closed","ping_status":"closed","template":"","meta":{"footnotes":""},"class_list":["post-313","page","type-page","status-publish"],"yoast_head":"<!-- This site is optimized with the Yoast SEO plugin v19.10 - https:\/\/yoast.com\/wordpress\/plugins\/seo\/ -->\n<title>Do\u011fum Odas\u0131 - LDR - Hastane Mimar\u0131<\/title>\n<meta name=\"robots\" content=\"index, follow, max-snippet:-1, max-image-preview:large, max-video-preview:-1\" \/>\n<link rel=\"canonical\" href=\"https:\/\/hastanemimari.com\/index.php\/planlama\/standart-hastane-bilesenleri\/dogum-odasi-ldr\/\" \/>\n<meta property=\"og:locale\" content=\"tr_TR\" \/>\n<meta property=\"og:type\" content=\"article\" \/>\n<meta property=\"og:title\" content=\"Do\u011fum Odas\u0131 - LDR - Hastane Mimar\u0131\" \/>\n<meta property=\"og:description\" content=\"Do\u011fum Odas\u0131 LDR, hasta haz\u0131rl\u0131\u011f\u0131, anestezi, do\u011fum, bebek res\u00fcsitasyonu, do\u011fum sonras\u0131 derlenme ve g\u00f6zlem dahil t\u00fcm do\u011fum s\u00fcrecini sa\u011flar. Do\u011fum Odas\u0131nda bir cerrahi lavabo bulunacakt\u0131r. T\u0131bbi gazlar ve hizmetler gibi klinik \u00f6\u011feler gizlenebilir, ancak kolayca eri\u015filebilir olmal\u0131d\u0131r. Akustik: Ses izolasyon seviyesi y\u00fcksekAkustik gizlilik gereklidir.G\u00f6vde Korumal\u0131 elektrik alan\u0131 gereklidir.\" \/>\n<meta property=\"og:url\" content=\"https:\/\/hastanemimari.com\/index.php\/planlama\/standart-hastane-bilesenleri\/dogum-odasi-ldr\/\" \/>\n<meta property=\"og:site_name\" content=\"Hastane Mimar\u0131\" \/>\n<meta property=\"article:publisher\" content=\"https:\/\/www.facebook.com\/sogomimarlik\" \/>\n<meta property=\"article:modified_time\" content=\"2022-11-21T02:40:41+00:00\" \/>\n<meta property=\"og:image\" content=\"https:\/\/hastanemimari.com\/wp-content\/uploads\/2022\/11\/Dogum_odasi_LDR-1024x536.png\" \/>\n<meta name=\"twitter:card\" content=\"summary_large_image\" \/>\n<meta name=\"twitter:label1\" content=\"Tahmini okuma s\u00fcresi\" \/>\n\t<meta name=\"twitter:data1\" content=\"1 dakika\" \/>\n<script type=\"application\/ld+json\" class=\"yoast-schema-graph\">{\"@context\":\"https:\/\/schema.org\",\"@graph\":[{\"@type\":\"WebPage\",\"@id\":\"https:\/\/hastanemimari.com\/index.php\/planlama\/standart-hastane-bilesenleri\/dogum-odasi-ldr\/\",\"url\":\"https:\/\/hastanemimari.com\/index.php\/planlama\/standart-hastane-bilesenleri\/dogum-odasi-ldr\/\",\"name\":\"Do\u011fum Odas\u0131 - LDR - Hastane Mimar\u0131\",\"isPartOf\":{\"@id\":\"https:\/\/hastanemimari.com\/#website\"},\"datePublished\":\"2022-11-20T00:12:03+00:00\",\"dateModified\":\"2022-11-21T02:40:41+00:00\",\"breadcrumb\":{\"@id\":\"https:\/\/hastanemimari.com\/index.php\/planlama\/standart-hastane-bilesenleri\/dogum-odasi-ldr\/#breadcrumb\"},\"inLanguage\":\"tr\",\"potentialAction\":[{\"@type\":\"ReadAction\",\"target\":[\"https:\/\/hastanemimari.com\/index.php\/planlama\/standart-hastane-bilesenleri\/dogum-odasi-ldr\/\"]}]},{\"@type\":\"BreadcrumbList\",\"@id\":\"https:\/\/hastanemimari.com\/index.php\/planlama\/standart-hastane-bilesenleri\/dogum-odasi-ldr\/#breadcrumb\",\"itemListElement\":[{\"@type\":\"ListItem\",\"position\":1,\"name\":\"Hastane Mimar\u0131\",\"item\":\"https:\/\/hastanemimari.com\/\"},{\"@type\":\"ListItem\",\"position\":2,\"name\":\"Planlama\",\"item\":\"https:\/\/hastanemimari.com\/index.php\/planlama\/\"},{\"@type\":\"ListItem\",\"position\":3,\"name\":\"Standart Hastane Bile\u015fenleri\",\"item\":\"https:\/\/hastanemimari.com\/index.php\/planlama\/standart-hastane-bilesenleri\/\"},{\"@type\":\"ListItem\",\"position\":4,\"name\":\"Do\u011fum Odas\u0131 &#8211; LDR\"}]},{\"@type\":\"WebSite\",\"@id\":\"https:\/\/hastanemimari.com\/#website\",\"url\":\"https:\/\/hastanemimari.com\/\",\"name\":\"Hastane Mimar\u0131\",\"description\":\"Hastane projeleri hakk\u0131nda her\u015fey\",\"publisher\":{\"@id\":\"https:\/\/hastanemimari.com\/#\/schema\/person\/d8e7b0b159e8315eacaf999c545ddf94\"},\"potentialAction\":[{\"@type\":\"SearchAction\",\"target\":{\"@type\":\"EntryPoint\",\"urlTemplate\":\"https:\/\/hastanemimari.com\/?s={search_term_string}\"},\"query-input\":\"required name=search_term_string\"}],\"inLanguage\":\"tr\"},{\"@type\":[\"Person\",\"Organization\"],\"@id\":\"https:\/\/hastanemimari.com\/#\/schema\/person\/d8e7b0b159e8315eacaf999c545ddf94\",\"name\":\"admin\",\"image\":{\"@type\":\"ImageObject\",\"inLanguage\":\"tr\",\"@id\":\"https:\/\/hastanemimari.com\/#\/schema\/person\/image\/\",\"url\":\"https:\/\/hastanemimari.com\/wp-content\/uploads\/2022\/11\/cropped-Beyaz-Zarif-Isim-Bas-Harfli-Logo-1-e1668897993455.png\",\"contentUrl\":\"https:\/\/hastanemimari.com\/wp-content\/uploads\/2022\/11\/cropped-Beyaz-Zarif-Isim-Bas-Harfli-Logo-1-e1668897993455.png\",\"width\":200,\"height\":77,\"caption\":\"admin\"},\"logo\":{\"@id\":\"https:\/\/hastanemimari.com\/#\/schema\/person\/image\/\"},\"sameAs\":[\"https:\/\/hastanemimari.com\",\"https:\/\/www.facebook.com\/sogomimarlik\",\"https:\/\/www.instagram.com\/sogomimarlik\/\",\"https:\/\/www.linkedin.com\/company\/sogo-mimarlik\"]}]}<\/script>\n<!-- \/ Yoast SEO plugin. -->","yoast_head_json":{"title":"Do\u011fum Odas\u0131 - LDR - Hastane Mimar\u0131","robots":{"index":"index","follow":"follow","max-snippet":"max-snippet:-1","max-image-preview":"max-image-preview:large","max-video-preview":"max-video-preview:-1"},"canonical":"https:\/\/hastanemimari.com\/index.php\/planlama\/standart-hastane-bilesenleri\/dogum-odasi-ldr\/","og_locale":"tr_TR","og_type":"article","og_title":"Do\u011fum Odas\u0131 - LDR - Hastane Mimar\u0131","og_description":"Do\u011fum Odas\u0131 LDR, hasta haz\u0131rl\u0131\u011f\u0131, anestezi, do\u011fum, bebek res\u00fcsitasyonu, do\u011fum sonras\u0131 derlenme ve g\u00f6zlem dahil t\u00fcm do\u011fum s\u00fcrecini sa\u011flar. Do\u011fum Odas\u0131nda bir cerrahi lavabo bulunacakt\u0131r. T\u0131bbi gazlar ve hizmetler gibi klinik \u00f6\u011feler gizlenebilir, ancak kolayca eri\u015filebilir olmal\u0131d\u0131r. Akustik: Ses izolasyon seviyesi y\u00fcksekAkustik gizlilik gereklidir.G\u00f6vde Korumal\u0131 elektrik alan\u0131 gereklidir.","og_url":"https:\/\/hastanemimari.com\/index.php\/planlama\/standart-hastane-bilesenleri\/dogum-odasi-ldr\/","og_site_name":"Hastane Mimar\u0131","article_publisher":"https:\/\/www.facebook.com\/sogomimarlik","article_modified_time":"2022-11-21T02:40:41+00:00","og_image":[{"url":"https:\/\/hastanemimari.com\/wp-content\/uploads\/2022\/11\/Dogum_odasi_LDR-1024x536.png"}],"twitter_card":"summary_large_image","twitter_misc":{"Tahmini okuma s\u00fcresi":"1 dakika"},"schema":{"@context":"https:\/\/schema.org","@graph":[{"@type":"WebPage","@id":"https:\/\/hastanemimari.com\/index.php\/planlama\/standart-hastane-bilesenleri\/dogum-odasi-ldr\/","url":"https:\/\/hastanemimari.com\/index.php\/planlama\/standart-hastane-bilesenleri\/dogum-odasi-ldr\/","name":"Do\u011fum Odas\u0131 - LDR - Hastane Mimar\u0131","isPartOf":{"@id":"https:\/\/hastanemimari.com\/#website"},"datePublished":"2022-11-20T00:12:03+00:00","dateModified":"2022-11-21T02:40:41+00:00","breadcrumb":{"@id":"https:\/\/hastanemimari.com\/index.php\/planlama\/standart-hastane-bilesenleri\/dogum-odasi-ldr\/#breadcrumb"},"inLanguage":"tr","potentialAction":[{"@type":"ReadAction","target":["https:\/\/hastanemimari.com\/index.php\/planlama\/standart-hastane-bilesenleri\/dogum-odasi-ldr\/"]}]},{"@type":"BreadcrumbList","@id":"https:\/\/hastanemimari.com\/index.php\/planlama\/standart-hastane-bilesenleri\/dogum-odasi-ldr\/#breadcrumb","itemListElement":[{"@type":"ListItem","position":1,"name":"Hastane Mimar\u0131","item":"https:\/\/hastanemimari.com\/"},{"@type":"ListItem","position":2,"name":"Planlama","item":"https:\/\/hastanemimari.com\/index.php\/planlama\/"},{"@type":"ListItem","position":3,"name":"Standart Hastane Bile\u015fenleri","item":"https:\/\/hastanemimari.com\/index.php\/planlama\/standart-hastane-bilesenleri\/"},{"@type":"ListItem","position":4,"name":"Do\u011fum Odas\u0131 &#8211; LDR"}]},{"@type":"WebSite","@id":"https:\/\/hastanemimari.com\/#website","url":"https:\/\/hastanemimari.com\/","name":"Hastane Mimar\u0131","description":"Hastane projeleri hakk\u0131nda her\u015fey","publisher":{"@id":"https:\/\/hastanemimari.com\/#\/schema\/person\/d8e7b0b159e8315eacaf999c545ddf94"},"potentialAction":[{"@type":"SearchAction","target":{"@type":"EntryPoint","urlTemplate":"https:\/\/hastanemimari.com\/?s={search_term_string}"},"query-input":"required name=search_term_string"}],"inLanguage":"tr"},{"@type":["Person","Organization"],"@id":"https:\/\/hastanemimari.com\/#\/schema\/person\/d8e7b0b159e8315eacaf999c545ddf94","name":"admin","image":{"@type":"ImageObject","inLanguage":"tr","@id":"https:\/\/hastanemimari.com\/#\/schema\/person\/image\/","url":"https:\/\/hastanemimari.com\/wp-content\/uploads\/2022\/11\/cropped-Beyaz-Zarif-Isim-Bas-Harfli-Logo-1-e1668897993455.png","contentUrl":"https:\/\/hastanemimari.com\/wp-content\/uploads\/2022\/11\/cropped-Beyaz-Zarif-Isim-Bas-Harfli-Logo-1-e1668897993455.png","width":200,"height":77,"caption":"admin"},"logo":{"@id":"https:\/\/hastanemimari.com\/#\/schema\/person\/image\/"},"sameAs":["https:\/\/hastanemimari.com","https:\/\/www.facebook.com\/sogomimarlik","https:\/\/www.instagram.com\/sogomimarlik\/","https:\/\/www.linkedin.com\/company\/sogo-mimarlik"]}]}},"_links":{"self":[{"href":"https:\/\/hastanemimari.com\/index.php\/wp-json\/wp\/v2\/pages\/313","targetHints":{"allow":["GET"]}}],"collection":[{"href":"https:\/\/hastanemimari.com\/index.php\/wp-json\/wp\/v2\/pages"}],"about":[{"href":"https:\/\/hastanemimari.com\/index.php\/wp-json\/wp\/v2\/types\/page"}],"author":[{"embeddable":true,"href":"https:\/\/hastanemimari.com\/index.php\/wp-json\/wp\/v2\/users\/1"}],"replies":[{"embeddable":true,"href":"https:\/\/hastanemimari.com\/index.php\/wp-json\/wp\/v2\/comments?post=313"}],"version-history":[{"count":2,"href":"https:\/\/hastanemimari.com\/index.php\/wp-json\/wp\/v2\/pages\/313\/revisions"}],"predecessor-version":[{"id":327,"href":"https:\/\/hastanemimari.com\/index.php\/wp-json\/wp\/v2\/pages\/313\/revisions\/327"}],"up":[{"embeddable":true,"href":"https:\/\/hastanemimari.com\/index.php\/wp-json\/wp\/v2\/pages\/205"}],"wp:attachment":[{"href":"https:\/\/hastanemimari.com\/index.php\/wp-json\/wp\/v2\/media?parent=313"}],"curies":[{"name":"wp","href":"https:\/\/api.w.org\/{rel}","templated":true}]}}