{"id":30,"date":"2022-11-15T17:43:56","date_gmt":"2022-11-15T14:43:56","guid":{"rendered":"https:\/\/hastanemimari.com\/?page_id=30"},"modified":"2022-11-20T01:50:17","modified_gmt":"2022-11-19T22:50:17","slug":"kutuphane","status":"publish","type":"page","link":"https:\/\/hastanemimari.com\/index.php\/kutuphane\/","title":{"rendered":"K\u00fct\u00fcphane"},"content":{"rendered":"\n<h2 class=\"wp-block-heading\">Hastane Tasar\u0131m Rehberleri<\/h2>\n\n\n\n<div class=\"wp-block-columns is-layout-flex wp-container-core-columns-is-layout-9d6595d7 wp-block-columns-is-layout-flex\">\n<div class=\"wp-block-column is-layout-flow wp-block-column-is-layout-flow\" style=\"flex-basis:100%\"><\/div>\n<\/div>\n\n\n\n<p>Kamu Sa\u011fl\u0131k Tesislerinde Ruhsatland\u0131rma Y\u00f6netmeli\u011fi<br><a href=\"https:\/\/www.resmigazete.gov.tr\/eskiler\/2019\/09\/20190920-2.htm\">https:\/\/www.resmigazete.gov.tr\/eskiler\/2019\/09\/20190920-2.htm<\/a><\/p>\n\n\n\n<p><\/p>\n","protected":false},"excerpt":{"rendered":"<p>Hastane Tasar\u0131m Rehberleri Kamu Sa\u011fl\u0131k Tesislerinde Ruhsatland\u0131rma Y\u00f6netmeli\u011fihttps:\/\/www.resmigazete.gov.tr\/eskiler\/2019\/09\/20190920-2.htm<\/p>\n","protected":false},"author":1,"featured_media":0,"parent":0,"menu_order":0,"comment_status":"closed","ping_status":"closed","template":"","meta":{"footnotes":""},"class_list":["post-30","page","type-page","status-publish"],"yoast_head":"<!-- This site is optimized with the Yoast SEO plugin v19.10 - https:\/\/yoast.com\/wordpress\/plugins\/seo\/ -->\n<title>K\u00fct\u00fcphane - Hastane Mimar\u0131<\/title>\n<meta name=\"robots\" content=\"index, follow, max-snippet:-1, max-image-preview:large, max-video-preview:-1\" \/>\n<link rel=\"canonical\" href=\"https:\/\/hastanemimari.com\/index.php\/kutuphane\/\" \/>\n<meta property=\"og:locale\" content=\"tr_TR\" \/>\n<meta property=\"og:type\" content=\"article\" \/>\n<meta property=\"og:title\" content=\"K\u00fct\u00fcphane - Hastane Mimar\u0131\" \/>\n<meta property=\"og:description\" content=\"Hastane Tasar\u0131m Rehberleri Kamu Sa\u011fl\u0131k Tesislerinde Ruhsatland\u0131rma Y\u00f6netmeli\u011fihttps:\/\/www.resmigazete.gov.tr\/eskiler\/2019\/09\/20190920-2.htm\" \/>\n<meta property=\"og:url\" content=\"https:\/\/hastanemimari.com\/index.php\/kutuphane\/\" \/>\n<meta property=\"og:site_name\" content=\"Hastane Mimar\u0131\" \/>\n<meta property=\"article:publisher\" content=\"https:\/\/www.facebook.com\/sogomimarlik\" \/>\n<meta property=\"article:modified_time\" content=\"2022-11-19T22:50:17+00:00\" \/>\n<meta name=\"twitter:card\" content=\"summary_large_image\" \/>\n<meta name=\"twitter:label1\" content=\"Tahmini okuma s\u00fcresi\" \/>\n\t<meta name=\"twitter:data1\" content=\"1 dakika\" \/>\n<script type=\"application\/ld+json\" class=\"yoast-schema-graph\">{\"@context\":\"https:\/\/schema.org\",\"@graph\":[{\"@type\":\"WebPage\",\"@id\":\"https:\/\/hastanemimari.com\/index.php\/kutuphane\/\",\"url\":\"https:\/\/hastanemimari.com\/index.php\/kutuphane\/\",\"name\":\"K\u00fct\u00fcphane - Hastane Mimar\u0131\",\"isPartOf\":{\"@id\":\"https:\/\/hastanemimari.com\/#website\"},\"datePublished\":\"2022-11-15T14:43:56+00:00\",\"dateModified\":\"2022-11-19T22:50:17+00:00\",\"breadcrumb\":{\"@id\":\"https:\/\/hastanemimari.com\/index.php\/kutuphane\/#breadcrumb\"},\"inLanguage\":\"tr\",\"potentialAction\":[{\"@type\":\"ReadAction\",\"target\":[\"https:\/\/hastanemimari.com\/index.php\/kutuphane\/\"]}]},{\"@type\":\"BreadcrumbList\",\"@id\":\"https:\/\/hastanemimari.com\/index.php\/kutuphane\/#breadcrumb\",\"itemListElement\":[{\"@type\":\"ListItem\",\"position\":1,\"name\":\"Hastane Mimar\u0131\",\"item\":\"https:\/\/hastanemimari.com\/\"},{\"@type\":\"ListItem\",\"position\":2,\"name\":\"K\u00fct\u00fcphane\"}]},{\"@type\":\"WebSite\",\"@id\":\"https:\/\/hastanemimari.com\/#website\",\"url\":\"https:\/\/hastanemimari.com\/\",\"name\":\"Hastane Mimar\u0131\",\"description\":\"Hastane projeleri hakk\u0131nda her\u015fey\",\"publisher\":{\"@id\":\"https:\/\/hastanemimari.com\/#\/schema\/person\/d8e7b0b159e8315eacaf999c545ddf94\"},\"potentialAction\":[{\"@type\":\"SearchAction\",\"target\":{\"@type\":\"EntryPoint\",\"urlTemplate\":\"https:\/\/hastanemimari.com\/?s={search_term_string}\"},\"query-input\":\"required name=search_term_string\"}],\"inLanguage\":\"tr\"},{\"@type\":[\"Person\",\"Organization\"],\"@id\":\"https:\/\/hastanemimari.com\/#\/schema\/person\/d8e7b0b159e8315eacaf999c545ddf94\",\"name\":\"admin\",\"image\":{\"@type\":\"ImageObject\",\"inLanguage\":\"tr\",\"@id\":\"https:\/\/hastanemimari.com\/#\/schema\/person\/image\/\",\"url\":\"https:\/\/hastanemimari.com\/wp-content\/uploads\/2022\/11\/cropped-Beyaz-Zarif-Isim-Bas-Harfli-Logo-1-e1668897993455.png\",\"contentUrl\":\"https:\/\/hastanemimari.com\/wp-content\/uploads\/2022\/11\/cropped-Beyaz-Zarif-Isim-Bas-Harfli-Logo-1-e1668897993455.png\",\"width\":200,\"height\":77,\"caption\":\"admin\"},\"logo\":{\"@id\":\"https:\/\/hastanemimari.com\/#\/schema\/person\/image\/\"},\"sameAs\":[\"https:\/\/hastanemimari.com\",\"https:\/\/www.facebook.com\/sogomimarlik\",\"https:\/\/www.instagram.com\/sogomimarlik\/\",\"https:\/\/www.linkedin.com\/company\/sogo-mimarlik\"]}]}<\/script>\n<!-- \/ Yoast SEO plugin. -->","yoast_head_json":{"title":"K\u00fct\u00fcphane - Hastane Mimar\u0131","robots":{"index":"index","follow":"follow","max-snippet":"max-snippet:-1","max-image-preview":"max-image-preview:large","max-video-preview":"max-video-preview:-1"},"canonical":"https:\/\/hastanemimari.com\/index.php\/kutuphane\/","og_locale":"tr_TR","og_type":"article","og_title":"K\u00fct\u00fcphane - Hastane Mimar\u0131","og_description":"Hastane Tasar\u0131m Rehberleri Kamu Sa\u011fl\u0131k Tesislerinde Ruhsatland\u0131rma Y\u00f6netmeli\u011fihttps:\/\/www.resmigazete.gov.tr\/eskiler\/2019\/09\/20190920-2.htm","og_url":"https:\/\/hastanemimari.com\/index.php\/kutuphane\/","og_site_name":"Hastane Mimar\u0131","article_publisher":"https:\/\/www.facebook.com\/sogomimarlik","article_modified_time":"2022-11-19T22:50:17+00:00","twitter_card":"summary_large_image","twitter_misc":{"Tahmini okuma s\u00fcresi":"1 dakika"},"schema":{"@context":"https:\/\/schema.org","@graph":[{"@type":"WebPage","@id":"https:\/\/hastanemimari.com\/index.php\/kutuphane\/","url":"https:\/\/hastanemimari.com\/index.php\/kutuphane\/","name":"K\u00fct\u00fcphane - Hastane Mimar\u0131","isPartOf":{"@id":"https:\/\/hastanemimari.com\/#website"},"datePublished":"2022-11-15T14:43:56+00:00","dateModified":"2022-11-19T22:50:17+00:00","breadcrumb":{"@id":"https:\/\/hastanemimari.com\/index.php\/kutuphane\/#breadcrumb"},"inLanguage":"tr","potentialAction":[{"@type":"ReadAction","target":["https:\/\/hastanemimari.com\/index.php\/kutuphane\/"]}]},{"@type":"BreadcrumbList","@id":"https:\/\/hastanemimari.com\/index.php\/kutuphane\/#breadcrumb","itemListElement":[{"@type":"ListItem","position":1,"name":"Hastane Mimar\u0131","item":"https:\/\/hastanemimari.com\/"},{"@type":"ListItem","position":2,"name":"K\u00fct\u00fcphane"}]},{"@type":"WebSite","@id":"https:\/\/hastanemimari.com\/#website","url":"https:\/\/hastanemimari.com\/","name":"Hastane Mimar\u0131","description":"Hastane projeleri hakk\u0131nda her\u015fey","publisher":{"@id":"https:\/\/hastanemimari.com\/#\/schema\/person\/d8e7b0b159e8315eacaf999c545ddf94"},"potentialAction":[{"@type":"SearchAction","target":{"@type":"EntryPoint","urlTemplate":"https:\/\/hastanemimari.com\/?s={search_term_string}"},"query-input":"required name=search_term_string"}],"inLanguage":"tr"},{"@type":["Person","Organization"],"@id":"https:\/\/hastanemimari.com\/#\/schema\/person\/d8e7b0b159e8315eacaf999c545ddf94","name":"admin","image":{"@type":"ImageObject","inLanguage":"tr","@id":"https:\/\/hastanemimari.com\/#\/schema\/person\/image\/","url":"https:\/\/hastanemimari.com\/wp-content\/uploads\/2022\/11\/cropped-Beyaz-Zarif-Isim-Bas-Harfli-Logo-1-e1668897993455.png","contentUrl":"https:\/\/hastanemimari.com\/wp-content\/uploads\/2022\/11\/cropped-Beyaz-Zarif-Isim-Bas-Harfli-Logo-1-e1668897993455.png","width":200,"height":77,"caption":"admin"},"logo":{"@id":"https:\/\/hastanemimari.com\/#\/schema\/person\/image\/"},"sameAs":["https:\/\/hastanemimari.com","https:\/\/www.facebook.com\/sogomimarlik","https:\/\/www.instagram.com\/sogomimarlik\/","https:\/\/www.linkedin.com\/company\/sogo-mimarlik"]}]}},"_links":{"self":[{"href":"https:\/\/hastanemimari.com\/index.php\/wp-json\/wp\/v2\/pages\/30","targetHints":{"allow":["GET"]}}],"collection":[{"href":"https:\/\/hastanemimari.com\/index.php\/wp-json\/wp\/v2\/pages"}],"about":[{"href":"https:\/\/hastanemimari.com\/index.php\/wp-json\/wp\/v2\/types\/page"}],"author":[{"embeddable":true,"href":"https:\/\/hastanemimari.com\/index.php\/wp-json\/wp\/v2\/users\/1"}],"replies":[{"embeddable":true,"href":"https:\/\/hastanemimari.com\/index.php\/wp-json\/wp\/v2\/comments?post=30"}],"version-history":[{"count":9,"href":"https:\/\/hastanemimari.com\/index.php\/wp-json\/wp\/v2\/pages\/30\/revisions"}],"predecessor-version":[{"id":311,"href":"https:\/\/hastanemimari.com\/index.php\/wp-json\/wp\/v2\/pages\/30\/revisions\/311"}],"wp:attachment":[{"href":"https:\/\/hastanemimari.com\/index.php\/wp-json\/wp\/v2\/media?parent=30"}],"curies":[{"name":"wp","href":"https:\/\/api.w.org\/{rel}","templated":true}]}}