{"id":287,"date":"2022-11-19T15:26:36","date_gmt":"2022-11-19T12:26:36","guid":{"rendered":"https:\/\/hastanemimari.com\/?page_id=287"},"modified":"2022-11-21T05:36:08","modified_gmt":"2022-11-21T02:36:08","slug":"yanik-unitesi","status":"publish","type":"page","link":"https:\/\/hastanemimari.com\/index.php\/planlama\/fonksiyonel-planlama-birimleri\/yanik-unitesi\/","title":{"rendered":"Yan\u0131k \u00dcnitesi"},"content":{"rendered":"\n<p><strong>1.Giri\u015f<br><\/strong>Yan\u0131k \u00dcnitesi, ciddi yan\u0131k yaralanmas\u0131 ge\u00e7irmi\u015f hastalar\u0131n tedavisi i\u00e7in uzmanla\u015fm\u0131\u015f bir birimdir. Bu yaralanmalar \u00f6nemli ve karma\u015f\u0131kt\u0131r; ilk hastanede yat\u0131\u015f s\u00fcresi genellikle uzundur ve bunu genellikle aylarca, hatta y\u0131llarca s\u00fcren yo\u011fun rehabilitasyon izler.<\/p>\n\n\n\n<p>Bu ki\u015filer her zaman yak\u0131ndan izlenmeli, de\u011ferlendirilmeli ve ilgilenilmelidir. A\u011f\u0131r yan\u0131klar\u0131 olan hastalar, yan\u0131klar\u0131n \u00e7oklu sistem etkisinden dolay\u0131 s\u0131kl\u0131kla mekanik ventilasyona ve yo\u011fun bak\u0131m ve di\u011fer kritik bak\u0131m servislerinin ve personelinin g\u00f6zetiminde bak\u0131ma ihtiya\u00e7 duyar. Birim, bu kritik hastalara bak\u0131m sa\u011flamak i\u00e7in gereken geni\u015f tedavi kaynaklar\u0131n\u0131 koordine edecek uzman doktorlar, hem\u015fireler ve \u00e7ok disiplinli sa\u011fl\u0131k \u00e7al\u0131\u015fanlar\u0131ndan olu\u015facakt\u0131r.<\/p>\n\n\n\n<p>2 Fonksiyonel ve Planlama Hususlar\u0131<br>Operasyonel Modeller<br>Yan\u0131k \u00dcnitesi genellikle g\u00fcnde 24 saat, haftada 7 g\u00fcn \u00e7al\u0131\u015facakt\u0131r.<br>Yan\u0131k Birimi, ba\u011f\u0131ms\u0131z bir y\u00f6netim yap\u0131s\u0131na sahip ayr\u0131 bir uzmanl\u0131k alan\u0131d\u0131r. Ancak, klinik ve personel deste\u011fi i\u00e7in yo\u011fun bak\u0131m \u00fcnitesi veya di\u011fer yo\u011fun bak\u0131m \u00fcniteleriyle yan yana konumland\u0131r\u0131labilir ancak fiziksel olarak ayr\u0131 olmal\u0131d\u0131r.<\/p>\n\n\n\n<p>Bak\u0131m Modelleri<br>Ciddi yan\u0131klarla ba\u015fvuran hastalar, d\u00f6rt a\u015famadan olu\u015fan tipik bir s\u00fcre\u00e7te tedavi edilecektir:<\/p>\n\n\n\n<ul class=\"wp-block-list\">\n<li> \u0130lk de\u011ferlendirme ve muhtemelen res\u00fcsitasyon<\/li>\n\n\n\n<li> \u0130lk yara eksizyonu ve biyolojik kapatma<\/li>\n\n\n\n<li> Kesin yara kapatma<\/li>\n\n\n\n<li> Rehabilitasyon ve yeniden yap\u0131lanma<\/li>\n<\/ul>\n\n\n\n<p>Kesintisiz bir yan\u0131k bak\u0131m\u0131 modelinin sa\u011flanmas\u0131, hastan\u0131n akut bak\u0131mdan rehabilitasyona, kademeli tesise ve ayaktan bak\u0131ma verimli bir \u015fekilde ge\u00e7mesini sa\u011flar. En iyi sa\u011fl\u0131k hizmeti sonu\u00e7lar\u0131n\u0131 elde etmek i\u00e7in, yan\u0131klar\u0131 olan bireyler i\u00e7in  kapsaml\u0131 bir bak\u0131m ve y\u00f6netim yakla\u015f\u0131m\u0131 gerektirir.<\/p>\n\n\n\n<p><strong>Planlama Modelleri<br>Yatak Say\u0131lar\u0131 ve Di\u011fer \u00d6nemli Bilgiler<br><\/strong>Yatak say\u0131s\u0131 tesisin hizmet plan\u0131na g\u00f6re belirlenir. Bu FPB&#8217;de \u00f6zetlendi\u011fi gibi tipik bir Yan\u0131k \u00dcnitesi, \u00fcnitenin bile\u015fimi k\u00fc\u00e7\u00fck bir YB \u00dcnitesinin gereksinimlerine benzer olan 12 yataktan (\u00f6nerilen maksimum de\u011fer olarak \u00b1 2) olu\u015fur. Yan\u0131k \u00dcnitesi&#8217;nin hasta bak\u0131m ve tedavisinde kendi kendine yeterli olabilmesi i\u00e7in gerekli ek destek alanlar\u0131 ve hizmetler nedeniyle Yan\u0131k \u00dcnitesi tipik bir Yo\u011fun Bak\u0131m \u00dcnitesinden daha b\u00fcy\u00fck olacakt\u0131r. Bu dikkate al\u0131nmal\u0131d\u0131r<br>planlama a\u015famas\u0131nda.<br>D\u0131\u015f patojenlere kar\u015f\u0131 ba\u015fl\u0131ca koruyucu organ olan derinin i\u015flevini k\u0131smen kaybetmesi nedeniyle, yan\u0131klar\u0131 olan ki\u015filerin ba\u011f\u0131\u015f\u0131kl\u0131\u011f\u0131 zay\u0131flam\u0131\u015f kabul edilir. Sonu\u00e7 olarak Yan\u0131k \u00dcnitesi yatak odalar\u0131nda antreli pozitif bas\u0131n\u00e7 izolasyon odalar\u0131na ihtiya\u00e7 duyulmaktad\u0131r.<br>Yeterli pozitif bas\u0131n\u00e7 odas\u0131 eksikli\u011fi, ent\u00fcbe edilmi\u015f veya kritik derecede stabil olmayan yan\u0131klar nedeniyle hastalar genellikle standart bir yo\u011fun bak\u0131m \u00fcnitesine kabul edilemez. Hastalar\u0131n ent\u00fcbe edilmesi veya yo\u011fun \u015fekilde sakinle\u015ftirilmesi, yaralanmalar\u0131n\u0131n ciddiyeti ve invaziv ve a\u011fr\u0131l\u0131 tedavi s\u00fcreci nedeniyle yayg\u0131nd\u0131r; bu nedenle, Yan\u0131k \u00dcnitelerinin bu hastalar\u0131n ve t\u0131bbi ihtiya\u00e7lar\u0131n\u0131n bak\u0131m\u0131na uygun \u00e7ok say\u0131da tek ki\u015filik oda i\u00e7ermesi gerekmektedir. Pozitif bas\u0131n\u00e7l\u0131 odalar, bireysel izleme, mekanik havaland\u0131rma ve b\u00fcy\u00fck yara\/tedavi arabalar\u0131 i\u00e7in yeterli alana sahip olmal\u0131d\u0131r.<\/p>\n\n\n\n<p>Yan\u0131k hastalar\u0131n\u0131n bak\u0131m talepleri ve hastalar\u0131n tedavi i\u00e7in di\u011fer birimlere nakledilememe olas\u0131l\u0131\u011f\u0131 g\u00f6z \u00f6n\u00fcne al\u0131nd\u0131\u011f\u0131nda, Yan\u0131k \u00dcnitesinin destek odalar\u0131 ve alanlar a\u00e7\u0131s\u0131ndan kendi kendine yeterli olmas\u0131 gerekti\u011fi \u00f6ng\u00f6r\u00fclmektedir. \u00dcnitenin destek alanlar\u0131 ve tedavi odas\u0131 say\u0131lar\u0131n\u0131n yatak say\u0131s\u0131na kar\u015f\u0131l\u0131k gelmesi zorunlu de\u011fildir. Daha az say\u0131da yatakla bile (12 yataktan az), tam bir destek odas\u0131 seti gerekli olacakt\u0131r.<br>\u00dcnite odalar\u0131n\u0131n b\u00fcy\u00fckl\u00fc\u011f\u00fc, hastay\u0131, gerekli personeli, izleme kapasitelerini, ya\u015fam destek ekipman\u0131n\u0131 ve g\u00fcvenlik hususlar\u0131 ile destek hizmetlerini bar\u0131nd\u0131rmak i\u00e7in yeterli olmal\u0131d\u0131r.<br>\u00c7al\u0131\u015fma alanlar\u0131 ve depolama alanlar\u0131, gerekli t\u00fcm malzemeleri muhafaza etmeye ve personelin odadan \u00e7\u0131kmas\u0131na gerek kalmadan istenen t\u00fcm prosed\u00fcrlerin ger\u00e7ekle\u015ftirilmesine izin vermeye yeterli olmal\u0131d\u0131r.<\/p>\n\n\n<div class=\"wp-block-image\">\n<figure class=\"aligncenter size-full\"><img loading=\"lazy\" decoding=\"async\" width=\"671\" height=\"827\" src=\"https:\/\/hastanemimari.com\/wp-content\/uploads\/2022\/11\/Yanik_Unitesi.png\" alt=\"Yan\u0131k \u00dcnitesi\" class=\"wp-image-318\" srcset=\"https:\/\/hastanemimari.com\/wp-content\/uploads\/2022\/11\/Yanik_Unitesi.png 671w, https:\/\/hastanemimari.com\/wp-content\/uploads\/2022\/11\/Yanik_Unitesi-243x300.png 243w\" sizes=\"auto, (max-width: 671px) 100vw, 671px\" \/><figcaption class=\"wp-element-caption\">Yan\u0131k \u00dcnitesi Fonksiyonel \u0130li\u015fkiler Diyagram\u0131 <\/figcaption><\/figure>\n<\/div>","protected":false},"excerpt":{"rendered":"<p>1.Giri\u015fYan\u0131k \u00dcnitesi, ciddi yan\u0131k yaralanmas\u0131 ge\u00e7irmi\u015f hastalar\u0131n tedavisi i\u00e7in uzmanla\u015fm\u0131\u015f bir birimdir. Bu yaralanmalar \u00f6nemli ve karma\u015f\u0131kt\u0131r; ilk hastanede yat\u0131\u015f s\u00fcresi genellikle uzundur ve bunu genellikle aylarca, hatta y\u0131llarca s\u00fcren yo\u011fun rehabilitasyon izler. Bu ki\u015filer her zaman yak\u0131ndan izlenmeli, de\u011ferlendirilmeli ve ilgilenilmelidir. A\u011f\u0131r yan\u0131klar\u0131 olan hastalar, yan\u0131klar\u0131n \u00e7oklu sistem etkisinden dolay\u0131 s\u0131kl\u0131kla mekanik ventilasyona ve &#8230; <a title=\"Yan\u0131k \u00dcnitesi\" class=\"read-more\" href=\"https:\/\/hastanemimari.com\/index.php\/planlama\/fonksiyonel-planlama-birimleri\/yanik-unitesi\/\" aria-label=\"More on Yan\u0131k \u00dcnitesi\">Devam\u0131n\u0131 oku&#8230;<\/a><\/p>\n","protected":false},"author":1,"featured_media":0,"parent":177,"menu_order":4,"comment_status":"closed","ping_status":"closed","template":"","meta":{"footnotes":""},"class_list":["post-287","page","type-page","status-publish"],"yoast_head":"<!-- This site is optimized with the Yoast SEO plugin v19.10 - https:\/\/yoast.com\/wordpress\/plugins\/seo\/ -->\n<title>Yan\u0131k \u00dcnitesi - Hastane Mimar\u0131<\/title>\n<meta name=\"description\" content=\"Yan\u0131k \u00dcnitesi Fonksiyonel Planlama Diyagram\u0131. Yan\u0131k \u00dcnitesi Planlamas\u0131 nas\u0131l olmal\u0131d\u0131r, nelere dikkat edilmelidir?\" \/>\n<meta name=\"robots\" content=\"index, follow, max-snippet:-1, max-image-preview:large, max-video-preview:-1\" \/>\n<link rel=\"canonical\" href=\"https:\/\/hastanemimari.com\/index.php\/planlama\/fonksiyonel-planlama-birimleri\/yanik-unitesi\/\" \/>\n<meta property=\"og:locale\" content=\"tr_TR\" \/>\n<meta property=\"og:type\" content=\"article\" \/>\n<meta property=\"og:title\" content=\"Yan\u0131k \u00dcnitesi - Hastane Mimar\u0131\" \/>\n<meta property=\"og:description\" content=\"Yan\u0131k \u00dcnitesi Fonksiyonel Planlama Diyagram\u0131. Yan\u0131k \u00dcnitesi Planlamas\u0131 nas\u0131l olmal\u0131d\u0131r, nelere dikkat edilmelidir?\" \/>\n<meta property=\"og:url\" content=\"https:\/\/hastanemimari.com\/index.php\/planlama\/fonksiyonel-planlama-birimleri\/yanik-unitesi\/\" \/>\n<meta property=\"og:site_name\" content=\"Hastane Mimar\u0131\" \/>\n<meta property=\"article:publisher\" content=\"https:\/\/www.facebook.com\/sogomimarlik\" \/>\n<meta property=\"article:modified_time\" content=\"2022-11-21T02:36:08+00:00\" \/>\n<meta property=\"og:image\" content=\"https:\/\/hastanemimari.com\/wp-content\/uploads\/2022\/11\/Yanik_Unitesi.png\" \/>\n<meta name=\"twitter:card\" content=\"summary_large_image\" \/>\n<meta name=\"twitter:label1\" content=\"Tahmini okuma s\u00fcresi\" \/>\n\t<meta name=\"twitter:data1\" content=\"4 dakika\" \/>\n<script type=\"application\/ld+json\" class=\"yoast-schema-graph\">{\"@context\":\"https:\/\/schema.org\",\"@graph\":[{\"@type\":\"WebPage\",\"@id\":\"https:\/\/hastanemimari.com\/index.php\/planlama\/fonksiyonel-planlama-birimleri\/yanik-unitesi\/\",\"url\":\"https:\/\/hastanemimari.com\/index.php\/planlama\/fonksiyonel-planlama-birimleri\/yanik-unitesi\/\",\"name\":\"Yan\u0131k \u00dcnitesi - Hastane Mimar\u0131\",\"isPartOf\":{\"@id\":\"https:\/\/hastanemimari.com\/#website\"},\"datePublished\":\"2022-11-19T12:26:36+00:00\",\"dateModified\":\"2022-11-21T02:36:08+00:00\",\"description\":\"Yan\u0131k \u00dcnitesi Fonksiyonel Planlama Diyagram\u0131. Yan\u0131k \u00dcnitesi Planlamas\u0131 nas\u0131l olmal\u0131d\u0131r, nelere dikkat edilmelidir?\",\"breadcrumb\":{\"@id\":\"https:\/\/hastanemimari.com\/index.php\/planlama\/fonksiyonel-planlama-birimleri\/yanik-unitesi\/#breadcrumb\"},\"inLanguage\":\"tr\",\"potentialAction\":[{\"@type\":\"ReadAction\",\"target\":[\"https:\/\/hastanemimari.com\/index.php\/planlama\/fonksiyonel-planlama-birimleri\/yanik-unitesi\/\"]}]},{\"@type\":\"BreadcrumbList\",\"@id\":\"https:\/\/hastanemimari.com\/index.php\/planlama\/fonksiyonel-planlama-birimleri\/yanik-unitesi\/#breadcrumb\",\"itemListElement\":[{\"@type\":\"ListItem\",\"position\":1,\"name\":\"Hastane Mimar\u0131\",\"item\":\"https:\/\/hastanemimari.com\/\"},{\"@type\":\"ListItem\",\"position\":2,\"name\":\"Planlama\",\"item\":\"https:\/\/hastanemimari.com\/index.php\/planlama\/\"},{\"@type\":\"ListItem\",\"position\":3,\"name\":\"Fonksiyonel Planlama Birimleri\",\"item\":\"https:\/\/hastanemimari.com\/index.php\/planlama\/fonksiyonel-planlama-birimleri\/\"},{\"@type\":\"ListItem\",\"position\":4,\"name\":\"Yan\u0131k \u00dcnitesi\"}]},{\"@type\":\"WebSite\",\"@id\":\"https:\/\/hastanemimari.com\/#website\",\"url\":\"https:\/\/hastanemimari.com\/\",\"name\":\"Hastane Mimar\u0131\",\"description\":\"Hastane projeleri hakk\u0131nda her\u015fey\",\"publisher\":{\"@id\":\"https:\/\/hastanemimari.com\/#\/schema\/person\/d8e7b0b159e8315eacaf999c545ddf94\"},\"potentialAction\":[{\"@type\":\"SearchAction\",\"target\":{\"@type\":\"EntryPoint\",\"urlTemplate\":\"https:\/\/hastanemimari.com\/?s={search_term_string}\"},\"query-input\":\"required name=search_term_string\"}],\"inLanguage\":\"tr\"},{\"@type\":[\"Person\",\"Organization\"],\"@id\":\"https:\/\/hastanemimari.com\/#\/schema\/person\/d8e7b0b159e8315eacaf999c545ddf94\",\"name\":\"admin\",\"image\":{\"@type\":\"ImageObject\",\"inLanguage\":\"tr\",\"@id\":\"https:\/\/hastanemimari.com\/#\/schema\/person\/image\/\",\"url\":\"https:\/\/hastanemimari.com\/wp-content\/uploads\/2022\/11\/cropped-Beyaz-Zarif-Isim-Bas-Harfli-Logo-1-e1668897993455.png\",\"contentUrl\":\"https:\/\/hastanemimari.com\/wp-content\/uploads\/2022\/11\/cropped-Beyaz-Zarif-Isim-Bas-Harfli-Logo-1-e1668897993455.png\",\"width\":200,\"height\":77,\"caption\":\"admin\"},\"logo\":{\"@id\":\"https:\/\/hastanemimari.com\/#\/schema\/person\/image\/\"},\"sameAs\":[\"https:\/\/hastanemimari.com\",\"https:\/\/www.facebook.com\/sogomimarlik\",\"https:\/\/www.instagram.com\/sogomimarlik\/\",\"https:\/\/www.linkedin.com\/company\/sogo-mimarlik\"]}]}<\/script>\n<!-- \/ Yoast SEO plugin. -->","yoast_head_json":{"title":"Yan\u0131k \u00dcnitesi - Hastane Mimar\u0131","description":"Yan\u0131k \u00dcnitesi Fonksiyonel Planlama Diyagram\u0131. Yan\u0131k \u00dcnitesi Planlamas\u0131 nas\u0131l olmal\u0131d\u0131r, nelere dikkat edilmelidir?","robots":{"index":"index","follow":"follow","max-snippet":"max-snippet:-1","max-image-preview":"max-image-preview:large","max-video-preview":"max-video-preview:-1"},"canonical":"https:\/\/hastanemimari.com\/index.php\/planlama\/fonksiyonel-planlama-birimleri\/yanik-unitesi\/","og_locale":"tr_TR","og_type":"article","og_title":"Yan\u0131k \u00dcnitesi - Hastane Mimar\u0131","og_description":"Yan\u0131k \u00dcnitesi Fonksiyonel Planlama Diyagram\u0131. Yan\u0131k \u00dcnitesi Planlamas\u0131 nas\u0131l olmal\u0131d\u0131r, nelere dikkat edilmelidir?","og_url":"https:\/\/hastanemimari.com\/index.php\/planlama\/fonksiyonel-planlama-birimleri\/yanik-unitesi\/","og_site_name":"Hastane Mimar\u0131","article_publisher":"https:\/\/www.facebook.com\/sogomimarlik","article_modified_time":"2022-11-21T02:36:08+00:00","og_image":[{"url":"https:\/\/hastanemimari.com\/wp-content\/uploads\/2022\/11\/Yanik_Unitesi.png"}],"twitter_card":"summary_large_image","twitter_misc":{"Tahmini okuma s\u00fcresi":"4 dakika"},"schema":{"@context":"https:\/\/schema.org","@graph":[{"@type":"WebPage","@id":"https:\/\/hastanemimari.com\/index.php\/planlama\/fonksiyonel-planlama-birimleri\/yanik-unitesi\/","url":"https:\/\/hastanemimari.com\/index.php\/planlama\/fonksiyonel-planlama-birimleri\/yanik-unitesi\/","name":"Yan\u0131k \u00dcnitesi - Hastane Mimar\u0131","isPartOf":{"@id":"https:\/\/hastanemimari.com\/#website"},"datePublished":"2022-11-19T12:26:36+00:00","dateModified":"2022-11-21T02:36:08+00:00","description":"Yan\u0131k \u00dcnitesi Fonksiyonel Planlama Diyagram\u0131. Yan\u0131k \u00dcnitesi Planlamas\u0131 nas\u0131l olmal\u0131d\u0131r, nelere dikkat edilmelidir?","breadcrumb":{"@id":"https:\/\/hastanemimari.com\/index.php\/planlama\/fonksiyonel-planlama-birimleri\/yanik-unitesi\/#breadcrumb"},"inLanguage":"tr","potentialAction":[{"@type":"ReadAction","target":["https:\/\/hastanemimari.com\/index.php\/planlama\/fonksiyonel-planlama-birimleri\/yanik-unitesi\/"]}]},{"@type":"BreadcrumbList","@id":"https:\/\/hastanemimari.com\/index.php\/planlama\/fonksiyonel-planlama-birimleri\/yanik-unitesi\/#breadcrumb","itemListElement":[{"@type":"ListItem","position":1,"name":"Hastane Mimar\u0131","item":"https:\/\/hastanemimari.com\/"},{"@type":"ListItem","position":2,"name":"Planlama","item":"https:\/\/hastanemimari.com\/index.php\/planlama\/"},{"@type":"ListItem","position":3,"name":"Fonksiyonel Planlama Birimleri","item":"https:\/\/hastanemimari.com\/index.php\/planlama\/fonksiyonel-planlama-birimleri\/"},{"@type":"ListItem","position":4,"name":"Yan\u0131k \u00dcnitesi"}]},{"@type":"WebSite","@id":"https:\/\/hastanemimari.com\/#website","url":"https:\/\/hastanemimari.com\/","name":"Hastane Mimar\u0131","description":"Hastane projeleri hakk\u0131nda her\u015fey","publisher":{"@id":"https:\/\/hastanemimari.com\/#\/schema\/person\/d8e7b0b159e8315eacaf999c545ddf94"},"potentialAction":[{"@type":"SearchAction","target":{"@type":"EntryPoint","urlTemplate":"https:\/\/hastanemimari.com\/?s={search_term_string}"},"query-input":"required name=search_term_string"}],"inLanguage":"tr"},{"@type":["Person","Organization"],"@id":"https:\/\/hastanemimari.com\/#\/schema\/person\/d8e7b0b159e8315eacaf999c545ddf94","name":"admin","image":{"@type":"ImageObject","inLanguage":"tr","@id":"https:\/\/hastanemimari.com\/#\/schema\/person\/image\/","url":"https:\/\/hastanemimari.com\/wp-content\/uploads\/2022\/11\/cropped-Beyaz-Zarif-Isim-Bas-Harfli-Logo-1-e1668897993455.png","contentUrl":"https:\/\/hastanemimari.com\/wp-content\/uploads\/2022\/11\/cropped-Beyaz-Zarif-Isim-Bas-Harfli-Logo-1-e1668897993455.png","width":200,"height":77,"caption":"admin"},"logo":{"@id":"https:\/\/hastanemimari.com\/#\/schema\/person\/image\/"},"sameAs":["https:\/\/hastanemimari.com","https:\/\/www.facebook.com\/sogomimarlik","https:\/\/www.instagram.com\/sogomimarlik\/","https:\/\/www.linkedin.com\/company\/sogo-mimarlik"]}]}},"_links":{"self":[{"href":"https:\/\/hastanemimari.com\/index.php\/wp-json\/wp\/v2\/pages\/287","targetHints":{"allow":["GET"]}}],"collection":[{"href":"https:\/\/hastanemimari.com\/index.php\/wp-json\/wp\/v2\/pages"}],"about":[{"href":"https:\/\/hastanemimari.com\/index.php\/wp-json\/wp\/v2\/types\/page"}],"author":[{"embeddable":true,"href":"https:\/\/hastanemimari.com\/index.php\/wp-json\/wp\/v2\/users\/1"}],"replies":[{"embeddable":true,"href":"https:\/\/hastanemimari.com\/index.php\/wp-json\/wp\/v2\/comments?post=287"}],"version-history":[{"count":4,"href":"https:\/\/hastanemimari.com\/index.php\/wp-json\/wp\/v2\/pages\/287\/revisions"}],"predecessor-version":[{"id":325,"href":"https:\/\/hastanemimari.com\/index.php\/wp-json\/wp\/v2\/pages\/287\/revisions\/325"}],"up":[{"embeddable":true,"href":"https:\/\/hastanemimari.com\/index.php\/wp-json\/wp\/v2\/pages\/177"}],"wp:attachment":[{"href":"https:\/\/hastanemimari.com\/index.php\/wp-json\/wp\/v2\/media?parent=287"}],"curies":[{"name":"wp","href":"https:\/\/api.w.org\/{rel}","templated":true}]}}