{"id":281,"date":"2022-11-19T15:24:18","date_gmt":"2022-11-19T12:24:18","guid":{"rendered":"https:\/\/hastanemimari.com\/?page_id=281"},"modified":"2022-11-19T15:48:58","modified_gmt":"2022-11-19T12:48:58","slug":"hasta-kabul-ve-taburcu-birimi","status":"publish","type":"page","link":"https:\/\/hastanemimari.com\/index.php\/planlama\/fonksiyonel-planlama-birimleri\/hasta-kabul-ve-taburcu-birimi\/","title":{"rendered":"Hasta Kabul ve Taburcu Birimi"},"content":{"rendered":"\n<p><strong>Hasta Kabul Birimi<br><\/strong>Kabul Birimi, bir hastan\u0131n bir sa\u011fl\u0131k kurulu\u015funa kabul\u00fcn\u00fc ve bir sa\u011fl\u0131k tesisine\/kurulu\u015fundan taburcu edilmesini desteklemek i\u00e7in bilgileri koordine eden ve i\u015fleyen merkezi bir idari hizmettir.<br><br>Hastalar\u0131n bir sa\u011fl\u0131k kurulu\u015funa kabul\u00fc bir acil servis (plans\u0131z) veya randevu (planl\u0131) yoluyla olabilir. Hastaneye yat\u0131r\u0131lmas\u0131 gereken hastalar\u0131n \u00e7o\u011fu, \u00f6nceden planlanm\u0131\u015f randevulu yat\u0131\u015flard\u0131r ve bir t\u0131p pratisyen\/uzman\u0131 taraf\u0131ndan kabul talebi al\u0131nd\u0131\u011f\u0131nda ya bir g\u00fcnl\u00fck hasta (ayn\u0131 g\u00fcn) olarak ya da bir yatarak tedavi \u00fcnitesine kabul edilirler.<br><br>Kabul Birimi genellikle bir hastan\u0131n birincil irtibat noktas\u0131d\u0131r, bu nedenle planlama, kurumsal g\u00f6rselleri en aza indirmeli ve stresi azaltmak ve mahremiyeti desteklemek i\u00e7in hasta ve aile \u00fcyelerine tan\u0131d\u0131k ve rahatlat\u0131c\u0131 kaplamalar ve mobilyalar sa\u011flamal\u0131d\u0131r.<\/p>\n\n\n\n<p>Kabul birimi i\u00e7in gereken tesislerin \u00e7e\u015fitleri de\u011fi\u015fiklik g\u00f6sterebilir  ve bu kurulu\u015fun Klinik Operasyonel Politikalar\u0131 ve Hizmet Y\u00f6nergelerinde sa\u011flanacak hizmet yelpazesine ba\u011fl\u0131 olacakt\u0131r.<\/p>\n\n\n\n<p>Kabul Birimleri iki s\u00fcreci \u00fcstlenir: Genellikle bir Kabul \u00d6ncesi Klini\u011finde sa\u011flanan idari ve klinik de\u011ferlendirme. <br><br>A\u015fa\u011f\u0131daki Kabul Birimi hizmetleri ve i\u015flevleri i\u00e7in h\u00fck\u00fcmler, planlama s\u00fcrecinin ba\u015flar\u0131nda d\u00fc\u015f\u00fcn\u00fclmelidir.<\/p>\n\n\n\n<p>\u0130dari s\u00fcre\u00e7ler:<\/p>\n\n\n\n<ul class=\"wp-block-list\">\n<li> Elektronik ve bas\u0131l\u0131 kabul sevk belgelerinin koordinasyonu, g\u00f6zden ge\u00e7irilmesi ve y\u00f6netimi<\/li>\n\n\n\n<li> \u015eahsen veya telefonla kabul bilgi gerekliliklerinin tamamlanmas\u0131nda hastalara yard\u0131m sa\u011flanmas\u0131<\/li>\n\n\n\n<li>Hastalar\u0131n var\u0131\u015f noktas\u0131nda kabul belgelerini tamamlamak i\u00e7in bir servise veya departmana mobil hizmet sa\u011flanmas\u0131<\/li>\n\n\n\n<li>Hastaneler aras\u0131 transferlerde yard\u0131m<\/li>\n\n\n\n<li>Kabul kay\u0131tlar\u0131n\u0131n haz\u0131rlanmas\u0131 ve bak\u0131m\u0131 ile ilgili idari i\u015flevler<\/li>\n\n\n\n<li>Bir sa\u011fl\u0131k kurulu\u015funda yatak y\u00f6netimi\/tahsisinde yard\u0131m<\/li>\n\n\n\n<li>Hasta geli\u015finin ve bir sa\u011fl\u0131k birimine kabul\u00fcn\u00fcn koordinasyonunda yard\u0131m<\/li>\n\n\n\n<li>Ameliyathane listesi y\u00f6netiminin koordinasyonunda yard\u0131m<\/li>\n\n\n\n<li>Bir \u00f6n kabul poliklini\u011fine kat\u0131l\u0131m i\u00e7in randevular\u0131n koordinasyonunda yard\u0131m<\/li>\n\n\n\n<li>Finans birimi i\u00e7in finansal bilgilerin toplanmas\u0131. Klinik De\u011ferlendirme s\u00fcre\u00e7leri:<\/li>\n\n\n\n<li>Kabul belgelerinin ve onay formlar\u0131n\u0131n doldurulmas\u0131<\/li>\n\n\n\n<li>Anestezi uzmanlar\u0131na veya di\u011fer sa\u011fl\u0131k profesyonellerine hasta sevklerinin organizasyonu<\/li>\n\n\n\n<li>Hasta te\u015fhis testlerinin organizasyonu (patoloji, g\u00f6r\u00fcnt\u00fcleme, kardiyak)<\/li>\n\n\n\n<li>Hasta sa\u011fl\u0131k kay\u0131tlar\u0131n\u0131n, de\u011ferlendirmelerinin ve te\u015fhis sonu\u00e7lar\u0131n\u0131n organizasyonu<\/li>\n\n\n\n<li>Tahliye planlamas\u0131n\u0131n ba\u015flat\u0131lmas\u0131<\/li>\n<\/ul>\n\n\n\n<p><strong>Taburcu Salonu <br><\/strong>Operasyon Politikas\u0131na g\u00f6re bir Tahliye Salonu sa\u011flanabilir. Transit Lounge veya Giden Yolcu Salonu olarak da adland\u0131r\u0131lan Taburcu Salonu&#8217;nun amac\u0131, taburcu olmay\u0131 planlayan hastalar\u0131n taburculuk s\u00fcrecini tamamlayacak bir alana nakledilerek tesise yatak kapasitesi y\u00f6netiminde yard\u0131mc\u0131 olmakt\u0131r. Stabil hastalara taburcu olduklar\u0131 g\u00fcn hem\u015fire g\u00f6zetimi ve yard\u0131m\u0131 ile g\u00fcvenli ve konforlu bir bekleme alan\u0131 sa\u011flar.<\/p>\n\n\n\n<p>Bu alanda, hastalar nakil ve bak\u0131c\u0131lar\u0131n\u0131 bekleyebilir, taburcu \u00f6zetleri, gelecekteki bak\u0131m planlar\u0131, ila\u00e7lar ve t\u0131bbi sertifikalar alabilir, Yard\u0131mc\u0131 Sa\u011fl\u0131k kons\u00fcltasyonlar\u0131 ve\/veya toplum sa\u011fl\u0131\u011f\u0131 hizmetleri d\u00fczenleyebilir ve hastane  hesaplar\u0131n\u0131 sonu\u00e7land\u0131rabilir.<\/p>\n\n\n\n<ul class=\"wp-block-list\">\n<li>Discharge Lounge&#8217;da ger\u00e7ekle\u015ftirilen baz\u0131 faaliyetler \u015funlard\u0131r:<\/li>\n\n\n\n<li>Taburcu \u00f6zeti, bak\u0131m planlar\u0131, sa\u011fl\u0131k raporu ve ila\u00e7 re\u00e7etesi gibi taburcu evraklar\u0131n\u0131n tamamlanmas\u0131<\/li>\n\n\n\n<li>Uzman hem\u015fire\/yard\u0131mc\u0131 sa\u011fl\u0131k kons\u00fcltasyonu beklenmesi<\/li>\n\n\n\n<li>Aileden, arkada\u015flardan, bak\u0131c\u0131lardan kar\u015f\u0131lama ula\u015f\u0131m\u0131 veya hasta nakil hizmetleri<\/li>\n\n\n\n<li>Eczaneden re\u00e7eteli ila\u00e7 almak<\/li>\n\n\n\n<li>Evde kullan\u0131m i\u00e7in \u00f6d\u00fcn\u00e7 al\u0131nacak  ekipman\u0131n  temininin beklenmesi<\/li>\n\n\n\n<li>Varsa hastane hesaplar\u0131n\u0131n kapat\u0131lmas\u0131. <\/li>\n<\/ul>\n\n\n\n<p><\/p>\n\n\n\n<p><strong>\u00d6n Kabul Klini\u011fi<\/strong><\/p>\n\n\n\n<p>Kabul \u00f6ncesi klini\u011fi, kabul s\u00fcrecini kolayla\u015ft\u0131rmak i\u00e7in hastane ziyaretinden \u00f6nce hastalar\u0131n klinik de\u011ferlendirmesini \u00fcstlenir. \u00d6n kabul klini\u011fi Ayakta Tedavi klinikleri ile yan yana olabilir ancak ba\u011f\u0131ms\u0131z bir birim olabilir. \u00d6n kabul s\u00fcreci tipik olarak \u015funlar\u0131 i\u00e7erecektir:<\/p>\n\n\n\n<ul class=\"wp-block-list\">\n<li>T\u0131bbi de\u011ferlendirme ve \u00f6yk\u00fc<\/li>\n\n\n\n<li>Anestezi de\u011ferlendirmesi<\/li>\n\n\n\n<li>Patoloji, g\u00f6r\u00fcnt\u00fcleme, EKG gibi te\u015fhis testi<\/li>\n\n\n\n<li>Uygulanacak t\u0131bbi prosed\u00fcrler ve olas\u0131 iyile\u015fme s\u00fcreci hakk\u0131nda hasta e\u011fitimi<\/li>\n\n\n\n<li>Ama\u00e7lanan hastanede kal\u0131\u015f s\u00fcresinin mali y\u00f6nleri<\/li>\n\n\n\n<li>Tahliye planlamas\u0131.<\/li>\n<\/ul>\n\n\n<div class=\"wp-block-image\">\n<figure class=\"aligncenter size-full\"><img loading=\"lazy\" decoding=\"async\" width=\"749\" height=\"758\" src=\"https:\/\/hastanemimari.com\/wp-content\/uploads\/2022\/11\/Hasta_Kabul_ve_Taburcu_Birimi.png\" alt=\"\" class=\"wp-image-292\" srcset=\"https:\/\/hastanemimari.com\/wp-content\/uploads\/2022\/11\/Hasta_Kabul_ve_Taburcu_Birimi.png 749w, https:\/\/hastanemimari.com\/wp-content\/uploads\/2022\/11\/Hasta_Kabul_ve_Taburcu_Birimi-296x300.png 296w\" sizes=\"auto, (max-width: 749px) 100vw, 749px\" \/><figcaption class=\"wp-element-caption\">Resim 1: Fonksiyonel \u0130li\u015fki Diyagram\u0131<\/figcaption><\/figure>\n<\/div>","protected":false},"excerpt":{"rendered":"<p>Hasta Kabul BirimiKabul Birimi, bir hastan\u0131n bir sa\u011fl\u0131k kurulu\u015funa kabul\u00fcn\u00fc ve bir sa\u011fl\u0131k tesisine\/kurulu\u015fundan taburcu edilmesini desteklemek i\u00e7in bilgileri koordine eden ve i\u015fleyen merkezi bir idari hizmettir. Hastalar\u0131n bir sa\u011fl\u0131k kurulu\u015funa kabul\u00fc bir acil servis (plans\u0131z) veya randevu (planl\u0131) yoluyla olabilir. Hastaneye yat\u0131r\u0131lmas\u0131 gereken hastalar\u0131n \u00e7o\u011fu, \u00f6nceden planlanm\u0131\u015f randevulu yat\u0131\u015flard\u0131r ve bir t\u0131p pratisyen\/uzman\u0131 taraf\u0131ndan &#8230; <a title=\"Hasta Kabul ve Taburcu Birimi\" class=\"read-more\" href=\"https:\/\/hastanemimari.com\/index.php\/planlama\/fonksiyonel-planlama-birimleri\/hasta-kabul-ve-taburcu-birimi\/\" aria-label=\"More on Hasta Kabul ve Taburcu Birimi\">Devam\u0131n\u0131 oku&#8230;<\/a><\/p>\n","protected":false},"author":1,"featured_media":0,"parent":177,"menu_order":3,"comment_status":"closed","ping_status":"closed","template":"","meta":{"footnotes":""},"class_list":["post-281","page","type-page","status-publish"],"yoast_head":"<!-- This site is optimized with the Yoast SEO plugin v19.10 - https:\/\/yoast.com\/wordpress\/plugins\/seo\/ -->\n<title>Hasta Kabul ve Taburcu Birimi - Hastane Mimar\u0131<\/title>\n<meta name=\"robots\" content=\"index, follow, max-snippet:-1, max-image-preview:large, max-video-preview:-1\" \/>\n<link rel=\"canonical\" href=\"https:\/\/hastanemimari.com\/index.php\/planlama\/fonksiyonel-planlama-birimleri\/hasta-kabul-ve-taburcu-birimi\/\" \/>\n<meta property=\"og:locale\" content=\"tr_TR\" \/>\n<meta property=\"og:type\" content=\"article\" \/>\n<meta property=\"og:title\" content=\"Hasta Kabul ve Taburcu Birimi - Hastane Mimar\u0131\" \/>\n<meta property=\"og:description\" content=\"Hasta Kabul BirimiKabul Birimi, bir hastan\u0131n bir sa\u011fl\u0131k kurulu\u015funa kabul\u00fcn\u00fc ve bir sa\u011fl\u0131k tesisine\/kurulu\u015fundan taburcu edilmesini desteklemek i\u00e7in bilgileri koordine eden ve i\u015fleyen merkezi bir idari hizmettir. Hastalar\u0131n bir sa\u011fl\u0131k kurulu\u015funa kabul\u00fc bir acil servis (plans\u0131z) veya randevu (planl\u0131) yoluyla olabilir. Hastaneye yat\u0131r\u0131lmas\u0131 gereken hastalar\u0131n \u00e7o\u011fu, \u00f6nceden planlanm\u0131\u015f randevulu yat\u0131\u015flard\u0131r ve bir t\u0131p pratisyen\/uzman\u0131 taraf\u0131ndan ... Devam\u0131n\u0131 oku...\" \/>\n<meta property=\"og:url\" content=\"https:\/\/hastanemimari.com\/index.php\/planlama\/fonksiyonel-planlama-birimleri\/hasta-kabul-ve-taburcu-birimi\/\" \/>\n<meta property=\"og:site_name\" content=\"Hastane Mimar\u0131\" \/>\n<meta property=\"article:publisher\" content=\"https:\/\/www.facebook.com\/sogomimarlik\" \/>\n<meta property=\"article:modified_time\" content=\"2022-11-19T12:48:58+00:00\" \/>\n<meta property=\"og:image\" content=\"https:\/\/hastanemimari.com\/wp-content\/uploads\/2022\/11\/Hasta_Kabul_ve_Taburcu_Birimi.png\" \/>\n<meta name=\"twitter:card\" content=\"summary_large_image\" \/>\n<meta name=\"twitter:label1\" content=\"Tahmini okuma s\u00fcresi\" \/>\n\t<meta name=\"twitter:data1\" content=\"4 dakika\" \/>\n<script type=\"application\/ld+json\" class=\"yoast-schema-graph\">{\"@context\":\"https:\/\/schema.org\",\"@graph\":[{\"@type\":\"WebPage\",\"@id\":\"https:\/\/hastanemimari.com\/index.php\/planlama\/fonksiyonel-planlama-birimleri\/hasta-kabul-ve-taburcu-birimi\/\",\"url\":\"https:\/\/hastanemimari.com\/index.php\/planlama\/fonksiyonel-planlama-birimleri\/hasta-kabul-ve-taburcu-birimi\/\",\"name\":\"Hasta Kabul ve Taburcu Birimi - Hastane Mimar\u0131\",\"isPartOf\":{\"@id\":\"https:\/\/hastanemimari.com\/#website\"},\"datePublished\":\"2022-11-19T12:24:18+00:00\",\"dateModified\":\"2022-11-19T12:48:58+00:00\",\"breadcrumb\":{\"@id\":\"https:\/\/hastanemimari.com\/index.php\/planlama\/fonksiyonel-planlama-birimleri\/hasta-kabul-ve-taburcu-birimi\/#breadcrumb\"},\"inLanguage\":\"tr\",\"potentialAction\":[{\"@type\":\"ReadAction\",\"target\":[\"https:\/\/hastanemimari.com\/index.php\/planlama\/fonksiyonel-planlama-birimleri\/hasta-kabul-ve-taburcu-birimi\/\"]}]},{\"@type\":\"BreadcrumbList\",\"@id\":\"https:\/\/hastanemimari.com\/index.php\/planlama\/fonksiyonel-planlama-birimleri\/hasta-kabul-ve-taburcu-birimi\/#breadcrumb\",\"itemListElement\":[{\"@type\":\"ListItem\",\"position\":1,\"name\":\"Hastane Mimar\u0131\",\"item\":\"https:\/\/hastanemimari.com\/\"},{\"@type\":\"ListItem\",\"position\":2,\"name\":\"Planlama\",\"item\":\"https:\/\/hastanemimari.com\/index.php\/planlama\/\"},{\"@type\":\"ListItem\",\"position\":3,\"name\":\"Fonksiyonel Planlama Birimleri\",\"item\":\"https:\/\/hastanemimari.com\/index.php\/planlama\/fonksiyonel-planlama-birimleri\/\"},{\"@type\":\"ListItem\",\"position\":4,\"name\":\"Hasta Kabul ve Taburcu Birimi\"}]},{\"@type\":\"WebSite\",\"@id\":\"https:\/\/hastanemimari.com\/#website\",\"url\":\"https:\/\/hastanemimari.com\/\",\"name\":\"Hastane Mimar\u0131\",\"description\":\"Hastane projeleri hakk\u0131nda her\u015fey\",\"publisher\":{\"@id\":\"https:\/\/hastanemimari.com\/#\/schema\/person\/d8e7b0b159e8315eacaf999c545ddf94\"},\"potentialAction\":[{\"@type\":\"SearchAction\",\"target\":{\"@type\":\"EntryPoint\",\"urlTemplate\":\"https:\/\/hastanemimari.com\/?s={search_term_string}\"},\"query-input\":\"required name=search_term_string\"}],\"inLanguage\":\"tr\"},{\"@type\":[\"Person\",\"Organization\"],\"@id\":\"https:\/\/hastanemimari.com\/#\/schema\/person\/d8e7b0b159e8315eacaf999c545ddf94\",\"name\":\"admin\",\"image\":{\"@type\":\"ImageObject\",\"inLanguage\":\"tr\",\"@id\":\"https:\/\/hastanemimari.com\/#\/schema\/person\/image\/\",\"url\":\"https:\/\/hastanemimari.com\/wp-content\/uploads\/2022\/11\/cropped-Beyaz-Zarif-Isim-Bas-Harfli-Logo-1-e1668897993455.png\",\"contentUrl\":\"https:\/\/hastanemimari.com\/wp-content\/uploads\/2022\/11\/cropped-Beyaz-Zarif-Isim-Bas-Harfli-Logo-1-e1668897993455.png\",\"width\":200,\"height\":77,\"caption\":\"admin\"},\"logo\":{\"@id\":\"https:\/\/hastanemimari.com\/#\/schema\/person\/image\/\"},\"sameAs\":[\"https:\/\/hastanemimari.com\",\"https:\/\/www.facebook.com\/sogomimarlik\",\"https:\/\/www.instagram.com\/sogomimarlik\/\",\"https:\/\/www.linkedin.com\/company\/sogo-mimarlik\"]}]}<\/script>\n<!-- \/ Yoast SEO plugin. -->","yoast_head_json":{"title":"Hasta Kabul ve Taburcu Birimi - Hastane Mimar\u0131","robots":{"index":"index","follow":"follow","max-snippet":"max-snippet:-1","max-image-preview":"max-image-preview:large","max-video-preview":"max-video-preview:-1"},"canonical":"https:\/\/hastanemimari.com\/index.php\/planlama\/fonksiyonel-planlama-birimleri\/hasta-kabul-ve-taburcu-birimi\/","og_locale":"tr_TR","og_type":"article","og_title":"Hasta Kabul ve Taburcu Birimi - Hastane Mimar\u0131","og_description":"Hasta Kabul BirimiKabul Birimi, bir hastan\u0131n bir sa\u011fl\u0131k kurulu\u015funa kabul\u00fcn\u00fc ve bir sa\u011fl\u0131k tesisine\/kurulu\u015fundan taburcu edilmesini desteklemek i\u00e7in bilgileri koordine eden ve i\u015fleyen merkezi bir idari hizmettir. Hastalar\u0131n bir sa\u011fl\u0131k kurulu\u015funa kabul\u00fc bir acil servis (plans\u0131z) veya randevu (planl\u0131) yoluyla olabilir. Hastaneye yat\u0131r\u0131lmas\u0131 gereken hastalar\u0131n \u00e7o\u011fu, \u00f6nceden planlanm\u0131\u015f randevulu yat\u0131\u015flard\u0131r ve bir t\u0131p pratisyen\/uzman\u0131 taraf\u0131ndan ... Devam\u0131n\u0131 oku...","og_url":"https:\/\/hastanemimari.com\/index.php\/planlama\/fonksiyonel-planlama-birimleri\/hasta-kabul-ve-taburcu-birimi\/","og_site_name":"Hastane Mimar\u0131","article_publisher":"https:\/\/www.facebook.com\/sogomimarlik","article_modified_time":"2022-11-19T12:48:58+00:00","og_image":[{"url":"https:\/\/hastanemimari.com\/wp-content\/uploads\/2022\/11\/Hasta_Kabul_ve_Taburcu_Birimi.png"}],"twitter_card":"summary_large_image","twitter_misc":{"Tahmini okuma s\u00fcresi":"4 dakika"},"schema":{"@context":"https:\/\/schema.org","@graph":[{"@type":"WebPage","@id":"https:\/\/hastanemimari.com\/index.php\/planlama\/fonksiyonel-planlama-birimleri\/hasta-kabul-ve-taburcu-birimi\/","url":"https:\/\/hastanemimari.com\/index.php\/planlama\/fonksiyonel-planlama-birimleri\/hasta-kabul-ve-taburcu-birimi\/","name":"Hasta Kabul ve Taburcu Birimi - Hastane Mimar\u0131","isPartOf":{"@id":"https:\/\/hastanemimari.com\/#website"},"datePublished":"2022-11-19T12:24:18+00:00","dateModified":"2022-11-19T12:48:58+00:00","breadcrumb":{"@id":"https:\/\/hastanemimari.com\/index.php\/planlama\/fonksiyonel-planlama-birimleri\/hasta-kabul-ve-taburcu-birimi\/#breadcrumb"},"inLanguage":"tr","potentialAction":[{"@type":"ReadAction","target":["https:\/\/hastanemimari.com\/index.php\/planlama\/fonksiyonel-planlama-birimleri\/hasta-kabul-ve-taburcu-birimi\/"]}]},{"@type":"BreadcrumbList","@id":"https:\/\/hastanemimari.com\/index.php\/planlama\/fonksiyonel-planlama-birimleri\/hasta-kabul-ve-taburcu-birimi\/#breadcrumb","itemListElement":[{"@type":"ListItem","position":1,"name":"Hastane Mimar\u0131","item":"https:\/\/hastanemimari.com\/"},{"@type":"ListItem","position":2,"name":"Planlama","item":"https:\/\/hastanemimari.com\/index.php\/planlama\/"},{"@type":"ListItem","position":3,"name":"Fonksiyonel Planlama Birimleri","item":"https:\/\/hastanemimari.com\/index.php\/planlama\/fonksiyonel-planlama-birimleri\/"},{"@type":"ListItem","position":4,"name":"Hasta Kabul ve Taburcu Birimi"}]},{"@type":"WebSite","@id":"https:\/\/hastanemimari.com\/#website","url":"https:\/\/hastanemimari.com\/","name":"Hastane Mimar\u0131","description":"Hastane projeleri hakk\u0131nda her\u015fey","publisher":{"@id":"https:\/\/hastanemimari.com\/#\/schema\/person\/d8e7b0b159e8315eacaf999c545ddf94"},"potentialAction":[{"@type":"SearchAction","target":{"@type":"EntryPoint","urlTemplate":"https:\/\/hastanemimari.com\/?s={search_term_string}"},"query-input":"required name=search_term_string"}],"inLanguage":"tr"},{"@type":["Person","Organization"],"@id":"https:\/\/hastanemimari.com\/#\/schema\/person\/d8e7b0b159e8315eacaf999c545ddf94","name":"admin","image":{"@type":"ImageObject","inLanguage":"tr","@id":"https:\/\/hastanemimari.com\/#\/schema\/person\/image\/","url":"https:\/\/hastanemimari.com\/wp-content\/uploads\/2022\/11\/cropped-Beyaz-Zarif-Isim-Bas-Harfli-Logo-1-e1668897993455.png","contentUrl":"https:\/\/hastanemimari.com\/wp-content\/uploads\/2022\/11\/cropped-Beyaz-Zarif-Isim-Bas-Harfli-Logo-1-e1668897993455.png","width":200,"height":77,"caption":"admin"},"logo":{"@id":"https:\/\/hastanemimari.com\/#\/schema\/person\/image\/"},"sameAs":["https:\/\/hastanemimari.com","https:\/\/www.facebook.com\/sogomimarlik","https:\/\/www.instagram.com\/sogomimarlik\/","https:\/\/www.linkedin.com\/company\/sogo-mimarlik"]}]}},"_links":{"self":[{"href":"https:\/\/hastanemimari.com\/index.php\/wp-json\/wp\/v2\/pages\/281","targetHints":{"allow":["GET"]}}],"collection":[{"href":"https:\/\/hastanemimari.com\/index.php\/wp-json\/wp\/v2\/pages"}],"about":[{"href":"https:\/\/hastanemimari.com\/index.php\/wp-json\/wp\/v2\/types\/page"}],"author":[{"embeddable":true,"href":"https:\/\/hastanemimari.com\/index.php\/wp-json\/wp\/v2\/users\/1"}],"replies":[{"embeddable":true,"href":"https:\/\/hastanemimari.com\/index.php\/wp-json\/wp\/v2\/comments?post=281"}],"version-history":[{"count":3,"href":"https:\/\/hastanemimari.com\/index.php\/wp-json\/wp\/v2\/pages\/281\/revisions"}],"predecessor-version":[{"id":294,"href":"https:\/\/hastanemimari.com\/index.php\/wp-json\/wp\/v2\/pages\/281\/revisions\/294"}],"up":[{"embeddable":true,"href":"https:\/\/hastanemimari.com\/index.php\/wp-json\/wp\/v2\/pages\/177"}],"wp:attachment":[{"href":"https:\/\/hastanemimari.com\/index.php\/wp-json\/wp\/v2\/media?parent=281"}],"curies":[{"name":"wp","href":"https:\/\/api.w.org\/{rel}","templated":true}]}}