{"id":28,"date":"2022-11-15T17:43:22","date_gmt":"2022-11-15T14:43:22","guid":{"rendered":"https:\/\/hastanemimari.com\/?page_id=28"},"modified":"2022-11-22T17:16:03","modified_gmt":"2022-11-22T14:16:03","slug":"proje-yonetimi","status":"publish","type":"page","link":"https:\/\/hastanemimari.com\/index.php\/proje-yonetimi\/","title":{"rendered":"Proje Y\u00f6netimi"},"content":{"rendered":"\n<p><strong>Hastane Projelerinde<\/strong> Proje Y\u00f6netimi t\u00fcm karma\u015f\u0131k proje tiplerinde oldu\u011fu gibi b\u00fcy\u00fck \u00f6nem ta\u015f\u0131maktad\u0131r. Proje y\u00f6netimi s\u00fcrecin ve kaynaklar\u0131n en iyi \u015fekilde y\u00f6netilmesi, projelerin ve in\u015faat\u0131n  eksiksiz ve istenen kalitede ortaya \u00e7\u0131kabilmesi i\u00e7in bir mecburiyettir.<\/p>\n\n\n\n<p>Proje y\u00f6netiminin ilk a\u015famas\u0131<strong> tasar\u0131m proje<\/strong> y\u00f6netimidir. \u00dclkemizde projelendirme ve in\u015faat s\u00fcre\u00e7leri i\u00e7 i\u00e7e ge\u00e7se de ideal yakla\u015f\u0131m projelendirme s\u00fcrecinin tam olarak ger\u00e7ekle\u015fti\u011fi bir tasar\u0131m proje y\u00f6netimi d\u00f6neminden sonra in\u015faat\u0131n ba\u015flamas\u0131d\u0131r.<\/p>\n\n\n\n<p>Bu yakla\u015f\u0131m bir\u00e7ok kendi i\u00e7inde hakl\u0131 sebep ile uygulanamamaktad\u0131r. Bunlardan biri kamu taraf\u0131ndan  ihtiya\u00e7lar\u0131n projeksiyonunun do\u011fru \u015fekilde belirlenmemesi ve \u00fclkemizde bir\u00e7ok \u015feyin ihtiya\u00e7lar olu\u015ftuktan sonra gecikmeli olarak yap\u0131lmas\u0131 oldu\u011fu gibi di\u011fer bir sebep de beklenen  her g\u00fcn ekonomik belirsizlikler sebebi ile maliyetlerin de\u011fi\u015fmesidir. <br><br>Mesleki a\u00e7\u0131dan durumu de\u011ferlendirecek olursak i\u015fverenlerin bu s\u00fcre\u00e7leri i\u015fletmemesinin  bir sebebi de kalifiye meslek profesyonellerinin bulunmamas\u0131 ve in\u015faat b\u00fcnyesinde kurulacak dizayn ofis ile projelerin uygulama kadrosu ile birlikte detayland\u0131r\u0131lmas\u0131d\u0131r.<\/p>\n\n\n\n<p>\u00dclkemizde maalesef uygulama tecr\u00fcbesi olan mimari ofis say\u0131s\u0131 \u00e7ok azd\u0131r. Ruhsat projesi ve konsept proje \u00fcreten mimari gruplar projelerin t\u00fcm di\u011fer disiplinlerle birlikte uygulamaya y\u00f6nelik olarak \u00fcretilmesi konusunda yetersiz kalmaktad\u0131r. Uygulama tecr\u00fcbesi olmadan \u00fcretilen ruhsat projeleri ve konsept tasar\u0131mlar ise sahada b\u00fcy\u00fck revizyonlara ve maliyetlere sebep olmaktad\u0131r.<\/p>\n\n\n\n<p><strong><a href=\"http:\/\/www.sogomimarlik.com\">SOGO Mimarl\u0131k TPU <\/a><\/strong>Olarak biz uygulama k\u00f6kenli mimarlardan olu\u015fan ve t\u00fcm s\u00fcre\u00e7ler i\u00e7in tam hizmet verebilen bir bir Tasar\u0131m-Proje-Uygulama  yap\u0131s\u0131 olu\u015fturduk, b\u00f6ylece kendi proje y\u00f6neticilerimiz ile s\u00fcre\u00e7leri y\u00f6netiyoruz.<\/p>\n\n\n\n<h5 class=\"wp-block-heading\"><strong><mark style=\"background-color:rgba(0, 0, 0, 0)\" class=\"has-inline-color has-contrast-color\">Tasar\u0131m Proje Y\u00f6netimi<\/mark><\/strong><\/h5>\n\n\n\n<p>Bir proje ilgili taraflar\u0131n her birinin ilgili t\u00fcm disiplinlerde temsil edilmesi halinde ideal bir s\u00fcre\u00e7 y\u00f6netimi ve kaliteli bir proje \u00fcretim imkan\u0131 yakalar.<\/p>\n\n\n\n<p>Projeler i\u00e7in birinci taraf <strong>\u0130\u015fveren&#8217;dir<\/strong>. \u0130\u015fveren  hem projenin sahibi, hem yat\u0131r\u0131mc\u0131s\u0131 hem de i\u015fletmecisi olabilece\u011fi gibi  bu roller da\u011f\u0131t\u0131lm\u0131\u015f veya tan\u0131ms\u0131z da olabilir.<\/p>\n\n\n\n<p>Ancak her projenin nihai karar al\u0131c\u0131s\u0131 olarak bir <strong>\u0130\u015fveren&#8217;e <\/strong>ihtiyac\u0131 vard\u0131r. Bu projenin sahibi olmaktan \u00f6te kararlar\u0131n bir sahibi olmas\u0131 ile ilgili bir konudur.<br>\u0130\u015fveren t\u00fcm kararlar\u0131n\u0131 profesyonellere devir edebilir ve bu \u00e7o\u011fu zaman isabetli bir tercih olur ancak bu bile bir karard\u0131r ve bu karar\u0131n da verilmesi i\u00e7in bir ana karar verici olarak \u0130\u015fveren&#8217;in varl\u0131\u011f\u0131 ve projenin \u00fczerindeki gizli elinin var olmas\u0131 \u00f6nemlidir.<\/p>\n\n\n\n<p>Masam\u0131z\u0131n birinci koltu\u011funa \u0130\u015fveren&#8217;i oturttuk. Yan\u0131na \u0130\u015fveren temsilcisi olarak ba\u015fka roller de ekleyece\u011fiz. <br><br>\u0130kinci taraf <strong>Devlet&#8217;tir<\/strong>. Devleti temsilen kar\u015f\u0131m\u0131za projenin farkl\u0131 a\u015famalar\u0131nda farkl\u0131 kurumlar\u0131n temsilcilerini g\u00f6rece\u011fiz ancak bu a\u015famada ikinci koltu\u011fu da Devlet&#8217;e ay\u0131rd\u0131\u011f\u0131m\u0131z\u0131 belirterek yolumuza devam edelim.<\/p>\n\n\n\n<p>\u00dc\u00e7\u00fcnc\u00fc \u00f6nemli taraf <strong>Proje ekipleridir<\/strong>. Bu kalabal\u0131k grubun rollerini ayr\u0131ca detayland\u0131raca\u011f\u0131z.<\/p>\n\n\n\n<p> D\u00f6rd\u00fcnc\u00fc taraf <strong>M\u00fcteahhit&#8217;tir<\/strong>. <\/p>\n\n\n\n<p>Be\u015finci taraf <strong>Profesyonel <\/strong><a href=\"http:\/\/www.sogomimarlik.com\"><strong>Proje Y\u00f6netim<\/strong> <strong>Firmas\u0131<\/strong><\/a><strong>d\u0131r<\/strong>.<\/p>\n\n\n\n<p>Alt\u0131nc\u0131 taraf ise <strong>Kullan\u0131c\u0131lar <\/strong>olarak tan\u0131mlanabilir. Kullan\u0131c\u0131lar fiilen masada olmasalar bile t\u00fcm yap\u0131lan i\u015fler kullan\u0131c\u0131lar\u0131n iyi bir deneyimi i\u00e7indir ve biz masada onlar\u0131n var oldu\u011funu unutmadan i\u015fimizi yapar\u0131z.<\/p>\n\n\n\n<h6 class=\"wp-block-heading\"><strong>\u015eimdi masam\u0131z\u0131n taraflar\u0131n\u0131 listeleyelim.<\/strong><\/h6>\n\n\n\n<ol class=\"wp-block-list\">\n<li>\u0130\u015fveren<\/li>\n\n\n\n<li>Devlet<\/li>\n\n\n\n<li>Proje Ekipleri<\/li>\n\n\n\n<li>M\u00fcteahhit<\/li>\n\n\n\n<li>Proje Y\u00f6netim Firmas\u0131<\/li>\n\n\n\n<li>Kullan\u0131c\u0131lar<\/li>\n<\/ol>\n\n\n\n<ol class=\"wp-block-list\">\n<li><strong>\u0130\u015fveren :<\/strong> Hastane projelerinde \u0130\u015fveren dahil t\u00fcm gruplar\u0131n profesyonel bir bak\u0131\u015f a\u00e7\u0131s\u0131na ve analitik d\u00fc\u015f\u00fcnme yetisine sahip olmas\u0131 hayati \u00f6neme sahiptir. Ba\u015far\u0131l\u0131 bir proje s\u00fcreci <strong>\u0130\u015fveren&#8217;in  <\/strong>t\u00fcm payda\u015flar\u0131 do\u011fru se\u00e7mesine ba\u011fl\u0131d\u0131r ve kurulan ekibin uyumu ve mesleklerinde deneyimli olmalar\u0131  <strong>projenin ba\u015far\u0131s\u0131n\u0131 ve stres y\u00fck\u00fcn\u00fc<\/strong> belirleyecektir.<br>Her i\u015fverenin proje ile ilgili kararlar\u0131 almas\u0131 i\u00e7in dan\u0131\u015fmanlara ihtiyac\u0131 olacakt\u0131r. Sa\u011fl\u0131kl\u0131 bir s\u00fcrecin y\u00fcr\u00fct\u00fclebilmesi ve do\u011fru kararlar al\u0131narak ilerlenilebilmesi i\u00e7in \u0130\u015fveren taraf\u0131nda bulunmas\u0131 gereken zorunlu dan\u0131\u015fmanlar a\u015fa\u011f\u0131daki gibidir.<br>\n<ul class=\"wp-block-list\">\n<li><strong>1.1. Yat\u0131r\u0131m Dan\u0131\u015fman\u0131 : <\/strong>Her proje,  ister kamu projesi olsun ister \u00f6zel sekt\u00f6r bir yat\u0131r\u0131md\u0131r. Yat\u0131r\u0131mlar\u0131n finansal analizler, piyasa ara\u015ft\u0131rmalar\u0131na, ROI (Return On Investment&nbsp;)-Yat\u0131r\u0131m Getirisi hesaplamalar\u0131na, risk analizlerine ve bir gelecek vizyonuna ihtiyac\u0131 vard\u0131r. Bu \u00e7al\u0131\u015fmalar profesyonel olarak yap\u0131lmaz ise milyonlarca lira harcanan yat\u0131r\u0131mlar kusurlu, verimsiz ve hatta hayatta kalamayacak kadar ba\u015far\u0131s\u0131z sonu\u00e7lara sahip olabilir. Yanl\u0131\u015f konumland\u0131r\u0131ld\u0131\u011f\u0131 i\u00e7in hi\u00e7 \u00f6\u011frencisi olmayan okullar, konut projeleri, hava alanlar\u0131, misafiri olmayan oteller mutlaka kar\u015f\u0131n\u0131za \u00e7\u0131km\u0131\u015ft\u0131r. Bu b\u00fcy\u00fck yat\u0131r\u0131mlar\u0131n bir\u00e7o\u011fu profesyonel de\u011fil duygusal veya siyasi kararlar\u0131n neticesinde bu duruma d\u00fc\u015fm\u00fc\u015ft\u00fcr. <\/li>\n\n\n\n<li><strong>1.2. <a href=\"https:\/\/www.linkedin.com\/in\/%C5%9Fenol-g%C3%B6kner-75643824\/\">Mimari Dan\u0131\u015fman<\/a> : <\/strong>\u0130\u015fveren taraf\u0131nda arazi kararlar\u0131n\u0131n verilmesi, s\u00f6zle\u015fmelerin y\u00f6netilmesi, Devletle olan ili\u015fkilerin ve resmi s\u00fcre\u00e7lerin  y\u00f6netilmesi, mimari tasar\u0131m grubunun ald\u0131\u011f\u0131 kararlar\u0131n sorgulanmas\u0131 ve onaylanmas\u0131 ve uygulama s\u00fcreci ve ruhsat s\u00fcre\u00e7lerinde tutarl\u0131 ve ak\u0131c\u0131 bir s\u00fcre\u00e7 elde edilebilmesi i\u00e7in mimari dan\u0131\u015fman gereklidir. Bu dan\u0131\u015fman gerekti\u011fi kadar toplant\u0131lara kat\u0131l\u0131p, s\u00fcreci ve yaz\u0131\u015fmalar\u0131 takip ederek i\u015fverenin y\u00fck\u00fcn\u00fc al\u0131r ve proje mimari tarafta payda\u015flarda olabilecek de\u011fi\u015fikliklere ve s\u00fcre\u00e7teki olas\u0131 aksamalara  ra\u011fmen mimari haf\u0131zan\u0131n s\u00fcreklili\u011fini sa\u011flar.<\/li>\n\n\n\n<li><strong>1.3. Statik Dan\u0131\u015fman\u0131 : <\/strong>Statik proje a\u015famas\u0131nda proje ekiplerinin verece\u011fi kararlar\u0131n \u0130\u015fveren ad\u0131na sorgulanmas\u0131, se\u00e7ilen sistemin do\u011frulanmas\u0131, projelerin optimizasyonunun de\u011ferlendirilmesi ve \u0130\u015fveren ad\u0131na onaylar\u0131n verilmesi i\u00e7in gereklidir. \u0130ster \u00e7elik olsun ister betonarme ta\u015f\u0131y\u0131c\u0131 sistem binan\u0131n kalbidir. Hatal\u0131 kararlar sebebi ile in\u015faat\u0131n sonuna kadar defalarca m\u00fcdahaleye ve zarar verilmeye maruz  kalan ta\u015f\u0131y\u0131c\u0131 sistemlerin, kat y\u00fckseklikleri, \u015faft konumlar\u0131, sabit ve hareketli y\u00fcklerin yanl\u0131\u015f hesaplanmas\u0131 ve yanl\u0131\u015f projelendirme sebebi ile s\u00fcre\u00e7 boyunca bir sahibinin ve i\u015fveren taraf\u0131nda sorumlusunun olmas\u0131 \u00f6nemlidir.<\/li>\n\n\n\n<li><strong>1.4. Mekanik Dan\u0131\u015fman\u0131 : <\/strong>\u0130\u015fletme maliyetleri i\u00e7inde b\u00fcy\u00fck yeri olan, verimlili\u011fi \u00fcst d\u00fczeyde sorgulanmas\u0131 gereken ve anla\u015f\u0131lmas\u0131 g\u00fc\u00e7 oldu\u011fu i\u00e7in yeteri kadar \u00fczerinde durulmayan Mekanik Proje ve imalatlar \u0130\u015fveren taraf\u0131nda verilmesi gereken bir\u00e7ok yat\u0131r\u0131m ve i\u015fletme karar\u0131 i\u00e7ermektedir. Mutlaka bir dan\u0131\u015fman ile \u0130\u015fveren taraf\u0131nda temsil edilmelidir.<\/li>\n\n\n\n<li><strong> 1.5. Elektrik Dan\u0131\u015fman\u0131 :<\/strong>  Mekanik i\u015flere g\u00f6re daha az bak\u0131m gideri olan ancak projelendirme ve sat\u0131n alma s\u00fcrecinde karar y\u00fck\u00fc fazla olan Elektrik i\u015fleri \u0130\u015fveren taraf\u0131nda mutlaka temsile edilmelidir. Do\u011fru kurgulanm\u0131\u015f bir elektrik sistemi ve zay\u0131f ak\u0131m sistemi projeye de\u011fer katmakla kalmaz i\u015fletme giderleri ve verimlilik a\u00e7\u0131s\u0131ndan ciddi fayda sa\u011flayacakt\u0131r.<\/li>\n\n\n\n<li><strong>1.6 Medikal Dan\u0131\u015fman : <\/strong>Hastane ihtiya\u00e7 program\u0131n\u0131n belirlenmesi, medikal ekipman listelerinin haz\u0131rlanmas\u0131, mimari, mekanik ve elektrik proje gruplar\u0131na temin edilmesi gereken oda bilgi formlar\u0131n\u0131n haz\u0131rlanmas\u0131, medikal sat\u0131n alma s\u00fcre\u00e7leri, hastane y\u00f6netim ve personel kayna\u011f\u0131n\u0131n belirlenmesi gibi bir\u00e7ok \u00f6nemli i\u00e7in <strong>Medikal Dan\u0131\u015fman<\/strong> zorunludur.  Medikal Dan\u0131\u015fman \u0130\u015fveren taraf\u0131nda temsil edilmesinin \u00f6tesinde \u0130\u015fveren taraf\u0131ndan temin edilmesi gereken ana akt\u00f6rlerden biridir.<\/li>\n\n\n\n<li><strong>1.7. Yang\u0131n Dan\u0131\u015fman\u0131 :<\/strong> Hastane projeleri i\u00e7in zorunlu profesyonel kadrolardan biri Yang\u0131n dan\u0131\u015fman\u0131d\u0131r. \u0130\u015fveren taraf\u0131ndan temin edilmesi gereken ve proje i\u00e7in gerekli y\u00f6nlendirmeyi, raporlar\u0131 ve yang\u0131n projelerini temin edecek olan Yang\u0131n Dan\u0131\u015fman\u0131, proje s\u00fcreci bittikten sonra uygulama s\u00fcrecinde ve hastanenin ruhsatland\u0131r\u0131l\u0131p a\u00e7\u0131lmas\u0131na kadar olan t\u00fcm s\u00fcre\u00e7te aktif rol alacakt\u0131r. Bu hizmetin \u0130\u015fveren taraf\u0131ndan temini, tutarl\u0131 ve sorunsuz bir projelendirme ve uygulama s\u00fcreci i\u00e7in \u00e7ok \u00f6nemlidir. \u00d6zellikle Mimari, Mekanik, Elektrik projelerinin her a\u015famas\u0131nda Yang\u0131n dan\u0131\u015fman\u0131 \u00e7ok \u00f6nemli bir taraf olacakt\u0131r. \u00c7elik yap\u0131lar tercih edilecek ise statik proje i\u00e7inde ba\u011flay\u0131c\u0131 bir\u00e7ok veri ve karar Yang\u0131n dan\u0131\u015fman\u0131 taraf\u0131ndan temin edilecektir.<\/li>\n\n\n\n<li><strong>1.8. Ruhsat Dan\u0131\u015fman\u0131:<\/strong> Hastane projelerinde g\u00fcncel y\u00f6netmelikler, uygulamalar ve ruhsat s\u00fcre\u00e7 y\u00f6netimi i\u00e7in bir profesyonel dan\u0131\u015fman ile ilerlemek gerekecektir.<br><\/li>\n<\/ul>\n<\/li>\n\n\n\n<li><strong>Devlet<\/strong> : Devlet farkl\u0131 kademelerde proje s\u00fcreci boyunca farkl\u0131 kurumlar\u0131 ile s\u00fcrekli kar\u015f\u0131m\u0131za \u00e7\u0131kacakt\u0131r. Proje ba\u015flang\u0131c\u0131ndan itibaren bu kurumlar\u0131 listelemeye \u00e7al\u0131\u015fal\u0131m.\n<ul class=\"wp-block-list\">\n<li><strong>2.1. Belediyeler :<\/strong> Projelerin onaylanmas\u0131 ve proje ruhsatlar\u0131n\u0131n al\u0131nmas\u0131 belediye yetki alan\u0131nda ise belediyelerin ,imar, proje ve ruhsat departmanlar\u0131 <\/li>\n\n\n\n<li><strong>2.2. \u00c7evre ve \u015eehircilik Bakanl\u0131\u011f\u0131 :<\/strong> Kamu hastaneleri i\u00e7in imar ve ruhsatland\u0131rma bakanl\u0131k kapsam\u0131nda olabilmektedir.  <\/li>\n\n\n\n<li><strong>2.3. Sa\u011fl\u0131k Bakanl\u0131\u011f\u0131 :<\/strong> Sa\u011fl\u0131k bakanl\u0131\u011f\u0131 hem ruhsatland\u0131rma a\u00e7\u0131s\u0131ndan hem de kamu hastaneleri i\u00e7in \u0130\u015fveren olarak kar\u015f\u0131m\u0131za \u00e7\u0131kmaktad\u0131r.<\/li>\n\n\n\n<li><strong>2.4. \u00c7al\u0131\u015fma ve Sosyal G\u00fcvenlik Bakanl\u0131\u011f\u0131:<\/strong> \u0130\u015f g\u00fcvenli\u011fi konusunda kar\u015f\u0131m\u0131za \u00e7\u0131kacakt\u0131r.<br><\/li>\n<\/ul>\n<\/li>\n\n\n\n<li><strong>Proje Ekipleri: <\/strong>\n\n\n\n\n<ul class=\"wp-block-list\">\n<li>3.1. <a href=\"http:\/\/www.sogomimarlik.com\">Mimari Proje Grubu:<\/a>\n<ul class=\"wp-block-list\">\n<li>Mimari Proje Grubu<\/li>\n\n\n\n<li>\u0130\u00e7 Mimari Proje Grubu<\/li>\n\n\n\n<li>Peyzaj Proje Grubu<\/li>\n<\/ul>\n<\/li>\n<\/ul>\n\n\n\n<ul class=\"wp-block-list\">\n<li>3.2. Statik Proje Grubu<\/li>\n\n\n\n<li>3.3. Mekanik Proje Grubu<\/li>\n\n\n\n<li>3.4. Elektrik Proje Grubu<\/li>\n<\/ul>\n<\/li>\n<\/ol>\n\n\n\n<p><strong>PROJE BA\u015eLANGICI &gt;F\u0130Z\u0130B\u0130L\u0130TE \u00c7ALI\u015eMASI &gt;PROJEN\u0130N B\u0130LE\u015eENLER\u0130&gt;TASARIM KR\u0130TERLER\u0130N\u0130N BEL\u0130RLENMES\u0130 &gt;MED\u0130CAL PLANLAMA&gt;FONKS\u0130YONEL PLANLAMA &gt;\u015eEMAT\u0130K VE DETAYLI TASARIM GEL\u0130\u015eT\u0130RME &gt;<\/strong><\/p>\n","protected":false},"excerpt":{"rendered":"<p>Hastane Projelerinde Proje Y\u00f6netimi t\u00fcm karma\u015f\u0131k proje tiplerinde oldu\u011fu gibi b\u00fcy\u00fck \u00f6nem ta\u015f\u0131maktad\u0131r. Proje y\u00f6netimi s\u00fcrecin ve kaynaklar\u0131n en iyi \u015fekilde y\u00f6netilmesi, projelerin ve in\u015faat\u0131n eksiksiz ve istenen kalitede ortaya \u00e7\u0131kabilmesi i\u00e7in bir mecburiyettir. Proje y\u00f6netiminin ilk a\u015famas\u0131 tasar\u0131m proje y\u00f6netimidir. \u00dclkemizde projelendirme ve in\u015faat s\u00fcre\u00e7leri i\u00e7 i\u00e7e ge\u00e7se de ideal yakla\u015f\u0131m projelendirme s\u00fcrecinin tam &#8230; <a title=\"Proje Y\u00f6netimi\" class=\"read-more\" href=\"https:\/\/hastanemimari.com\/index.php\/proje-yonetimi\/\" aria-label=\"More on Proje Y\u00f6netimi\">Devam\u0131n\u0131 oku&#8230;<\/a><\/p>\n","protected":false},"author":1,"featured_media":0,"parent":0,"menu_order":0,"comment_status":"closed","ping_status":"closed","template":"","meta":{"footnotes":""},"class_list":["post-28","page","type-page","status-publish"],"yoast_head":"<!-- This site is optimized with the Yoast SEO plugin v19.10 - https:\/\/yoast.com\/wordpress\/plugins\/seo\/ -->\n<title>Proje Y\u00f6netimi - Hastane Mimar\u0131<\/title>\n<meta name=\"description\" content=\"Hastane Projeleri Proje Y\u00f6netimi hakk\u0131nda bilgiler. Hastane Tasar\u0131m Proje Y\u00f6netimi , Hastane \u015eantiye Proje Y\u00f6netimi\" \/>\n<meta name=\"robots\" content=\"index, follow, max-snippet:-1, max-image-preview:large, max-video-preview:-1\" \/>\n<link rel=\"canonical\" href=\"https:\/\/hastanemimari.com\/index.php\/proje-yonetimi\/\" \/>\n<meta property=\"og:locale\" content=\"tr_TR\" \/>\n<meta property=\"og:type\" content=\"article\" \/>\n<meta property=\"og:title\" content=\"Proje Y\u00f6netimi - Hastane Mimar\u0131\" \/>\n<meta property=\"og:description\" content=\"Hastane Projeleri Proje Y\u00f6netimi hakk\u0131nda bilgiler. Hastane Tasar\u0131m Proje Y\u00f6netimi , Hastane \u015eantiye Proje Y\u00f6netimi\" \/>\n<meta property=\"og:url\" content=\"https:\/\/hastanemimari.com\/index.php\/proje-yonetimi\/\" \/>\n<meta property=\"og:site_name\" content=\"Hastane Mimar\u0131\" \/>\n<meta property=\"article:publisher\" content=\"https:\/\/www.facebook.com\/sogomimarlik\" \/>\n<meta property=\"article:modified_time\" content=\"2022-11-22T14:16:03+00:00\" \/>\n<meta name=\"twitter:card\" content=\"summary_large_image\" \/>\n<meta name=\"twitter:label1\" content=\"Tahmini okuma s\u00fcresi\" \/>\n\t<meta name=\"twitter:data1\" content=\"7 dakika\" \/>\n<script type=\"application\/ld+json\" class=\"yoast-schema-graph\">{\"@context\":\"https:\/\/schema.org\",\"@graph\":[{\"@type\":\"WebPage\",\"@id\":\"https:\/\/hastanemimari.com\/index.php\/proje-yonetimi\/\",\"url\":\"https:\/\/hastanemimari.com\/index.php\/proje-yonetimi\/\",\"name\":\"Proje Y\u00f6netimi - Hastane Mimar\u0131\",\"isPartOf\":{\"@id\":\"https:\/\/hastanemimari.com\/#website\"},\"datePublished\":\"2022-11-15T14:43:22+00:00\",\"dateModified\":\"2022-11-22T14:16:03+00:00\",\"description\":\"Hastane Projeleri Proje Y\u00f6netimi hakk\u0131nda bilgiler. Hastane Tasar\u0131m Proje Y\u00f6netimi , Hastane \u015eantiye Proje Y\u00f6netimi\",\"breadcrumb\":{\"@id\":\"https:\/\/hastanemimari.com\/index.php\/proje-yonetimi\/#breadcrumb\"},\"inLanguage\":\"tr\",\"potentialAction\":[{\"@type\":\"ReadAction\",\"target\":[\"https:\/\/hastanemimari.com\/index.php\/proje-yonetimi\/\"]}]},{\"@type\":\"BreadcrumbList\",\"@id\":\"https:\/\/hastanemimari.com\/index.php\/proje-yonetimi\/#breadcrumb\",\"itemListElement\":[{\"@type\":\"ListItem\",\"position\":1,\"name\":\"Hastane Mimar\u0131\",\"item\":\"https:\/\/hastanemimari.com\/\"},{\"@type\":\"ListItem\",\"position\":2,\"name\":\"Proje Y\u00f6netimi\"}]},{\"@type\":\"WebSite\",\"@id\":\"https:\/\/hastanemimari.com\/#website\",\"url\":\"https:\/\/hastanemimari.com\/\",\"name\":\"Hastane Mimar\u0131\",\"description\":\"Hastane projeleri hakk\u0131nda her\u015fey\",\"publisher\":{\"@id\":\"https:\/\/hastanemimari.com\/#\/schema\/person\/d8e7b0b159e8315eacaf999c545ddf94\"},\"potentialAction\":[{\"@type\":\"SearchAction\",\"target\":{\"@type\":\"EntryPoint\",\"urlTemplate\":\"https:\/\/hastanemimari.com\/?s={search_term_string}\"},\"query-input\":\"required name=search_term_string\"}],\"inLanguage\":\"tr\"},{\"@type\":[\"Person\",\"Organization\"],\"@id\":\"https:\/\/hastanemimari.com\/#\/schema\/person\/d8e7b0b159e8315eacaf999c545ddf94\",\"name\":\"admin\",\"image\":{\"@type\":\"ImageObject\",\"inLanguage\":\"tr\",\"@id\":\"https:\/\/hastanemimari.com\/#\/schema\/person\/image\/\",\"url\":\"https:\/\/hastanemimari.com\/wp-content\/uploads\/2022\/11\/cropped-Beyaz-Zarif-Isim-Bas-Harfli-Logo-1-e1668897993455.png\",\"contentUrl\":\"https:\/\/hastanemimari.com\/wp-content\/uploads\/2022\/11\/cropped-Beyaz-Zarif-Isim-Bas-Harfli-Logo-1-e1668897993455.png\",\"width\":200,\"height\":77,\"caption\":\"admin\"},\"logo\":{\"@id\":\"https:\/\/hastanemimari.com\/#\/schema\/person\/image\/\"},\"sameAs\":[\"https:\/\/hastanemimari.com\",\"https:\/\/www.facebook.com\/sogomimarlik\",\"https:\/\/www.instagram.com\/sogomimarlik\/\",\"https:\/\/www.linkedin.com\/company\/sogo-mimarlik\"]}]}<\/script>\n<!-- \/ Yoast SEO plugin. -->","yoast_head_json":{"title":"Proje Y\u00f6netimi - Hastane Mimar\u0131","description":"Hastane Projeleri Proje Y\u00f6netimi hakk\u0131nda bilgiler. Hastane Tasar\u0131m Proje Y\u00f6netimi , Hastane \u015eantiye Proje Y\u00f6netimi","robots":{"index":"index","follow":"follow","max-snippet":"max-snippet:-1","max-image-preview":"max-image-preview:large","max-video-preview":"max-video-preview:-1"},"canonical":"https:\/\/hastanemimari.com\/index.php\/proje-yonetimi\/","og_locale":"tr_TR","og_type":"article","og_title":"Proje Y\u00f6netimi - Hastane Mimar\u0131","og_description":"Hastane Projeleri Proje Y\u00f6netimi hakk\u0131nda bilgiler. Hastane Tasar\u0131m Proje Y\u00f6netimi , Hastane \u015eantiye Proje Y\u00f6netimi","og_url":"https:\/\/hastanemimari.com\/index.php\/proje-yonetimi\/","og_site_name":"Hastane Mimar\u0131","article_publisher":"https:\/\/www.facebook.com\/sogomimarlik","article_modified_time":"2022-11-22T14:16:03+00:00","twitter_card":"summary_large_image","twitter_misc":{"Tahmini okuma s\u00fcresi":"7 dakika"},"schema":{"@context":"https:\/\/schema.org","@graph":[{"@type":"WebPage","@id":"https:\/\/hastanemimari.com\/index.php\/proje-yonetimi\/","url":"https:\/\/hastanemimari.com\/index.php\/proje-yonetimi\/","name":"Proje Y\u00f6netimi - Hastane Mimar\u0131","isPartOf":{"@id":"https:\/\/hastanemimari.com\/#website"},"datePublished":"2022-11-15T14:43:22+00:00","dateModified":"2022-11-22T14:16:03+00:00","description":"Hastane Projeleri Proje Y\u00f6netimi hakk\u0131nda bilgiler. Hastane Tasar\u0131m Proje Y\u00f6netimi , Hastane \u015eantiye Proje Y\u00f6netimi","breadcrumb":{"@id":"https:\/\/hastanemimari.com\/index.php\/proje-yonetimi\/#breadcrumb"},"inLanguage":"tr","potentialAction":[{"@type":"ReadAction","target":["https:\/\/hastanemimari.com\/index.php\/proje-yonetimi\/"]}]},{"@type":"BreadcrumbList","@id":"https:\/\/hastanemimari.com\/index.php\/proje-yonetimi\/#breadcrumb","itemListElement":[{"@type":"ListItem","position":1,"name":"Hastane Mimar\u0131","item":"https:\/\/hastanemimari.com\/"},{"@type":"ListItem","position":2,"name":"Proje Y\u00f6netimi"}]},{"@type":"WebSite","@id":"https:\/\/hastanemimari.com\/#website","url":"https:\/\/hastanemimari.com\/","name":"Hastane Mimar\u0131","description":"Hastane projeleri hakk\u0131nda her\u015fey","publisher":{"@id":"https:\/\/hastanemimari.com\/#\/schema\/person\/d8e7b0b159e8315eacaf999c545ddf94"},"potentialAction":[{"@type":"SearchAction","target":{"@type":"EntryPoint","urlTemplate":"https:\/\/hastanemimari.com\/?s={search_term_string}"},"query-input":"required name=search_term_string"}],"inLanguage":"tr"},{"@type":["Person","Organization"],"@id":"https:\/\/hastanemimari.com\/#\/schema\/person\/d8e7b0b159e8315eacaf999c545ddf94","name":"admin","image":{"@type":"ImageObject","inLanguage":"tr","@id":"https:\/\/hastanemimari.com\/#\/schema\/person\/image\/","url":"https:\/\/hastanemimari.com\/wp-content\/uploads\/2022\/11\/cropped-Beyaz-Zarif-Isim-Bas-Harfli-Logo-1-e1668897993455.png","contentUrl":"https:\/\/hastanemimari.com\/wp-content\/uploads\/2022\/11\/cropped-Beyaz-Zarif-Isim-Bas-Harfli-Logo-1-e1668897993455.png","width":200,"height":77,"caption":"admin"},"logo":{"@id":"https:\/\/hastanemimari.com\/#\/schema\/person\/image\/"},"sameAs":["https:\/\/hastanemimari.com","https:\/\/www.facebook.com\/sogomimarlik","https:\/\/www.instagram.com\/sogomimarlik\/","https:\/\/www.linkedin.com\/company\/sogo-mimarlik"]}]}},"_links":{"self":[{"href":"https:\/\/hastanemimari.com\/index.php\/wp-json\/wp\/v2\/pages\/28","targetHints":{"allow":["GET"]}}],"collection":[{"href":"https:\/\/hastanemimari.com\/index.php\/wp-json\/wp\/v2\/pages"}],"about":[{"href":"https:\/\/hastanemimari.com\/index.php\/wp-json\/wp\/v2\/types\/page"}],"author":[{"embeddable":true,"href":"https:\/\/hastanemimari.com\/index.php\/wp-json\/wp\/v2\/users\/1"}],"replies":[{"embeddable":true,"href":"https:\/\/hastanemimari.com\/index.php\/wp-json\/wp\/v2\/comments?post=28"}],"version-history":[{"count":19,"href":"https:\/\/hastanemimari.com\/index.php\/wp-json\/wp\/v2\/pages\/28\/revisions"}],"predecessor-version":[{"id":352,"href":"https:\/\/hastanemimari.com\/index.php\/wp-json\/wp\/v2\/pages\/28\/revisions\/352"}],"wp:attachment":[{"href":"https:\/\/hastanemimari.com\/index.php\/wp-json\/wp\/v2\/media?parent=28"}],"curies":[{"name":"wp","href":"https:\/\/api.w.org\/{rel}","templated":true}]}}