{"id":26,"date":"2022-11-15T17:42:50","date_gmt":"2022-11-15T14:42:50","guid":{"rendered":"https:\/\/hastanemimari.com\/?page_id=26"},"modified":"2022-11-17T15:19:03","modified_gmt":"2022-11-17T12:19:03","slug":"standartlar","status":"publish","type":"page","link":"https:\/\/hastanemimari.com\/index.php\/kutuphane\/standartlar\/","title":{"rendered":"Standartlar"},"content":{"rendered":"\n<p>Hastane projeleri konusunda  teknik kadrolar olarak bizi ba\u011flayan yerel y\u00f6netmelikler kadar uluslararas\u0131 standartlarda bulunmaktad\u0131r.<\/p>\n\n\n\n<p>\u00d6zellikle sa\u011fl\u0131k turizmine odaklanm\u0131\u015f hastaneler ba\u015fta olmak \u00fczere uluslararas\u0131 akreditasyon almak isteyen t\u00fcm hastanelerin bu standartlara uygun in\u015fa edilmi\u015f olmas\u0131 \u00f6nem arz etmektedir.<\/p>\n\n\n\n<p>\u00dclkemizde hastane projelerinde kullan\u0131lmak \u00fczere bakanl\u0131\u011f\u0131m\u0131z taraf\u0131ndan yay\u0131nlanm\u0131\u015f bir Asgari Tasar\u0131m Standartlar\u0131 K\u0131lavuzu yer almaktad\u0131r. Bu \u00e7al\u0131\u015fma yeterli olmasa da \u00f6nemli bir \u00e7al\u0131\u015fmad\u0131r.<br><br><strong>\u00dclkemizde yap\u0131lacak hastaneler i\u00e7in uyulmas\u0131 gereken kanun y\u00f6netmelik ve standartlar  bu k\u0131lavuzda a\u015fa\u011f\u0131daki \u015fekilde listelenmi\u015ftir.<br><\/strong><br><strong>1.5 Y\u00f6netmelikler ve Standartlar<br><\/strong>1.5.1 Uyulmas\u0131 Gereken \u015eartlar<br>Yeni i\u015flerin ve eklemelerin ger\u00e7ekle\u015ftirildi\u011fi durumlarda a\u015fa\u011f\u0131daki \u201ckanun, y\u00f6netmelik ve ilgili oda \u015fartlar\u0131\u201dna uyulmas\u0131 gerekmektedir.<br>1.5.1.1 Kanunlar<br>\u2500 3194 Say\u0131l\u0131 \u0130mar Kanunu<br>\u2500 Ta\u015fk\u0131n Sulara ve Su Bask\u0131nlar\u0131na Kar\u015f\u0131 Korunma Kanunu<br>\u2500 Belediye Kanunu<br>\u2500 B\u00fcy\u00fck\u015fehir Belediyesi Kanunu<br>\u2500 \u0130l \u00d6zel \u0130daresi Kanunu<br>\u2500 Kat M\u00fclkiyeti Kanunu<br><strong>1.5.1.2 Y\u00f6netmelikler<br><\/strong>\u2500 Acil Sa\u011fl\u0131k Hizmetleri Y\u00f6netmeli\u011fi<br>\u2500 Afetlere \u0130li\u015fkin Acil Yard\u0131m Te\u015fkilat\u0131 ve Planlama Esaslar\u0131na Dair Y\u00f6netmelik<br>\u2500 A\u011f\u0131z ve Di\u015f Sa\u011fl\u0131\u011f\u0131 Hizmeti Sunulan \u00d6zel Sa\u011fl\u0131k Kurulu\u015flar\u0131 Hakk\u0131nda Y\u00f6netmelik<br>\u2500 Ambulanslar ve Acil Sa\u011fl\u0131k Ara\u00e7lar\u0131 ile Ambulans Hizmetleri Y\u00f6netmeli\u011fi<br>\u2500 At\u0131klar\u0131n D\u00fczenli Depolanmas\u0131na \u0130li\u015fkin Y\u00f6netmelik<br>\u2500 Karayollar\u0131 Kenar\u0131nda Yap\u0131lacak ve A\u00e7\u0131lacak Tesislere \u0130li\u015fkin Y\u00f6netmelik<br>\u2500 Otopark Y\u00f6netmeli\u011fi<br>\u2500 Gayri S\u0131hhi M\u00fcessese Y\u00f6netmeli\u011fi<br>\u2500 Evsel ve T\u0131bbi At\u0131k Y\u00f6netmeli\u011fi<br>\u2500 Kat\u0131 At\u0131k Y\u00f6netmeli\u011fi<br>\u2500 3030 Say\u0131l\u0131 B\u00fcy\u00fck\u015fehir Belediyesi D\u0131\u015f\u0131nda Kalan Belediyeler Tip \u0130mar &#8211; Y\u00f6netmeli\u011fi<br>\u2500 Plan Yap\u0131m\u0131na Ait Esaslara Dair Y\u00f6netmelik<br>\u2500 G\u00fcr\u00fclt\u00fc Kontrol\u00fc Y\u00f6netmeli\u011fi<br>\u2500 Karayollar\u0131 Trafik Y\u00f6netmeli\u011fi<br>\u2500 K\u0131y\u0131 Kanununun Uygulanmas\u0131na Dair Y\u00f6netmelik<br>\u2500 \u00d6zel Huzurevleri ve Ya\u015fl\u0131 Bak\u0131mevleri Y\u00f6netmeli\u011fi<br>\u2500 Su Kirlili\u011fi Y\u00f6netmeli\u011fi<br>\u2500 Deprem Y\u00f6netmeli\u011fi<br>\u2500 Yang\u0131n Y\u00f6netmeli\u011fi<br>\u2500 Su ve Kanalizasyon Belediye Y\u00f6netmeli\u011fi<br>\u2500 Tesisat Projesi Belediye ve Do\u011fal Gaz Y\u00f6netmeli\u011fi<br>\u2500 S\u0131\u011f\u0131nak \u0130n\u015fas\u0131na Y\u00f6nelik Y\u00f6netmelikler<br><strong>1.5.1.3 Oda \u015eartlar\u0131<br><\/strong>\u2500 Mimari Proje, Mimarlar Odas\u0131 ve Belediye \u015eartlar\u0131<br>\u2500 Statik Proje, \u0130n\u015faat M\u00fchendisleri Odas\u0131 \u015eartlar\u0131<br>\u2500 Elektrik Projesi, Belediye ve Elektrik M\u00fchendisleri Odas\u0131 \u015eartlar\u0131<br><strong>1.5.2 Ki\u015fisel Sa\u011fl\u0131k Bilgilerinin Korunmas\u0131<br><\/strong>Yasalar kapsam\u0131nda her t\u00fcrl\u00fc sa\u011fl\u0131k bilgisinin mahremiyetini korumak i\u00e7in i\u015fletme y\u00f6ntemleri ve fiziksel ara\u00e7lar\u0131n uygulanmas\u0131 zorunludur.<br>Tesisler; k\u00e2\u011f\u0131t, elektronik kay\u0131t ve \u00f6zel konu\u015fmalar da d\u00e2hil olmak \u00fczere koruma alt\u0131ndaki her t\u00fcr ve \u015fekildeki sa\u011fl\u0131k bilgilerinin gizlili\u011fini destekleyen bilgi g\u00fcvenli\u011fi y\u00f6netim sistemine uygun olarak tasarlanmal\u0131d\u0131r.<\/p>\n\n\n\n<p><\/p>\n","protected":false},"excerpt":{"rendered":"<p>Hastane projeleri konusunda teknik kadrolar olarak bizi ba\u011flayan yerel y\u00f6netmelikler kadar uluslararas\u0131 standartlarda bulunmaktad\u0131r. \u00d6zellikle sa\u011fl\u0131k turizmine odaklanm\u0131\u015f hastaneler ba\u015fta olmak \u00fczere uluslararas\u0131 akreditasyon almak isteyen t\u00fcm hastanelerin bu standartlara uygun in\u015fa edilmi\u015f olmas\u0131 \u00f6nem arz etmektedir. \u00dclkemizde hastane projelerinde kullan\u0131lmak \u00fczere bakanl\u0131\u011f\u0131m\u0131z taraf\u0131ndan yay\u0131nlanm\u0131\u015f bir Asgari Tasar\u0131m Standartlar\u0131 K\u0131lavuzu yer almaktad\u0131r. Bu \u00e7al\u0131\u015fma yeterli &#8230; <a title=\"Standartlar\" class=\"read-more\" href=\"https:\/\/hastanemimari.com\/index.php\/kutuphane\/standartlar\/\" aria-label=\"More on Standartlar\">Devam\u0131n\u0131 oku&#8230;<\/a><\/p>\n","protected":false},"author":1,"featured_media":0,"parent":30,"menu_order":1,"comment_status":"closed","ping_status":"closed","template":"","meta":{"footnotes":""},"class_list":["post-26","page","type-page","status-publish"],"yoast_head":"<!-- This site is optimized with the Yoast SEO plugin v19.10 - https:\/\/yoast.com\/wordpress\/plugins\/seo\/ -->\n<title>Standartlar - Hastane Mimar\u0131<\/title>\n<meta name=\"robots\" content=\"index, follow, max-snippet:-1, max-image-preview:large, max-video-preview:-1\" \/>\n<link rel=\"canonical\" href=\"https:\/\/hastanemimari.com\/index.php\/kutuphane\/standartlar\/\" \/>\n<meta property=\"og:locale\" content=\"tr_TR\" \/>\n<meta property=\"og:type\" content=\"article\" \/>\n<meta property=\"og:title\" content=\"Standartlar - Hastane Mimar\u0131\" \/>\n<meta property=\"og:description\" content=\"Hastane projeleri konusunda teknik kadrolar olarak bizi ba\u011flayan yerel y\u00f6netmelikler kadar uluslararas\u0131 standartlarda bulunmaktad\u0131r. \u00d6zellikle sa\u011fl\u0131k turizmine odaklanm\u0131\u015f hastaneler ba\u015fta olmak \u00fczere uluslararas\u0131 akreditasyon almak isteyen t\u00fcm hastanelerin bu standartlara uygun in\u015fa edilmi\u015f olmas\u0131 \u00f6nem arz etmektedir. \u00dclkemizde hastane projelerinde kullan\u0131lmak \u00fczere bakanl\u0131\u011f\u0131m\u0131z taraf\u0131ndan yay\u0131nlanm\u0131\u015f bir Asgari Tasar\u0131m Standartlar\u0131 K\u0131lavuzu yer almaktad\u0131r. Bu \u00e7al\u0131\u015fma yeterli ... Devam\u0131n\u0131 oku...\" \/>\n<meta property=\"og:url\" content=\"https:\/\/hastanemimari.com\/index.php\/kutuphane\/standartlar\/\" \/>\n<meta property=\"og:site_name\" content=\"Hastane Mimar\u0131\" \/>\n<meta property=\"article:publisher\" content=\"https:\/\/www.facebook.com\/sogomimarlik\" \/>\n<meta property=\"article:modified_time\" content=\"2022-11-17T12:19:03+00:00\" \/>\n<meta name=\"twitter:card\" content=\"summary_large_image\" \/>\n<meta name=\"twitter:label1\" content=\"Tahmini okuma s\u00fcresi\" \/>\n\t<meta name=\"twitter:data1\" content=\"3 dakika\" \/>\n<script type=\"application\/ld+json\" class=\"yoast-schema-graph\">{\"@context\":\"https:\/\/schema.org\",\"@graph\":[{\"@type\":\"WebPage\",\"@id\":\"https:\/\/hastanemimari.com\/index.php\/kutuphane\/standartlar\/\",\"url\":\"https:\/\/hastanemimari.com\/index.php\/kutuphane\/standartlar\/\",\"name\":\"Standartlar - Hastane Mimar\u0131\",\"isPartOf\":{\"@id\":\"https:\/\/hastanemimari.com\/#website\"},\"datePublished\":\"2022-11-15T14:42:50+00:00\",\"dateModified\":\"2022-11-17T12:19:03+00:00\",\"breadcrumb\":{\"@id\":\"https:\/\/hastanemimari.com\/index.php\/kutuphane\/standartlar\/#breadcrumb\"},\"inLanguage\":\"tr\",\"potentialAction\":[{\"@type\":\"ReadAction\",\"target\":[\"https:\/\/hastanemimari.com\/index.php\/kutuphane\/standartlar\/\"]}]},{\"@type\":\"BreadcrumbList\",\"@id\":\"https:\/\/hastanemimari.com\/index.php\/kutuphane\/standartlar\/#breadcrumb\",\"itemListElement\":[{\"@type\":\"ListItem\",\"position\":1,\"name\":\"Hastane Mimar\u0131\",\"item\":\"https:\/\/hastanemimari.com\/\"},{\"@type\":\"ListItem\",\"position\":2,\"name\":\"K\u00fct\u00fcphane\",\"item\":\"https:\/\/hastanemimari.com\/index.php\/kutuphane\/\"},{\"@type\":\"ListItem\",\"position\":3,\"name\":\"Standartlar\"}]},{\"@type\":\"WebSite\",\"@id\":\"https:\/\/hastanemimari.com\/#website\",\"url\":\"https:\/\/hastanemimari.com\/\",\"name\":\"Hastane Mimar\u0131\",\"description\":\"Hastane projeleri hakk\u0131nda her\u015fey\",\"publisher\":{\"@id\":\"https:\/\/hastanemimari.com\/#\/schema\/person\/d8e7b0b159e8315eacaf999c545ddf94\"},\"potentialAction\":[{\"@type\":\"SearchAction\",\"target\":{\"@type\":\"EntryPoint\",\"urlTemplate\":\"https:\/\/hastanemimari.com\/?s={search_term_string}\"},\"query-input\":\"required name=search_term_string\"}],\"inLanguage\":\"tr\"},{\"@type\":[\"Person\",\"Organization\"],\"@id\":\"https:\/\/hastanemimari.com\/#\/schema\/person\/d8e7b0b159e8315eacaf999c545ddf94\",\"name\":\"admin\",\"image\":{\"@type\":\"ImageObject\",\"inLanguage\":\"tr\",\"@id\":\"https:\/\/hastanemimari.com\/#\/schema\/person\/image\/\",\"url\":\"https:\/\/hastanemimari.com\/wp-content\/uploads\/2022\/11\/cropped-Beyaz-Zarif-Isim-Bas-Harfli-Logo-1-e1668897993455.png\",\"contentUrl\":\"https:\/\/hastanemimari.com\/wp-content\/uploads\/2022\/11\/cropped-Beyaz-Zarif-Isim-Bas-Harfli-Logo-1-e1668897993455.png\",\"width\":200,\"height\":77,\"caption\":\"admin\"},\"logo\":{\"@id\":\"https:\/\/hastanemimari.com\/#\/schema\/person\/image\/\"},\"sameAs\":[\"https:\/\/hastanemimari.com\",\"https:\/\/www.facebook.com\/sogomimarlik\",\"https:\/\/www.instagram.com\/sogomimarlik\/\",\"https:\/\/www.linkedin.com\/company\/sogo-mimarlik\"]}]}<\/script>\n<!-- \/ Yoast SEO plugin. -->","yoast_head_json":{"title":"Standartlar - Hastane Mimar\u0131","robots":{"index":"index","follow":"follow","max-snippet":"max-snippet:-1","max-image-preview":"max-image-preview:large","max-video-preview":"max-video-preview:-1"},"canonical":"https:\/\/hastanemimari.com\/index.php\/kutuphane\/standartlar\/","og_locale":"tr_TR","og_type":"article","og_title":"Standartlar - Hastane Mimar\u0131","og_description":"Hastane projeleri konusunda teknik kadrolar olarak bizi ba\u011flayan yerel y\u00f6netmelikler kadar uluslararas\u0131 standartlarda bulunmaktad\u0131r. \u00d6zellikle sa\u011fl\u0131k turizmine odaklanm\u0131\u015f hastaneler ba\u015fta olmak \u00fczere uluslararas\u0131 akreditasyon almak isteyen t\u00fcm hastanelerin bu standartlara uygun in\u015fa edilmi\u015f olmas\u0131 \u00f6nem arz etmektedir. \u00dclkemizde hastane projelerinde kullan\u0131lmak \u00fczere bakanl\u0131\u011f\u0131m\u0131z taraf\u0131ndan yay\u0131nlanm\u0131\u015f bir Asgari Tasar\u0131m Standartlar\u0131 K\u0131lavuzu yer almaktad\u0131r. Bu \u00e7al\u0131\u015fma yeterli ... Devam\u0131n\u0131 oku...","og_url":"https:\/\/hastanemimari.com\/index.php\/kutuphane\/standartlar\/","og_site_name":"Hastane Mimar\u0131","article_publisher":"https:\/\/www.facebook.com\/sogomimarlik","article_modified_time":"2022-11-17T12:19:03+00:00","twitter_card":"summary_large_image","twitter_misc":{"Tahmini okuma s\u00fcresi":"3 dakika"},"schema":{"@context":"https:\/\/schema.org","@graph":[{"@type":"WebPage","@id":"https:\/\/hastanemimari.com\/index.php\/kutuphane\/standartlar\/","url":"https:\/\/hastanemimari.com\/index.php\/kutuphane\/standartlar\/","name":"Standartlar - Hastane Mimar\u0131","isPartOf":{"@id":"https:\/\/hastanemimari.com\/#website"},"datePublished":"2022-11-15T14:42:50+00:00","dateModified":"2022-11-17T12:19:03+00:00","breadcrumb":{"@id":"https:\/\/hastanemimari.com\/index.php\/kutuphane\/standartlar\/#breadcrumb"},"inLanguage":"tr","potentialAction":[{"@type":"ReadAction","target":["https:\/\/hastanemimari.com\/index.php\/kutuphane\/standartlar\/"]}]},{"@type":"BreadcrumbList","@id":"https:\/\/hastanemimari.com\/index.php\/kutuphane\/standartlar\/#breadcrumb","itemListElement":[{"@type":"ListItem","position":1,"name":"Hastane Mimar\u0131","item":"https:\/\/hastanemimari.com\/"},{"@type":"ListItem","position":2,"name":"K\u00fct\u00fcphane","item":"https:\/\/hastanemimari.com\/index.php\/kutuphane\/"},{"@type":"ListItem","position":3,"name":"Standartlar"}]},{"@type":"WebSite","@id":"https:\/\/hastanemimari.com\/#website","url":"https:\/\/hastanemimari.com\/","name":"Hastane Mimar\u0131","description":"Hastane projeleri hakk\u0131nda her\u015fey","publisher":{"@id":"https:\/\/hastanemimari.com\/#\/schema\/person\/d8e7b0b159e8315eacaf999c545ddf94"},"potentialAction":[{"@type":"SearchAction","target":{"@type":"EntryPoint","urlTemplate":"https:\/\/hastanemimari.com\/?s={search_term_string}"},"query-input":"required name=search_term_string"}],"inLanguage":"tr"},{"@type":["Person","Organization"],"@id":"https:\/\/hastanemimari.com\/#\/schema\/person\/d8e7b0b159e8315eacaf999c545ddf94","name":"admin","image":{"@type":"ImageObject","inLanguage":"tr","@id":"https:\/\/hastanemimari.com\/#\/schema\/person\/image\/","url":"https:\/\/hastanemimari.com\/wp-content\/uploads\/2022\/11\/cropped-Beyaz-Zarif-Isim-Bas-Harfli-Logo-1-e1668897993455.png","contentUrl":"https:\/\/hastanemimari.com\/wp-content\/uploads\/2022\/11\/cropped-Beyaz-Zarif-Isim-Bas-Harfli-Logo-1-e1668897993455.png","width":200,"height":77,"caption":"admin"},"logo":{"@id":"https:\/\/hastanemimari.com\/#\/schema\/person\/image\/"},"sameAs":["https:\/\/hastanemimari.com","https:\/\/www.facebook.com\/sogomimarlik","https:\/\/www.instagram.com\/sogomimarlik\/","https:\/\/www.linkedin.com\/company\/sogo-mimarlik"]}]}},"_links":{"self":[{"href":"https:\/\/hastanemimari.com\/index.php\/wp-json\/wp\/v2\/pages\/26","targetHints":{"allow":["GET"]}}],"collection":[{"href":"https:\/\/hastanemimari.com\/index.php\/wp-json\/wp\/v2\/pages"}],"about":[{"href":"https:\/\/hastanemimari.com\/index.php\/wp-json\/wp\/v2\/types\/page"}],"author":[{"embeddable":true,"href":"https:\/\/hastanemimari.com\/index.php\/wp-json\/wp\/v2\/users\/1"}],"replies":[{"embeddable":true,"href":"https:\/\/hastanemimari.com\/index.php\/wp-json\/wp\/v2\/comments?post=26"}],"version-history":[{"count":3,"href":"https:\/\/hastanemimari.com\/index.php\/wp-json\/wp\/v2\/pages\/26\/revisions"}],"predecessor-version":[{"id":120,"href":"https:\/\/hastanemimari.com\/index.php\/wp-json\/wp\/v2\/pages\/26\/revisions\/120"}],"up":[{"embeddable":true,"href":"https:\/\/hastanemimari.com\/index.php\/wp-json\/wp\/v2\/pages\/30"}],"wp:attachment":[{"href":"https:\/\/hastanemimari.com\/index.php\/wp-json\/wp\/v2\/media?parent=26"}],"curies":[{"name":"wp","href":"https:\/\/api.w.org\/{rel}","templated":true}]}}