{"id":241,"date":"2022-11-18T03:31:02","date_gmt":"2022-11-18T00:31:02","guid":{"rendered":"https:\/\/hastanemimari.com\/?page_id=241"},"modified":"2022-11-18T03:39:51","modified_gmt":"2022-11-18T00:39:51","slug":"tek-kisilik-negatif-basincli-izolasyon-odasi","status":"publish","type":"page","link":"https:\/\/hastanemimari.com\/index.php\/planlama\/standart-hastane-bilesenleri\/tek-kisilik-negatif-basincli-izolasyon-odasi\/","title":{"rendered":"Tek Ki\u015filik Negatif Bas\u0131n\u00e7l\u0131 \u0130zolasyon Odas\u0131"},"content":{"rendered":"<div class=\"wp-block-image\">\n<figure class=\"aligncenter size-full\"><img loading=\"lazy\" decoding=\"async\" width=\"722\" height=\"665\" src=\"https:\/\/hastanemimari.com\/wp-content\/uploads\/2022\/11\/negatif_basinci_izolasyon_alani.png\" alt=\"\" class=\"wp-image-239\" srcset=\"https:\/\/hastanemimari.com\/wp-content\/uploads\/2022\/11\/negatif_basinci_izolasyon_alani.png 722w, https:\/\/hastanemimari.com\/wp-content\/uploads\/2022\/11\/negatif_basinci_izolasyon_alani-300x276.png 300w\" sizes=\"auto, (max-width: 722px) 100vw, 722px\" \/><figcaption class=\"wp-element-caption\">Detayl\u0131 \u00c7izimler  ve oda standartlar\u0131 hakk\u0131nda daha fazla bilgi i\u00e7in <a href=\"https:\/\/hastanemimari.com\/index.php\/iletisim\/\">bana ula\u015fabilirsiniz ><\/a><\/figcaption><\/figure>\n<\/div>\n\n\n<pre class=\"wp-block-preformatted\">Bilinen bula\u015f\u0131c\u0131 durumlar\u0131 olan hastalar\u0131 izole etmek i\u00e7in kullan\u0131labilen tek ki\u015filik hasta odas\u0131 i\u00e7in do\u011fal \u0131\u015f\u0131k esast\u0131r. Hasta g\u00f6r\u00fcn\u00fcrl\u00fc\u011f\u00fc i\u00e7in odan\u0131n \u00f6n\u00fc ve kap\u0131lar\u0131n\u0131n camla kaplanmas\u0131 \u00f6nerilir. \n\nDahili bir personel el y\u0131kama lavabosu, en-suite tuvalet ve du\u015f tesislerine do\u011frudan eri\u015fim, hava bas\u0131nc\u0131n\u0131 korumak i\u00e7in bir Antre veya Hava Kilidi gerektirecektir. \n\nTavan zemini ve ge\u00e7i\u015fler dahil t\u00fcm \u00e7evre duvarlar\u0131 s\u0131k\u0131ca izole edilmelidir. \u00c7\u0131k\u0131\u015f kap\u0131lar\u0131nda otomatik olmal\u0131d\u0131r. Aerosollerin muhafaza edilmesini sa\u011flamak i\u00e7in koridor bas\u0131nc\u0131, biti\u015fik alanlardan en az 10 Pa bas\u0131nc\u0131 daha y\u00fcksek olmal\u0131d\u0131r. \nAkustik: Akustik mahremiyet gereklidir.\nV\u00fccut Korumal\u0131 elektrik alan\u0131 gereklidir.<\/pre>\n","protected":false},"excerpt":{"rendered":"<p>Bilinen bula\u015f\u0131c\u0131 durumlar\u0131 olan hastalar\u0131 izole etmek i\u00e7in kullan\u0131labilen tek ki\u015filik hasta odas\u0131 i\u00e7in do\u011fal \u0131\u015f\u0131k esast\u0131r. Hasta g\u00f6r\u00fcn\u00fcrl\u00fc\u011f\u00fc i\u00e7in odan\u0131n \u00f6n\u00fc ve kap\u0131lar\u0131n\u0131n camla kaplanmas\u0131 \u00f6nerilir. Dahili bir personel el y\u0131kama lavabosu, en-suite tuvalet ve du\u015f tesislerine do\u011frudan eri\u015fim, hava bas\u0131nc\u0131n\u0131 korumak i\u00e7in bir Antre veya Hava Kilidi gerektirecektir. Tavan zemini ve ge\u00e7i\u015fler dahil &#8230; <a title=\"Tek Ki\u015filik Negatif Bas\u0131n\u00e7l\u0131 \u0130zolasyon Odas\u0131\" class=\"read-more\" href=\"https:\/\/hastanemimari.com\/index.php\/planlama\/standart-hastane-bilesenleri\/tek-kisilik-negatif-basincli-izolasyon-odasi\/\" aria-label=\"More on Tek Ki\u015filik Negatif Bas\u0131n\u00e7l\u0131 \u0130zolasyon Odas\u0131\">Devam\u0131n\u0131 oku&#8230;<\/a><\/p>\n","protected":false},"author":1,"featured_media":0,"parent":205,"menu_order":0,"comment_status":"closed","ping_status":"closed","template":"","meta":{"footnotes":""},"class_list":["post-241","page","type-page","status-publish"],"yoast_head":"<!-- This site is optimized with the Yoast SEO plugin v19.10 - https:\/\/yoast.com\/wordpress\/plugins\/seo\/ -->\n<title>Tek Ki\u015filik Negatif Bas\u0131n\u00e7l\u0131 \u0130zolasyon Odas\u0131 - Hastane Mimar\u0131<\/title>\n<meta name=\"robots\" content=\"index, follow, max-snippet:-1, max-image-preview:large, max-video-preview:-1\" \/>\n<link rel=\"canonical\" href=\"https:\/\/hastanemimari.com\/index.php\/planlama\/standart-hastane-bilesenleri\/tek-kisilik-negatif-basincli-izolasyon-odasi\/\" \/>\n<meta property=\"og:locale\" content=\"tr_TR\" \/>\n<meta property=\"og:type\" content=\"article\" \/>\n<meta property=\"og:title\" content=\"Tek Ki\u015filik Negatif Bas\u0131n\u00e7l\u0131 \u0130zolasyon Odas\u0131 - Hastane Mimar\u0131\" \/>\n<meta property=\"og:description\" content=\"Bilinen bula\u015f\u0131c\u0131 durumlar\u0131 olan hastalar\u0131 izole etmek i\u00e7in kullan\u0131labilen tek ki\u015filik hasta odas\u0131 i\u00e7in do\u011fal \u0131\u015f\u0131k esast\u0131r. Hasta g\u00f6r\u00fcn\u00fcrl\u00fc\u011f\u00fc i\u00e7in odan\u0131n \u00f6n\u00fc ve kap\u0131lar\u0131n\u0131n camla kaplanmas\u0131 \u00f6nerilir. Dahili bir personel el y\u0131kama lavabosu, en-suite tuvalet ve du\u015f tesislerine do\u011frudan eri\u015fim, hava bas\u0131nc\u0131n\u0131 korumak i\u00e7in bir Antre veya Hava Kilidi gerektirecektir. Tavan zemini ve ge\u00e7i\u015fler dahil ... Devam\u0131n\u0131 oku...\" \/>\n<meta property=\"og:url\" content=\"https:\/\/hastanemimari.com\/index.php\/planlama\/standart-hastane-bilesenleri\/tek-kisilik-negatif-basincli-izolasyon-odasi\/\" \/>\n<meta property=\"og:site_name\" content=\"Hastane Mimar\u0131\" \/>\n<meta property=\"article:publisher\" content=\"https:\/\/www.facebook.com\/sogomimarlik\" \/>\n<meta property=\"article:modified_time\" content=\"2022-11-18T00:39:51+00:00\" \/>\n<meta property=\"og:image\" content=\"https:\/\/hastanemimari.com\/wp-content\/uploads\/2022\/11\/negatif_basinci_izolasyon_alani.png\" \/>\n<meta name=\"twitter:card\" content=\"summary_large_image\" \/>\n<meta name=\"twitter:label1\" content=\"Tahmini okuma s\u00fcresi\" \/>\n\t<meta name=\"twitter:data1\" content=\"1 dakika\" \/>\n<script type=\"application\/ld+json\" class=\"yoast-schema-graph\">{\"@context\":\"https:\/\/schema.org\",\"@graph\":[{\"@type\":\"WebPage\",\"@id\":\"https:\/\/hastanemimari.com\/index.php\/planlama\/standart-hastane-bilesenleri\/tek-kisilik-negatif-basincli-izolasyon-odasi\/\",\"url\":\"https:\/\/hastanemimari.com\/index.php\/planlama\/standart-hastane-bilesenleri\/tek-kisilik-negatif-basincli-izolasyon-odasi\/\",\"name\":\"Tek Ki\u015filik Negatif Bas\u0131n\u00e7l\u0131 \u0130zolasyon Odas\u0131 - Hastane Mimar\u0131\",\"isPartOf\":{\"@id\":\"https:\/\/hastanemimari.com\/#website\"},\"datePublished\":\"2022-11-18T00:31:02+00:00\",\"dateModified\":\"2022-11-18T00:39:51+00:00\",\"breadcrumb\":{\"@id\":\"https:\/\/hastanemimari.com\/index.php\/planlama\/standart-hastane-bilesenleri\/tek-kisilik-negatif-basincli-izolasyon-odasi\/#breadcrumb\"},\"inLanguage\":\"tr\",\"potentialAction\":[{\"@type\":\"ReadAction\",\"target\":[\"https:\/\/hastanemimari.com\/index.php\/planlama\/standart-hastane-bilesenleri\/tek-kisilik-negatif-basincli-izolasyon-odasi\/\"]}]},{\"@type\":\"BreadcrumbList\",\"@id\":\"https:\/\/hastanemimari.com\/index.php\/planlama\/standart-hastane-bilesenleri\/tek-kisilik-negatif-basincli-izolasyon-odasi\/#breadcrumb\",\"itemListElement\":[{\"@type\":\"ListItem\",\"position\":1,\"name\":\"Hastane Mimar\u0131\",\"item\":\"https:\/\/hastanemimari.com\/\"},{\"@type\":\"ListItem\",\"position\":2,\"name\":\"Planlama\",\"item\":\"https:\/\/hastanemimari.com\/index.php\/planlama\/\"},{\"@type\":\"ListItem\",\"position\":3,\"name\":\"Standart Hastane Bile\u015fenleri\",\"item\":\"https:\/\/hastanemimari.com\/index.php\/planlama\/standart-hastane-bilesenleri\/\"},{\"@type\":\"ListItem\",\"position\":4,\"name\":\"Tek Ki\u015filik Negatif Bas\u0131n\u00e7l\u0131 \u0130zolasyon Odas\u0131\"}]},{\"@type\":\"WebSite\",\"@id\":\"https:\/\/hastanemimari.com\/#website\",\"url\":\"https:\/\/hastanemimari.com\/\",\"name\":\"Hastane Mimar\u0131\",\"description\":\"Hastane projeleri hakk\u0131nda her\u015fey\",\"publisher\":{\"@id\":\"https:\/\/hastanemimari.com\/#\/schema\/person\/d8e7b0b159e8315eacaf999c545ddf94\"},\"potentialAction\":[{\"@type\":\"SearchAction\",\"target\":{\"@type\":\"EntryPoint\",\"urlTemplate\":\"https:\/\/hastanemimari.com\/?s={search_term_string}\"},\"query-input\":\"required name=search_term_string\"}],\"inLanguage\":\"tr\"},{\"@type\":[\"Person\",\"Organization\"],\"@id\":\"https:\/\/hastanemimari.com\/#\/schema\/person\/d8e7b0b159e8315eacaf999c545ddf94\",\"name\":\"admin\",\"image\":{\"@type\":\"ImageObject\",\"inLanguage\":\"tr\",\"@id\":\"https:\/\/hastanemimari.com\/#\/schema\/person\/image\/\",\"url\":\"https:\/\/hastanemimari.com\/wp-content\/uploads\/2022\/11\/cropped-Beyaz-Zarif-Isim-Bas-Harfli-Logo-1-e1668897993455.png\",\"contentUrl\":\"https:\/\/hastanemimari.com\/wp-content\/uploads\/2022\/11\/cropped-Beyaz-Zarif-Isim-Bas-Harfli-Logo-1-e1668897993455.png\",\"width\":200,\"height\":77,\"caption\":\"admin\"},\"logo\":{\"@id\":\"https:\/\/hastanemimari.com\/#\/schema\/person\/image\/\"},\"sameAs\":[\"https:\/\/hastanemimari.com\",\"https:\/\/www.facebook.com\/sogomimarlik\",\"https:\/\/www.instagram.com\/sogomimarlik\/\",\"https:\/\/www.linkedin.com\/company\/sogo-mimarlik\"]}]}<\/script>\n<!-- \/ Yoast SEO plugin. -->","yoast_head_json":{"title":"Tek Ki\u015filik Negatif Bas\u0131n\u00e7l\u0131 \u0130zolasyon Odas\u0131 - Hastane Mimar\u0131","robots":{"index":"index","follow":"follow","max-snippet":"max-snippet:-1","max-image-preview":"max-image-preview:large","max-video-preview":"max-video-preview:-1"},"canonical":"https:\/\/hastanemimari.com\/index.php\/planlama\/standart-hastane-bilesenleri\/tek-kisilik-negatif-basincli-izolasyon-odasi\/","og_locale":"tr_TR","og_type":"article","og_title":"Tek Ki\u015filik Negatif Bas\u0131n\u00e7l\u0131 \u0130zolasyon Odas\u0131 - Hastane Mimar\u0131","og_description":"Bilinen bula\u015f\u0131c\u0131 durumlar\u0131 olan hastalar\u0131 izole etmek i\u00e7in kullan\u0131labilen tek ki\u015filik hasta odas\u0131 i\u00e7in do\u011fal \u0131\u015f\u0131k esast\u0131r. Hasta g\u00f6r\u00fcn\u00fcrl\u00fc\u011f\u00fc i\u00e7in odan\u0131n \u00f6n\u00fc ve kap\u0131lar\u0131n\u0131n camla kaplanmas\u0131 \u00f6nerilir. Dahili bir personel el y\u0131kama lavabosu, en-suite tuvalet ve du\u015f tesislerine do\u011frudan eri\u015fim, hava bas\u0131nc\u0131n\u0131 korumak i\u00e7in bir Antre veya Hava Kilidi gerektirecektir. Tavan zemini ve ge\u00e7i\u015fler dahil ... Devam\u0131n\u0131 oku...","og_url":"https:\/\/hastanemimari.com\/index.php\/planlama\/standart-hastane-bilesenleri\/tek-kisilik-negatif-basincli-izolasyon-odasi\/","og_site_name":"Hastane Mimar\u0131","article_publisher":"https:\/\/www.facebook.com\/sogomimarlik","article_modified_time":"2022-11-18T00:39:51+00:00","og_image":[{"url":"https:\/\/hastanemimari.com\/wp-content\/uploads\/2022\/11\/negatif_basinci_izolasyon_alani.png"}],"twitter_card":"summary_large_image","twitter_misc":{"Tahmini okuma s\u00fcresi":"1 dakika"},"schema":{"@context":"https:\/\/schema.org","@graph":[{"@type":"WebPage","@id":"https:\/\/hastanemimari.com\/index.php\/planlama\/standart-hastane-bilesenleri\/tek-kisilik-negatif-basincli-izolasyon-odasi\/","url":"https:\/\/hastanemimari.com\/index.php\/planlama\/standart-hastane-bilesenleri\/tek-kisilik-negatif-basincli-izolasyon-odasi\/","name":"Tek Ki\u015filik Negatif Bas\u0131n\u00e7l\u0131 \u0130zolasyon Odas\u0131 - Hastane Mimar\u0131","isPartOf":{"@id":"https:\/\/hastanemimari.com\/#website"},"datePublished":"2022-11-18T00:31:02+00:00","dateModified":"2022-11-18T00:39:51+00:00","breadcrumb":{"@id":"https:\/\/hastanemimari.com\/index.php\/planlama\/standart-hastane-bilesenleri\/tek-kisilik-negatif-basincli-izolasyon-odasi\/#breadcrumb"},"inLanguage":"tr","potentialAction":[{"@type":"ReadAction","target":["https:\/\/hastanemimari.com\/index.php\/planlama\/standart-hastane-bilesenleri\/tek-kisilik-negatif-basincli-izolasyon-odasi\/"]}]},{"@type":"BreadcrumbList","@id":"https:\/\/hastanemimari.com\/index.php\/planlama\/standart-hastane-bilesenleri\/tek-kisilik-negatif-basincli-izolasyon-odasi\/#breadcrumb","itemListElement":[{"@type":"ListItem","position":1,"name":"Hastane Mimar\u0131","item":"https:\/\/hastanemimari.com\/"},{"@type":"ListItem","position":2,"name":"Planlama","item":"https:\/\/hastanemimari.com\/index.php\/planlama\/"},{"@type":"ListItem","position":3,"name":"Standart Hastane Bile\u015fenleri","item":"https:\/\/hastanemimari.com\/index.php\/planlama\/standart-hastane-bilesenleri\/"},{"@type":"ListItem","position":4,"name":"Tek Ki\u015filik Negatif Bas\u0131n\u00e7l\u0131 \u0130zolasyon Odas\u0131"}]},{"@type":"WebSite","@id":"https:\/\/hastanemimari.com\/#website","url":"https:\/\/hastanemimari.com\/","name":"Hastane Mimar\u0131","description":"Hastane projeleri hakk\u0131nda her\u015fey","publisher":{"@id":"https:\/\/hastanemimari.com\/#\/schema\/person\/d8e7b0b159e8315eacaf999c545ddf94"},"potentialAction":[{"@type":"SearchAction","target":{"@type":"EntryPoint","urlTemplate":"https:\/\/hastanemimari.com\/?s={search_term_string}"},"query-input":"required name=search_term_string"}],"inLanguage":"tr"},{"@type":["Person","Organization"],"@id":"https:\/\/hastanemimari.com\/#\/schema\/person\/d8e7b0b159e8315eacaf999c545ddf94","name":"admin","image":{"@type":"ImageObject","inLanguage":"tr","@id":"https:\/\/hastanemimari.com\/#\/schema\/person\/image\/","url":"https:\/\/hastanemimari.com\/wp-content\/uploads\/2022\/11\/cropped-Beyaz-Zarif-Isim-Bas-Harfli-Logo-1-e1668897993455.png","contentUrl":"https:\/\/hastanemimari.com\/wp-content\/uploads\/2022\/11\/cropped-Beyaz-Zarif-Isim-Bas-Harfli-Logo-1-e1668897993455.png","width":200,"height":77,"caption":"admin"},"logo":{"@id":"https:\/\/hastanemimari.com\/#\/schema\/person\/image\/"},"sameAs":["https:\/\/hastanemimari.com","https:\/\/www.facebook.com\/sogomimarlik","https:\/\/www.instagram.com\/sogomimarlik\/","https:\/\/www.linkedin.com\/company\/sogo-mimarlik"]}]}},"_links":{"self":[{"href":"https:\/\/hastanemimari.com\/index.php\/wp-json\/wp\/v2\/pages\/241","targetHints":{"allow":["GET"]}}],"collection":[{"href":"https:\/\/hastanemimari.com\/index.php\/wp-json\/wp\/v2\/pages"}],"about":[{"href":"https:\/\/hastanemimari.com\/index.php\/wp-json\/wp\/v2\/types\/page"}],"author":[{"embeddable":true,"href":"https:\/\/hastanemimari.com\/index.php\/wp-json\/wp\/v2\/users\/1"}],"replies":[{"embeddable":true,"href":"https:\/\/hastanemimari.com\/index.php\/wp-json\/wp\/v2\/comments?post=241"}],"version-history":[{"count":3,"href":"https:\/\/hastanemimari.com\/index.php\/wp-json\/wp\/v2\/pages\/241\/revisions"}],"predecessor-version":[{"id":248,"href":"https:\/\/hastanemimari.com\/index.php\/wp-json\/wp\/v2\/pages\/241\/revisions\/248"}],"up":[{"embeddable":true,"href":"https:\/\/hastanemimari.com\/index.php\/wp-json\/wp\/v2\/pages\/205"}],"wp:attachment":[{"href":"https:\/\/hastanemimari.com\/index.php\/wp-json\/wp\/v2\/media?parent=241"}],"curies":[{"name":"wp","href":"https:\/\/api.w.org\/{rel}","templated":true}]}}