{"id":22,"date":"2022-11-15T17:42:09","date_gmt":"2022-11-15T14:42:09","guid":{"rendered":"https:\/\/hastanemimari.com\/?page_id=22"},"modified":"2022-11-20T00:22:02","modified_gmt":"2022-11-19T21:22:02","slug":"planlama","status":"publish","type":"page","link":"https:\/\/hastanemimari.com\/index.php\/planlama\/","title":{"rendered":"Planlama"},"content":{"rendered":"\n<pre class=\"wp-block-preformatted\">Bu b\u00f6l\u00fcmde sa\u011fl\u0131k yap\u0131lar\u0131n\u0131n t\u00fcrlerine h\u0131zl\u0131ca vak\u0131f olduktan sonra  yurt i\u00e7inde ve yurt d\u0131\u015f\u0131nda hangi standart ve y\u00f6netmeliklere uymam\u0131z gerekti\u011fi konusuna de\u011finece\u011fiz. <br>Devam\u0131nda kapasite planlama \u00fczerinde duraca\u011f\u0131z. <\/pre>\n\n\n\n<pre class=\"wp-block-preformatted\">Sa\u011fl\u0131k yap\u0131lar\u0131 tam bir uzmanl\u0131k gerektiren ve y\u00f6netmeli\u011finden t\u00fcrlerine kadar olduk\u00e7a karma\u015f\u0131k bilgileri y\u00f6netmeniz gereken bir aland\u0131r. Yurt i\u00e7inde hastane yapmak ile yurt d\u0131\u015f\u0131nda bir \u00fclkede hastane yapmak aras\u0131nda da uyulacak standartlar ve tasar\u0131m kriterleri a\u00e7\u0131s\u0131ndan ciddi farklar bulunabilmektedir.<\/pre>\n\n\n\n<pre class=\"wp-block-preformatted\">Bu sebeple yeterli yasa ve y\u00f6netmelik ile yerel standartlar\u0131 olu\u015fmam\u0131\u015f olan bir\u00e7ok \u00fclke ba\u015fta Amerikan standartlar\u0131 olmak \u00fczere yabanc\u0131 kaynaklara y\u00f6nelmektedir.\n\nSa\u011fl\u0131k yap\u0131lar\u0131 t\u00fcrlerini farkl\u0131 parametrelere g\u00f6re inceleyelim;<\/pre>\n\n\n\n<div class=\"wp-block-group\"><div class=\"wp-block-group__inner-container is-layout-constrained wp-block-group-is-layout-constrained\">\n<h3><strong>1. Sa\u011fl\u0131k Yap\u0131lar\u0131n\u0131n S\u0131n\u0131fland\u0131r\u0131lmas\u0131<\/strong><\/h3>\n<p><strong>Sa\u011fl\u0131k yap\u0131lar\u0131n\u0131 yatak say\u0131lar\u0131na g\u00f6re 3 a\u015famada s\u0131n\u0131fland\u0131rmaktay\u0131z.<\/strong><br \/>a. K\u00fc\u00e7\u00fck Hastaneler (100 yatak say\u0131s\u0131na kadar olanlar)<br \/>b. Orta \u00d6l\u00e7ekli Hastaneler (100 -300 yatak say\u0131s\u0131 aral\u0131\u011f\u0131)<br \/>c. B\u00fcy\u00fck Hastaneler (300&#8217;den fazla yatak say\u0131s\u0131na sahip olanlar)<br \/><strong><br \/>Sa\u011fl\u0131k yap\u0131lar\u0131 m\u00fclkiyet t\u00fcrlerine g\u00f6re ise 2 ana ba\u015fl\u0131kta topluyoruz.<\/strong><br \/>a. Kamu Hastaneleri (Sa\u011fl\u0131k Bakanl\u0131\u011f\u0131, \u00dcniversiteler, Milli Savunma Bakanl\u0131\u011f\u0131, Belediyeler)<br \/>b. \u00d6zel Hastaneler (\u00d6zel Ki\u015fi ve Kurulu\u015flar, Dernek ve Vak\u0131flar, Yabanc\u0131lar, Az\u0131nl\u0131klar)<\/p>\n<p><strong>Sa\u011fl\u0131k yap\u0131lar\u0131 i\u015flevlerine g\u00f6re 5 gruba ayr\u0131lmaktad\u0131r.<\/strong><br \/><strong>a. \u0130l\u00e7e-Belde Hastaneleri:<\/strong> B\u00fcnyesinde 112 hizmetleri, acil, do\u011fum,ayaktan ve yatarak t\u0131bbi m\u00fcdahale, muayene ve tedavi hizmetleri ile koruyucu sa\u011fl\u0131k hizmetlerini b\u00fct\u00fcnle\u015ftiren, g\u00f6rev yapan tabiplerin hasta kabul ve tedavi etti\u011fi, ileri tetkik ve tedavi gerektiren durumlarda hastalar\u0131n stabilize edilerek uygun bir \u015fekilde sevkinin sa\u011fland\u0131\u011f\u0131 sa\u011fl\u0131k kurumlar\u0131d\u0131r.<br \/><strong>b. G\u00fcn Hastaneleri : <\/strong>Birden fazla bran\u015fta, g\u00fcn\u00fcbirlik ayakta muayene, te\u015fhis, tedavi ve t\u0131bbi bak\u0131m hizmetleri verilen asgari 5 g\u00f6zlem yata\u011f\u0131 ile 24 saat sa\u011fl\u0131k hizmeti sunan bir hastane b\u00fcnyesinde veya bir hastane ile koordineli olmak kayd\u0131yla kurulan sa\u011fl\u0131k kurumlar\u0131d\u0131r.<br \/><strong>c. Genel Hastaneler :<\/strong>Her t\u00fcrl\u00fc acil vak\u2019a ile ya\u015f ve cinsiyet fark\u0131 g\u00f6zetmeksizin, b\u00fcnyesinde mevcut uzmanl\u0131k dallar\u0131yla ilgili hastalar\u0131n kabul edildi\u011fi ve ayaktan ve yatarak hasta muayene ve tedavilerinin yap\u0131ld\u0131\u011f\u0131 en az 50 yatakl\u0131 sa\u011fl\u0131k kurumlar\u0131d\u0131r.<br \/><strong>d. \u00d6zel Dal Hastaneleri :<\/strong>Belirli bir ya\u015f ve cins grubu hastalar veya belirli bir hastal\u0131\u011fa tutulanlar\u0131n, yahut bir organ veya organ grubu hastalar\u0131n\u0131n m\u00fc\u015fahede, muayene, te\u015fhis, tedavi ve rehabilitasyonlar\u0131n\u0131n yap\u0131ld\u0131\u011f\u0131 sa\u011fl\u0131k kurumlar\u0131d\u0131r.<br \/><strong>e.E\u011fitim-Ara\u015ft\u0131rma Hastaneleri:<\/strong> \u00d6\u011fretim, e\u011fitim ve ara\u015ft\u0131rma yap\u0131lan uzman ve yan dal uzmanlar\u0131n yeti\u015ftirildi\u011fi genel ve \u00f6zel dal sa\u011fl\u0131k kurumlar\u0131d\u0131r.<br \/>Yatakl\u0131 tedavi kurumlar\u0131ndaki poliklinik hizmetlerine halk\u0131n kolay ula\u015fabilmesi, hastane polikliniklerindeki y\u0131\u011f\u0131lmalar\u0131n \u00f6nlenmesi amac\u0131yla hastanelere ba\u011fl\u0131 olarak semt poliklinikleri kurulabilir. Semt polikliniklerinin a\u00e7\u0131lmas\u0131, hizmetin verili\u015f \u015fekli, poliklinik ve acil servis hizmetlerinin \u00e7al\u0131\u015fma usul<br \/>ve esaslar\u0131 ile burada g\u00f6revli personelin, g\u00f6rev, yetki ve sorumluluklar\u0131na dair usul ve esaslar Sa\u011fl\u0131k Bakanl\u0131\u011f\u0131nca \u00e7\u0131kar\u0131lacak bir Y\u00f6nerge ile belirlenir.<\/p>\n<p><span style=\"color: #ff0000;\"><strong>Sa\u011fl\u0131k Bakanl\u0131\u011f\u0131 Kaynaklar\u0131na g\u00f6re Sa\u011fl\u0131k Tesisleri T\u00fcrleri 3 basama\u011fa ayr\u0131\u015fm\u0131\u015f olup a\u015fa\u011f\u0131daki gibidir.<\/strong><\/span><\/p>\n<p class=\"Metin\"><b>Birinci basamak sa\u011fl\u0131k tesisleri<br \/><\/b><b>MADDE 5 \u2013<\/b>\u00a0<br \/>Birinci basamak sa\u011fl\u0131k tesisleri, ilgili mevzuat\u0131nda tan\u0131mlanan, hastalar\u0131n ayakta te\u015fhis ve tedavilerinin yap\u0131ld\u0131\u011f\u0131 sa\u011fl\u0131k tesisleridir.<br \/>Birinci basamak sa\u011fl\u0131k tesisleri \u015funlard\u0131r:<\/p>\n<p>a) B\u00fcnyesinde birinci basamak sa\u011fl\u0131k tesisi bulunan il\u00e7e sa\u011fl\u0131k m\u00fcd\u00fcrl\u00fc\u011f\u00fc.<br \/>b) Toplum sa\u011fl\u0131\u011f\u0131 merkezi (TSM).<br \/>c) Aile sa\u011fl\u0131\u011f\u0131 merkezi (ASM).<br \/>\u00e7) Entegre il\u00e7e devlet hastanesi (E2 ve E3).<br \/>d) Halk sa\u011fl\u0131\u011f\u0131 laboratuvar\u0131 (L1ve L2).<br \/>e) Kurum tabipli\u011fi.<br \/>f) Poliklinik.<br \/>g) Mediko-sosyal birimleri.<br \/>\u011f) T\u00fcrk Silahl\u0131 Kuvvetleri b\u00fcnyesindeki sa\u011fl\u0131k te\u015fkilleri.<\/p>\n<p>**Birinci basamak sa\u011fl\u0131k tesislerinin faaliyet izin belgelerine;<br \/>a) \u00c7ocuk, ergen, kad\u0131n ve \u00fcreme sa\u011fl\u0131\u011f\u0131 (\u00c7EK\u00dcS) birimi,<br \/>b) Enfeksiyon kontrol birimi,<br \/>c) Entegre sa\u011fl\u0131k hizmeti birimi,<br \/>\u00e7) Evde sa\u011fl\u0131k hizmeti birimi,<br \/>d) Kanser erken te\u015fhis, tarama ve e\u011fitim merkezi (KETEM),<br \/>e) S\u0131tma sava\u015f dispanseri (SSD),<br \/>f) Verem sava\u015f\u0131 dispanseri (VSD),<br \/>g) Sa\u011fl\u0131kl\u0131 hayat merkezi (SHM),<br \/>\u011f) G\u00f6\u00e7men sa\u011fl\u0131\u011f\u0131 merkezi,<br \/>h) \u0130\u015f sa\u011fl\u0131\u011f\u0131 ve g\u00fcvenli\u011fi birimi (\u0130SG),<br \/>\u0131) Yetkilendirilmi\u015f aile hekimli\u011fi birimi,<br \/>i) Sa\u011fl\u0131k evi,<br \/>j) \u0130lgili mevzuat kapsam\u0131nda a\u00e7\u0131lacak benzer birimler\u00a0 ba\u011fl\u0131 birim olarak eklenir.<\/p>\n<p class=\"Metin\"><b>\u0130kinci basamak sa\u011fl\u0131k tesisleri<\/b><\/p>\n<p class=\"Metin\"><b>MADDE 6 \u2013<\/b>\u00a0<br \/>\u0130kinci basamak sa\u011fl\u0131k tesisleri, ilgili mevzuat\u0131nda tan\u0131mlanan ayakta ve\/veya yatarak te\u015fhis, tedavi ve rehabilitasyon hizmetlerinin verildi\u011fi sa\u011fl\u0131k tesisleridir.<br \/>\u0130kinci basamak sa\u011fl\u0131k tesisleri \u015funlard\u0131r:<br \/>a) Genel hastane.<br \/>b) Dal hastanesi.<br \/>c) Entegre il\u00e7e hastanesi (E1).<br \/>\u00e7) A\u011f\u0131z ve di\u015f sa\u011fl\u0131\u011f\u0131 hastanesi (ADSH).<br \/>d) A\u011f\u0131z ve di\u015f sa\u011fl\u0131\u011f\u0131 merkezi (ADSM).<br \/>e) T\u0131p merkezi.<\/p>\n<p>**\u0130kinci basamak sa\u011fl\u0131k tesislerinin faaliyet izin belgelerine;<br \/>a) Toplum ruh sa\u011fl\u0131\u011f\u0131 merkezi (TRSM),<br \/>b) Geleneksel ve tamamlay\u0131c\u0131 t\u0131p uygulama birimi (GETAT),<br \/>c) Obezite merkezi,<br \/>\u00e7) \u00dcremeye yard\u0131mc\u0131 tedavi merkezi (\u00dcYTE),<br \/>d) Diyaliz merkezi,<br \/>e) Genetik hastal\u0131klar tan\u0131 merkezi,<br \/>f) \u00c7ocuk izlem merkezi (\u00c7\u0130M),<br \/>g) Alkol ve madde ba\u011f\u0131ml\u0131l\u0131\u011f\u0131 tedavi ve e\u011fitim merkezi (AMATEM),<br \/>\u011f) \u00c7ocuk ergen madde ba\u011f\u0131ml\u0131l\u0131\u011f\u0131 tedavi merkezi (\u00c7EMATEM),<br \/>h) Gebe okulu,<br \/>\u0131) Farkl\u0131 adreslerde hizmet sunulan semt poliklinikleri,<br \/>i) Ek hizmet binalar\u0131,<br \/>j) \u0130lgili mevzuat kapsam\u0131nda a\u00e7\u0131lacak benzer birimler ba\u011fl\u0131 birim olarak eklenir.<\/p>\n<p class=\"Metin\"><b>\u00dc\u00e7\u00fcnc\u00fc basamak sa\u011fl\u0131k tesisleri<\/b><\/p>\n<p class=\"Metin\">\u00dc\u00e7\u00fcnc\u00fc basamak sa\u011fl\u0131k tesisleri, ilgili mevzuat\u0131nda tan\u0131mlanan, ileri tetkik ve \u00f6zel tedavi gerektiren hastal\u0131klar i\u00e7in y\u00fcksek teknoloji i\u00e7eren ve\/veya e\u011fitim ve ara\u015ft\u0131rma hizmetlerinin verilebilece\u011fi alt yap\u0131ya sahip sa\u011fl\u0131k tesisleridir.<br \/>\u00dc\u00e7\u00fcnc\u00fc basamak sa\u011fl\u0131k tesisleri \u015funlard\u0131r:<br \/>a) 3A grubu \u00fc\u00e7\u00fcnc\u00fc basamak hastaneler (ileri d\u00fczey hastaneler).<br \/>b) 3B grubu \u00fc\u00e7\u00fcnc\u00fc basamak hastaneler.<br \/>c) E\u011fitim ve ara\u015ft\u0131rma hastanesi.<br \/>\u00e7) Dal e\u011fitim ve ara\u015ft\u0131rma hastanesi.<br \/>d) A\u011f\u0131z ve di\u015f sa\u011fl\u0131\u011f\u0131 e\u011fitim ve ara\u015ft\u0131rma hastanesi.<br \/>e) \u00dcniversite hastanesi.<br \/>f) \u00dcniversite dal hastanesi.<br \/>g) \u00dcniversite a\u011f\u0131z ve di\u015f sa\u011fl\u0131\u011f\u0131 hastanesi.<br \/>\u011f) \u00dcniversite enstit\u00fcs\u00fc hastanesi.<br \/>h) \u00dcniversite a\u011f\u0131z ve di\u015f sa\u011fl\u0131\u011f\u0131 merkezi.<\/p>\n<p>** \u00dc\u00e7\u00fcnc\u00fc basamak sa\u011fl\u0131k tesislerinin faaliyet izin belgelerine;<br \/>a) Toplum ruh sa\u011fl\u0131\u011f\u0131 merkezi (TRSM),<br \/>b) Geleneksel ve tamamlay\u0131c\u0131 t\u0131p uygulama merkezi (GETAT),<br \/>c) Obezite merkezi,<br \/>\u00e7) \u00dcremeye yard\u0131mc\u0131 tedavi merkezi (\u00dcYTE),<br \/>d) Diyaliz merkezi,<br \/>e) Genetik hastal\u0131klar tan\u0131 merkezi,<br \/>f) \u00c7ocuk izlem merkezi (\u00c7\u0130M),<br \/>g) Alkol ve madde ba\u011f\u0131ml\u0131l\u0131\u011f\u0131 tedavi ve e\u011fitim merkezi (AMATEM),<br \/>\u011f) \u00c7ocuk ergen madde ba\u011f\u0131ml\u0131l\u0131\u011f\u0131 tedavi merkezi (\u00c7EMATEM),<br \/>h) Gebe okulu,<br \/>\u0131) Farkl\u0131 adreslerde hizmet sunulan semt poliklinikleri,<br \/>i) Ek hizmet binalar\u0131,<br \/>j) \u0130lgili mevzuat kapsam\u0131nda a\u00e7\u0131lacak benzer birimler\u00a0 ba\u011fl\u0131 birim olarak eklenir.<\/p>\n<\/div><\/div>\n\n\n\n<h3 class=\"wp-block-heading\">2. Hastane Fizibilite \u00c7al\u0131\u015fmas\u0131<\/h3>\n\n\n\n<p>Bir Hastane Fizibilite \u00c7al\u0131\u015fmas\u0131, Hastaneye hasta ak\u0131\u015f\u0131n\u0131n kaynaklar\u0131n\u0131 bulman\u0131n en iyi yoludur.&nbsp;Fizibilite \u00c7al\u0131\u015fmas\u0131, Projenin hem Pazar hem de Mali Analizini i\u00e7erir ve yeni bir hastane veya mevcut bir hastanede yeni bir tesis kurarken veya mevcut hastaneyi geni\u015fletirken dikkate al\u0131nmas\u0131 gereken \u00f6nemli bir husustur.<\/p>\n\n\n\n<p><strong>Bir Sa\u011fl\u0131k Tesisi i\u00e7in Pazar Fizibilite \u00c7al\u0131\u015fmas\u0131 ger\u00e7ekle\u015ftirmenin amac\u0131<\/strong><\/p>\n\n\n\n<ul class=\"wp-block-list\">\n<li>Hastanenin t\u00fcr\u00fcn\u00fcn uygunlu\u011fu<\/li>\n\n\n\n<li>\u00d6nerilen tesis lokasyonunun uygunlu\u011funun de\u011ferlendirilmesi<\/li>\n\n\n\n<li>\u0130lgili komumda hastane  taraf\u0131ndan sa\u011flanacak do\u011fru sa\u011fl\u0131k hizmetlerinin belirlenmesi<\/li>\n\n\n\n<li>B\u00f6lgedeki  \u00d6zel Sa\u011fl\u0131k Hizmetlerindeki kritik bo\u015fluklar\u0131n ara\u015ft\u0131r\u0131lmas\u0131 olup ilerleyen a\u015famalarda revizyon oran\u0131n\u0131n d\u00fc\u015fmesi ve ba\u015far\u0131l\u0131 bir i\u015fletme i\u00e7in \u00e7ok \u00f6nemlidir.<\/li>\n<\/ul>\n\n\n\n<p><\/p>\n","protected":false},"excerpt":{"rendered":"<p>Bu b\u00f6l\u00fcmde sa\u011fl\u0131k yap\u0131lar\u0131n\u0131n t\u00fcrlerine h\u0131zl\u0131ca vak\u0131f olduktan sonra yurt i\u00e7inde ve yurt d\u0131\u015f\u0131nda hangi standart ve y\u00f6netmeliklere uymam\u0131z gerekti\u011fi konusuna de\u011finece\u011fiz. Devam\u0131nda kapasite planlama \u00fczerinde duraca\u011f\u0131z. Sa\u011fl\u0131k yap\u0131lar\u0131 tam bir uzmanl\u0131k gerektiren ve y\u00f6netmeli\u011finden t\u00fcrlerine kadar olduk\u00e7a karma\u015f\u0131k bilgileri y\u00f6netmeniz gereken bir aland\u0131r. Yurt i\u00e7inde hastane yapmak ile yurt d\u0131\u015f\u0131nda bir \u00fclkede hastane yapmak &#8230; <a title=\"Planlama\" class=\"read-more\" href=\"https:\/\/hastanemimari.com\/index.php\/planlama\/\" aria-label=\"More on Planlama\">Devam\u0131n\u0131 oku&#8230;<\/a><\/p>\n","protected":false},"author":1,"featured_media":0,"parent":0,"menu_order":0,"comment_status":"closed","ping_status":"closed","template":"","meta":{"footnotes":""},"class_list":["post-22","page","type-page","status-publish"],"yoast_head":"<!-- This site is optimized with the Yoast SEO plugin v19.10 - https:\/\/yoast.com\/wordpress\/plugins\/seo\/ -->\n<title>Planlama - Hastane Mimar\u0131<\/title>\n<meta name=\"robots\" content=\"index, follow, max-snippet:-1, max-image-preview:large, max-video-preview:-1\" \/>\n<link rel=\"canonical\" href=\"https:\/\/hastanemimari.com\/index.php\/planlama\/\" \/>\n<meta property=\"og:locale\" content=\"tr_TR\" \/>\n<meta property=\"og:type\" content=\"article\" \/>\n<meta property=\"og:title\" content=\"Planlama - Hastane Mimar\u0131\" \/>\n<meta property=\"og:description\" content=\"Bu b\u00f6l\u00fcmde sa\u011fl\u0131k yap\u0131lar\u0131n\u0131n t\u00fcrlerine h\u0131zl\u0131ca vak\u0131f olduktan sonra yurt i\u00e7inde ve yurt d\u0131\u015f\u0131nda hangi standart ve y\u00f6netmeliklere uymam\u0131z gerekti\u011fi konusuna de\u011finece\u011fiz. Devam\u0131nda kapasite planlama \u00fczerinde duraca\u011f\u0131z. Sa\u011fl\u0131k yap\u0131lar\u0131 tam bir uzmanl\u0131k gerektiren ve y\u00f6netmeli\u011finden t\u00fcrlerine kadar olduk\u00e7a karma\u015f\u0131k bilgileri y\u00f6netmeniz gereken bir aland\u0131r. Yurt i\u00e7inde hastane yapmak ile yurt d\u0131\u015f\u0131nda bir \u00fclkede hastane yapmak ... Devam\u0131n\u0131 oku...\" \/>\n<meta property=\"og:url\" content=\"https:\/\/hastanemimari.com\/index.php\/planlama\/\" \/>\n<meta property=\"og:site_name\" content=\"Hastane Mimar\u0131\" \/>\n<meta property=\"article:publisher\" content=\"https:\/\/www.facebook.com\/sogomimarlik\" \/>\n<meta property=\"article:modified_time\" content=\"2022-11-19T21:22:02+00:00\" \/>\n<meta name=\"twitter:card\" content=\"summary_large_image\" \/>\n<meta name=\"twitter:label1\" content=\"Tahmini okuma s\u00fcresi\" \/>\n\t<meta name=\"twitter:data1\" content=\"6 dakika\" \/>\n<script type=\"application\/ld+json\" class=\"yoast-schema-graph\">{\"@context\":\"https:\/\/schema.org\",\"@graph\":[{\"@type\":\"WebPage\",\"@id\":\"https:\/\/hastanemimari.com\/index.php\/planlama\/\",\"url\":\"https:\/\/hastanemimari.com\/index.php\/planlama\/\",\"name\":\"Planlama - Hastane Mimar\u0131\",\"isPartOf\":{\"@id\":\"https:\/\/hastanemimari.com\/#website\"},\"datePublished\":\"2022-11-15T14:42:09+00:00\",\"dateModified\":\"2022-11-19T21:22:02+00:00\",\"breadcrumb\":{\"@id\":\"https:\/\/hastanemimari.com\/index.php\/planlama\/#breadcrumb\"},\"inLanguage\":\"tr\",\"potentialAction\":[{\"@type\":\"ReadAction\",\"target\":[\"https:\/\/hastanemimari.com\/index.php\/planlama\/\"]}]},{\"@type\":\"BreadcrumbList\",\"@id\":\"https:\/\/hastanemimari.com\/index.php\/planlama\/#breadcrumb\",\"itemListElement\":[{\"@type\":\"ListItem\",\"position\":1,\"name\":\"Hastane Mimar\u0131\",\"item\":\"https:\/\/hastanemimari.com\/\"},{\"@type\":\"ListItem\",\"position\":2,\"name\":\"Planlama\"}]},{\"@type\":\"WebSite\",\"@id\":\"https:\/\/hastanemimari.com\/#website\",\"url\":\"https:\/\/hastanemimari.com\/\",\"name\":\"Hastane Mimar\u0131\",\"description\":\"Hastane projeleri hakk\u0131nda her\u015fey\",\"publisher\":{\"@id\":\"https:\/\/hastanemimari.com\/#\/schema\/person\/d8e7b0b159e8315eacaf999c545ddf94\"},\"potentialAction\":[{\"@type\":\"SearchAction\",\"target\":{\"@type\":\"EntryPoint\",\"urlTemplate\":\"https:\/\/hastanemimari.com\/?s={search_term_string}\"},\"query-input\":\"required name=search_term_string\"}],\"inLanguage\":\"tr\"},{\"@type\":[\"Person\",\"Organization\"],\"@id\":\"https:\/\/hastanemimari.com\/#\/schema\/person\/d8e7b0b159e8315eacaf999c545ddf94\",\"name\":\"admin\",\"image\":{\"@type\":\"ImageObject\",\"inLanguage\":\"tr\",\"@id\":\"https:\/\/hastanemimari.com\/#\/schema\/person\/image\/\",\"url\":\"https:\/\/hastanemimari.com\/wp-content\/uploads\/2022\/11\/cropped-Beyaz-Zarif-Isim-Bas-Harfli-Logo-1-e1668897993455.png\",\"contentUrl\":\"https:\/\/hastanemimari.com\/wp-content\/uploads\/2022\/11\/cropped-Beyaz-Zarif-Isim-Bas-Harfli-Logo-1-e1668897993455.png\",\"width\":200,\"height\":77,\"caption\":\"admin\"},\"logo\":{\"@id\":\"https:\/\/hastanemimari.com\/#\/schema\/person\/image\/\"},\"sameAs\":[\"https:\/\/hastanemimari.com\",\"https:\/\/www.facebook.com\/sogomimarlik\",\"https:\/\/www.instagram.com\/sogomimarlik\/\",\"https:\/\/www.linkedin.com\/company\/sogo-mimarlik\"]}]}<\/script>\n<!-- \/ Yoast SEO plugin. -->","yoast_head_json":{"title":"Planlama - Hastane Mimar\u0131","robots":{"index":"index","follow":"follow","max-snippet":"max-snippet:-1","max-image-preview":"max-image-preview:large","max-video-preview":"max-video-preview:-1"},"canonical":"https:\/\/hastanemimari.com\/index.php\/planlama\/","og_locale":"tr_TR","og_type":"article","og_title":"Planlama - Hastane Mimar\u0131","og_description":"Bu b\u00f6l\u00fcmde sa\u011fl\u0131k yap\u0131lar\u0131n\u0131n t\u00fcrlerine h\u0131zl\u0131ca vak\u0131f olduktan sonra yurt i\u00e7inde ve yurt d\u0131\u015f\u0131nda hangi standart ve y\u00f6netmeliklere uymam\u0131z gerekti\u011fi konusuna de\u011finece\u011fiz. Devam\u0131nda kapasite planlama \u00fczerinde duraca\u011f\u0131z. Sa\u011fl\u0131k yap\u0131lar\u0131 tam bir uzmanl\u0131k gerektiren ve y\u00f6netmeli\u011finden t\u00fcrlerine kadar olduk\u00e7a karma\u015f\u0131k bilgileri y\u00f6netmeniz gereken bir aland\u0131r. Yurt i\u00e7inde hastane yapmak ile yurt d\u0131\u015f\u0131nda bir \u00fclkede hastane yapmak ... Devam\u0131n\u0131 oku...","og_url":"https:\/\/hastanemimari.com\/index.php\/planlama\/","og_site_name":"Hastane Mimar\u0131","article_publisher":"https:\/\/www.facebook.com\/sogomimarlik","article_modified_time":"2022-11-19T21:22:02+00:00","twitter_card":"summary_large_image","twitter_misc":{"Tahmini okuma s\u00fcresi":"6 dakika"},"schema":{"@context":"https:\/\/schema.org","@graph":[{"@type":"WebPage","@id":"https:\/\/hastanemimari.com\/index.php\/planlama\/","url":"https:\/\/hastanemimari.com\/index.php\/planlama\/","name":"Planlama - Hastane Mimar\u0131","isPartOf":{"@id":"https:\/\/hastanemimari.com\/#website"},"datePublished":"2022-11-15T14:42:09+00:00","dateModified":"2022-11-19T21:22:02+00:00","breadcrumb":{"@id":"https:\/\/hastanemimari.com\/index.php\/planlama\/#breadcrumb"},"inLanguage":"tr","potentialAction":[{"@type":"ReadAction","target":["https:\/\/hastanemimari.com\/index.php\/planlama\/"]}]},{"@type":"BreadcrumbList","@id":"https:\/\/hastanemimari.com\/index.php\/planlama\/#breadcrumb","itemListElement":[{"@type":"ListItem","position":1,"name":"Hastane Mimar\u0131","item":"https:\/\/hastanemimari.com\/"},{"@type":"ListItem","position":2,"name":"Planlama"}]},{"@type":"WebSite","@id":"https:\/\/hastanemimari.com\/#website","url":"https:\/\/hastanemimari.com\/","name":"Hastane Mimar\u0131","description":"Hastane projeleri hakk\u0131nda her\u015fey","publisher":{"@id":"https:\/\/hastanemimari.com\/#\/schema\/person\/d8e7b0b159e8315eacaf999c545ddf94"},"potentialAction":[{"@type":"SearchAction","target":{"@type":"EntryPoint","urlTemplate":"https:\/\/hastanemimari.com\/?s={search_term_string}"},"query-input":"required name=search_term_string"}],"inLanguage":"tr"},{"@type":["Person","Organization"],"@id":"https:\/\/hastanemimari.com\/#\/schema\/person\/d8e7b0b159e8315eacaf999c545ddf94","name":"admin","image":{"@type":"ImageObject","inLanguage":"tr","@id":"https:\/\/hastanemimari.com\/#\/schema\/person\/image\/","url":"https:\/\/hastanemimari.com\/wp-content\/uploads\/2022\/11\/cropped-Beyaz-Zarif-Isim-Bas-Harfli-Logo-1-e1668897993455.png","contentUrl":"https:\/\/hastanemimari.com\/wp-content\/uploads\/2022\/11\/cropped-Beyaz-Zarif-Isim-Bas-Harfli-Logo-1-e1668897993455.png","width":200,"height":77,"caption":"admin"},"logo":{"@id":"https:\/\/hastanemimari.com\/#\/schema\/person\/image\/"},"sameAs":["https:\/\/hastanemimari.com","https:\/\/www.facebook.com\/sogomimarlik","https:\/\/www.instagram.com\/sogomimarlik\/","https:\/\/www.linkedin.com\/company\/sogo-mimarlik"]}]}},"_links":{"self":[{"href":"https:\/\/hastanemimari.com\/index.php\/wp-json\/wp\/v2\/pages\/22","targetHints":{"allow":["GET"]}}],"collection":[{"href":"https:\/\/hastanemimari.com\/index.php\/wp-json\/wp\/v2\/pages"}],"about":[{"href":"https:\/\/hastanemimari.com\/index.php\/wp-json\/wp\/v2\/types\/page"}],"author":[{"embeddable":true,"href":"https:\/\/hastanemimari.com\/index.php\/wp-json\/wp\/v2\/users\/1"}],"replies":[{"embeddable":true,"href":"https:\/\/hastanemimari.com\/index.php\/wp-json\/wp\/v2\/comments?post=22"}],"version-history":[{"count":19,"href":"https:\/\/hastanemimari.com\/index.php\/wp-json\/wp\/v2\/pages\/22\/revisions"}],"predecessor-version":[{"id":297,"href":"https:\/\/hastanemimari.com\/index.php\/wp-json\/wp\/v2\/pages\/22\/revisions\/297"}],"wp:attachment":[{"href":"https:\/\/hastanemimari.com\/index.php\/wp-json\/wp\/v2\/media?parent=22"}],"curies":[{"name":"wp","href":"https:\/\/api.w.org\/{rel}","templated":true}]}}