{"id":2,"date":"2022-11-14T23:16:17","date_gmt":"2022-11-14T20:16:17","guid":{"rendered":"https:\/\/hastanemimari.com\/?page_id=2"},"modified":"2024-05-13T03:36:25","modified_gmt":"2024-05-13T00:36:25","slug":"hastane-mimari","status":"publish","type":"page","link":"https:\/\/hastanemimari.com\/","title":{"rendered":"Hastane Mimarisi"},"content":{"rendered":"\n<p>Hastane yap\u0131lar\u0131n\u0131 m\u00fclkiyet t\u00fcr\u00fcne g\u00f6re iki  farkl\u0131 kategoride de\u011ferlendirebiliriz. Kamu hastaneleri ve \u00f6zel hastaneler. Her iki grubunda kendi i\u00e7 dinamikleri d\u0131\u015far\u0131dan okunabilir bir mimari planlama ve tasar\u0131m farklar\u0131 olu\u015fturmaktad\u0131r.<\/p>\n\n\n\n<p>\u0130ster  kamu yap\u0131s\u0131 olsun, ister \u00f6zel sekt\u00f6re ait bir yap\u0131, bu projeleri yo\u011fun programlar\u0131na ve \u00fcst seviye karma\u015f\u0131kl\u0131k yap\u0131s\u0131na ra\u011fmen en iyi \u015fekilde projelendirmek durumunday\u0131z.<\/p>\n\n\n\n<p>\u00c7o\u011funlukla i\u015fverenin   hakim olmad\u0131\u011f\u0131 bir aland\u0131r sa\u011fl\u0131k yap\u0131lar\u0131. B\u00fct\u00fcn koordinasyon y\u00fck\u00fc do\u011fal olarak mimari grubun  ve proje y\u00f6neticisi mimar\u0131n omuzlar\u0131ndad\u0131r. Bu sebeple hastane yap\u0131lar\u0131nda meslekta\u015flar\u0131m\u0131z i\u00e7in kaynak ve tecr\u00fcbe eksikli\u011fine dayal\u0131 sorunlar i\u015fin zorluk derecesini artt\u0131r\u0131r. Ben de ilk hastane projemde bu zorlu\u011fu bolca ya\u015fad\u0131m.<\/p>\n\n\n\n<p>Bu sitede hastane projelerinin planlama a\u015famas\u0131ndan ba\u015flayarak, t\u00fcm \u00f6nemli s\u00fcre\u00e7lerini ,gerekli kaynaklar\u0131 ve \u00f6rnek \u00e7izimleri payla\u015fmay\u0131 umuyorum. <\/p>\n\n\n\n<p>Site s\u00fcrekli g\u00fcncellenece\u011fi i\u00e7in takip etmenizde fayda var. Eksik oldu\u011funu d\u00fc\u015f\u00fcnd\u00fc\u011f\u00fcn\u00fcz yerler yava\u015f yava\u015f tamamlanacakt\u0131r. B\u00f6l\u00fcmleri kaynaklar\u0131m\u0131 tarayarak ve tecr\u00fcbelerimi g\u00f6zden ge\u00e7irerek olu\u015fturuyorum. Bazen geri d\u00f6n\u00fcp d\u00fczeltmeler ve g\u00fcncellemeler yap\u0131yorum.<\/p>\n\n\n\n<p>Hastane projeleri ,uygulama i\u015fleri ve dan\u0131\u015fmanl\u0131k ihtiyac\u0131n\u0131z i\u00e7in benimle irtibata ge\u00e7mek isterseniz  sol altta ileti\u015fim bilgilerim mevcut.<\/p>\n\n\n\n<p><strong>Mimar \u015eenol G\u00d6KNER <\/strong><br><\/p>\n","protected":false},"excerpt":{"rendered":"<p>Hastane yap\u0131lar\u0131n\u0131 m\u00fclkiyet t\u00fcr\u00fcne g\u00f6re iki farkl\u0131 kategoride de\u011ferlendirebiliriz. Kamu hastaneleri ve \u00f6zel hastaneler. Her iki grubunda kendi i\u00e7 dinamikleri d\u0131\u015far\u0131dan okunabilir bir mimari planlama ve tasar\u0131m farklar\u0131 olu\u015fturmaktad\u0131r. \u0130ster kamu yap\u0131s\u0131 olsun, ister \u00f6zel sekt\u00f6re ait bir yap\u0131, bu projeleri yo\u011fun programlar\u0131na ve \u00fcst seviye karma\u015f\u0131kl\u0131k yap\u0131s\u0131na ra\u011fmen en iyi \u015fekilde projelendirmek durumunday\u0131z. \u00c7o\u011funlukla &#8230; <a title=\"Hastane Mimarisi\" class=\"read-more\" href=\"https:\/\/hastanemimari.com\/\" aria-label=\"More on Hastane Mimarisi\">Devam\u0131n\u0131 oku&#8230;<\/a><\/p>\n","protected":false},"author":1,"featured_media":419,"parent":0,"menu_order":0,"comment_status":"closed","ping_status":"open","template":"","meta":{"footnotes":""},"class_list":["post-2","page","type-page","status-publish","has-post-thumbnail"],"yoast_head":"<!-- This site is optimized with the Yoast SEO plugin v19.10 - https:\/\/yoast.com\/wordpress\/plugins\/seo\/ -->\n<title>Hastane Mimarisi - Hastane Mimar\u0131<\/title>\n<meta name=\"description\" content=\"Hastane Projeleri hakk\u0131nda \u00f6nemli bilgiler, Hastane Planlama ve Projelendirme ve Proje Y\u00f6netimi konusunda dok\u00fcmanlar, hastane standartlar\u0131\" \/>\n<meta name=\"robots\" content=\"index, follow, max-snippet:-1, max-image-preview:large, max-video-preview:-1\" \/>\n<link rel=\"canonical\" href=\"https:\/\/hastanemimari.com\/\" \/>\n<meta property=\"og:locale\" content=\"tr_TR\" \/>\n<meta property=\"og:type\" content=\"article\" \/>\n<meta property=\"og:title\" content=\"Hastane Mimarisi - Hastane Mimar\u0131\" \/>\n<meta property=\"og:description\" content=\"Hastane Projeleri hakk\u0131nda \u00f6nemli bilgiler, Hastane Planlama ve Projelendirme ve Proje Y\u00f6netimi konusunda dok\u00fcmanlar, hastane standartlar\u0131\" \/>\n<meta property=\"og:url\" content=\"https:\/\/hastanemimari.com\/\" \/>\n<meta property=\"og:site_name\" content=\"Hastane Mimar\u0131\" \/>\n<meta property=\"article:publisher\" content=\"https:\/\/www.facebook.com\/sogomimarlik\" \/>\n<meta property=\"article:modified_time\" content=\"2024-05-13T00:36:25+00:00\" \/>\n<meta property=\"og:image\" content=\"https:\/\/hastanemimari.com\/wp-content\/uploads\/2024\/05\/HM.png\" \/>\n\t<meta property=\"og:image:width\" content=\"1209\" \/>\n\t<meta property=\"og:image:height\" content=\"585\" \/>\n\t<meta property=\"og:image:type\" content=\"image\/png\" \/>\n<meta name=\"twitter:card\" content=\"summary_large_image\" \/>\n<meta name=\"twitter:label1\" content=\"Tahmini okuma s\u00fcresi\" \/>\n\t<meta name=\"twitter:data1\" content=\"1 dakika\" \/>\n<script type=\"application\/ld+json\" class=\"yoast-schema-graph\">{\"@context\":\"https:\/\/schema.org\",\"@graph\":[{\"@type\":\"WebPage\",\"@id\":\"https:\/\/hastanemimari.com\/\",\"url\":\"https:\/\/hastanemimari.com\/\",\"name\":\"Hastane Mimarisi - Hastane Mimar\u0131\",\"isPartOf\":{\"@id\":\"https:\/\/hastanemimari.com\/#website\"},\"datePublished\":\"2022-11-14T20:16:17+00:00\",\"dateModified\":\"2024-05-13T00:36:25+00:00\",\"description\":\"Hastane Projeleri hakk\u0131nda \u00f6nemli bilgiler, Hastane Planlama ve Projelendirme ve Proje Y\u00f6netimi konusunda dok\u00fcmanlar, hastane standartlar\u0131\",\"breadcrumb\":{\"@id\":\"https:\/\/hastanemimari.com\/#breadcrumb\"},\"inLanguage\":\"tr\",\"potentialAction\":[{\"@type\":\"ReadAction\",\"target\":[\"https:\/\/hastanemimari.com\/\"]}]},{\"@type\":\"BreadcrumbList\",\"@id\":\"https:\/\/hastanemimari.com\/#breadcrumb\",\"itemListElement\":[{\"@type\":\"ListItem\",\"position\":1,\"name\":\"Hastane Mimar\u0131\",\"item\":\"https:\/\/hastanemimari.com\/\"},{\"@type\":\"ListItem\",\"position\":2,\"name\":\"Hastane Mimarisi\"}]},{\"@type\":\"WebSite\",\"@id\":\"https:\/\/hastanemimari.com\/#website\",\"url\":\"https:\/\/hastanemimari.com\/\",\"name\":\"Hastane Mimar\u0131\",\"description\":\"Hastane projeleri hakk\u0131nda her\u015fey\",\"publisher\":{\"@id\":\"https:\/\/hastanemimari.com\/#\/schema\/person\/d8e7b0b159e8315eacaf999c545ddf94\"},\"potentialAction\":[{\"@type\":\"SearchAction\",\"target\":{\"@type\":\"EntryPoint\",\"urlTemplate\":\"https:\/\/hastanemimari.com\/?s={search_term_string}\"},\"query-input\":\"required name=search_term_string\"}],\"inLanguage\":\"tr\"},{\"@type\":[\"Person\",\"Organization\"],\"@id\":\"https:\/\/hastanemimari.com\/#\/schema\/person\/d8e7b0b159e8315eacaf999c545ddf94\",\"name\":\"admin\",\"image\":{\"@type\":\"ImageObject\",\"inLanguage\":\"tr\",\"@id\":\"https:\/\/hastanemimari.com\/#\/schema\/person\/image\/\",\"url\":\"https:\/\/hastanemimari.com\/wp-content\/uploads\/2022\/11\/cropped-Beyaz-Zarif-Isim-Bas-Harfli-Logo-1-e1668897993455.png\",\"contentUrl\":\"https:\/\/hastanemimari.com\/wp-content\/uploads\/2022\/11\/cropped-Beyaz-Zarif-Isim-Bas-Harfli-Logo-1-e1668897993455.png\",\"width\":200,\"height\":77,\"caption\":\"admin\"},\"logo\":{\"@id\":\"https:\/\/hastanemimari.com\/#\/schema\/person\/image\/\"},\"sameAs\":[\"https:\/\/hastanemimari.com\",\"https:\/\/www.facebook.com\/sogomimarlik\",\"https:\/\/www.instagram.com\/sogomimarlik\/\",\"https:\/\/www.linkedin.com\/company\/sogo-mimarlik\"]}]}<\/script>\n<!-- \/ Yoast SEO plugin. -->","yoast_head_json":{"title":"Hastane Mimarisi - Hastane Mimar\u0131","description":"Hastane Projeleri hakk\u0131nda \u00f6nemli bilgiler, Hastane Planlama ve Projelendirme ve Proje Y\u00f6netimi konusunda dok\u00fcmanlar, hastane standartlar\u0131","robots":{"index":"index","follow":"follow","max-snippet":"max-snippet:-1","max-image-preview":"max-image-preview:large","max-video-preview":"max-video-preview:-1"},"canonical":"https:\/\/hastanemimari.com\/","og_locale":"tr_TR","og_type":"article","og_title":"Hastane Mimarisi - Hastane Mimar\u0131","og_description":"Hastane Projeleri hakk\u0131nda \u00f6nemli bilgiler, Hastane Planlama ve Projelendirme ve Proje Y\u00f6netimi konusunda dok\u00fcmanlar, hastane standartlar\u0131","og_url":"https:\/\/hastanemimari.com\/","og_site_name":"Hastane Mimar\u0131","article_publisher":"https:\/\/www.facebook.com\/sogomimarlik","article_modified_time":"2024-05-13T00:36:25+00:00","og_image":[{"width":1209,"height":585,"url":"https:\/\/hastanemimari.com\/wp-content\/uploads\/2024\/05\/HM.png","type":"image\/png"}],"twitter_card":"summary_large_image","twitter_misc":{"Tahmini okuma s\u00fcresi":"1 dakika"},"schema":{"@context":"https:\/\/schema.org","@graph":[{"@type":"WebPage","@id":"https:\/\/hastanemimari.com\/","url":"https:\/\/hastanemimari.com\/","name":"Hastane Mimarisi - Hastane Mimar\u0131","isPartOf":{"@id":"https:\/\/hastanemimari.com\/#website"},"datePublished":"2022-11-14T20:16:17+00:00","dateModified":"2024-05-13T00:36:25+00:00","description":"Hastane Projeleri hakk\u0131nda \u00f6nemli bilgiler, Hastane Planlama ve Projelendirme ve Proje Y\u00f6netimi konusunda dok\u00fcmanlar, hastane standartlar\u0131","breadcrumb":{"@id":"https:\/\/hastanemimari.com\/#breadcrumb"},"inLanguage":"tr","potentialAction":[{"@type":"ReadAction","target":["https:\/\/hastanemimari.com\/"]}]},{"@type":"BreadcrumbList","@id":"https:\/\/hastanemimari.com\/#breadcrumb","itemListElement":[{"@type":"ListItem","position":1,"name":"Hastane Mimar\u0131","item":"https:\/\/hastanemimari.com\/"},{"@type":"ListItem","position":2,"name":"Hastane Mimarisi"}]},{"@type":"WebSite","@id":"https:\/\/hastanemimari.com\/#website","url":"https:\/\/hastanemimari.com\/","name":"Hastane Mimar\u0131","description":"Hastane projeleri hakk\u0131nda her\u015fey","publisher":{"@id":"https:\/\/hastanemimari.com\/#\/schema\/person\/d8e7b0b159e8315eacaf999c545ddf94"},"potentialAction":[{"@type":"SearchAction","target":{"@type":"EntryPoint","urlTemplate":"https:\/\/hastanemimari.com\/?s={search_term_string}"},"query-input":"required name=search_term_string"}],"inLanguage":"tr"},{"@type":["Person","Organization"],"@id":"https:\/\/hastanemimari.com\/#\/schema\/person\/d8e7b0b159e8315eacaf999c545ddf94","name":"admin","image":{"@type":"ImageObject","inLanguage":"tr","@id":"https:\/\/hastanemimari.com\/#\/schema\/person\/image\/","url":"https:\/\/hastanemimari.com\/wp-content\/uploads\/2022\/11\/cropped-Beyaz-Zarif-Isim-Bas-Harfli-Logo-1-e1668897993455.png","contentUrl":"https:\/\/hastanemimari.com\/wp-content\/uploads\/2022\/11\/cropped-Beyaz-Zarif-Isim-Bas-Harfli-Logo-1-e1668897993455.png","width":200,"height":77,"caption":"admin"},"logo":{"@id":"https:\/\/hastanemimari.com\/#\/schema\/person\/image\/"},"sameAs":["https:\/\/hastanemimari.com","https:\/\/www.facebook.com\/sogomimarlik","https:\/\/www.instagram.com\/sogomimarlik\/","https:\/\/www.linkedin.com\/company\/sogo-mimarlik"]}]}},"_links":{"self":[{"href":"https:\/\/hastanemimari.com\/index.php\/wp-json\/wp\/v2\/pages\/2","targetHints":{"allow":["GET"]}}],"collection":[{"href":"https:\/\/hastanemimari.com\/index.php\/wp-json\/wp\/v2\/pages"}],"about":[{"href":"https:\/\/hastanemimari.com\/index.php\/wp-json\/wp\/v2\/types\/page"}],"author":[{"embeddable":true,"href":"https:\/\/hastanemimari.com\/index.php\/wp-json\/wp\/v2\/users\/1"}],"replies":[{"embeddable":true,"href":"https:\/\/hastanemimari.com\/index.php\/wp-json\/wp\/v2\/comments?post=2"}],"version-history":[{"count":12,"href":"https:\/\/hastanemimari.com\/index.php\/wp-json\/wp\/v2\/pages\/2\/revisions"}],"predecessor-version":[{"id":334,"href":"https:\/\/hastanemimari.com\/index.php\/wp-json\/wp\/v2\/pages\/2\/revisions\/334"}],"wp:featuredmedia":[{"embeddable":true,"href":"https:\/\/hastanemimari.com\/index.php\/wp-json\/wp\/v2\/media\/419"}],"wp:attachment":[{"href":"https:\/\/hastanemimari.com\/index.php\/wp-json\/wp\/v2\/media?parent=2"}],"curies":[{"name":"wp","href":"https:\/\/api.w.org\/{rel}","templated":true}]}}